{"id":7765,"date":"2025-03-08T17:12:58","date_gmt":"2025-03-08T17:12:58","guid":{"rendered":"https:\/\/bigfunhobby.com\/butikk\/gauge-h0-article-no-29828-marklin-start-up-batman-starter-set-dhg-500\/"},"modified":"2025-12-04T10:59:14","modified_gmt":"2025-12-04T08:59:14","slug":"matare-h0-art-nr-29828-marklin-start-up-batman-startset-dhg-500","status":"publish","type":"product","link":"https:\/\/bigfunhobby.com\/sv\/butikk\/gauge-h0-article-no-29828-marklin-start-up-batman-starter-set-dhg-500\/","title":{"rendered":"Sp\u00e5rvidd H0 - artikelnr 29828 M\u00e4rklin Start - \"Batman\" Startsats DHG 500"},"content":{"rendered":"<p>\u00d6ppna d\u00f6rren till en fascinerande v\u00e4rld av modellj\u00e4rnv\u00e4g med Spurweite H0 - Art.nr 29828 M\u00e4rklin Start up - 'Batman' Starter Set DHG 500. Detta set erbjuder en unik kombination av kreativitet, detaljrikedom och entusiasm f\u00f6r b\u00e5de barn och vuxna.<\/p>\n<h2 class='hdl-2 bottom-10'>H\u00f6jdpunkterna<\/h2>\n<ul class='list-style-disc'>\n<li>T\u00e5g med en unik och sp\u00e4nnande Batman-design<\/li>\n<li>Robust t\u00e5g - idealiskt utformat f\u00f6r barn \u00f6ver 6 \u00e5r och vuxna entusiaster<\/li>\n<li>Inneh\u00e5ller Batman- och Joker-figurer f\u00f6r aktiv lek<\/li>\n<li>F\u00e4ngelsebeh\u00e5llaren kan tas bort och \u00f6ppnas<\/li>\n<li>Ergonomisk Power Control Stick f\u00f6r styrning av upp till 4 lok och 5 funktioner<\/li>\n<li>Fri r\u00f6rlighet runt anl\u00e4ggningen tack vare den tr\u00e5dl\u00f6sa infrar\u00f6da styrenheten<\/li>\n<li>L\u00e4tt att s\u00e4tta upp C Track-layout<\/li>\n<\/ul>\n<p><strong>Modell:<\/strong> Loket har en mfx digitaldekoder och en specialmotor. Drivs p\u00e5 1 axel. I t\u00e5gsetet ing\u00e5r \u00e4ven en l\u00e5gbyggd vagn, en kylvagn och en containervagn i sp\u00e4nnande Batman-design. Den lyftbara containern kan tas bort fr\u00e5n vagnen och \u00f6ppnas f\u00f6r lastning. I setet ing\u00e5r \u00e4ven 2 leksaksfigurer i metall. Alla vagnar har RELEX-kopplingar. T\u00e5gl\u00e4ngden \u00e4r ca 50 cm.<\/p>\n<p>Satsen kan byggas ut med C Track-f\u00f6rl\u00e4ngningssatserna och hela C Track-programmet. V\u00e4xelmekanismen 74492 kan monteras i v\u00e4xlarna.<\/p>\n<p>Dessutom \u00e4r dieselloket 36656 och godsvagnarna 44825, 44826, 44827, 44828, 44829 och 44830 perfekta komplement till temav\u00e4rlden DC Super Heroes.<\/p>\n<p>Bli din egen j\u00e4rnv\u00e4gsingenj\u00f6r med den h\u00e4r sp\u00e4nnande och engagerande modellj\u00e4rnv\u00e4gen. Perfekt f\u00f6r b\u00e5de nyb\u00f6rjare och erfarna entusiaster. V\u00e4nta inte, dyk in i modellj\u00e4rnv\u00e4gens v\u00e4rld redan idag. <strong>K\u00f6p h\u00e4r!<\/strong><\/p>","protected":false},"excerpt":{"rendered":"<p>Utforska modellj\u00e4rnv\u00e4gens v\u00e4rld med det h\u00e4r unika \"Batman\"-startsetet fr\u00e5n M\u00e4rklin. Setet inneh\u00e5ller ett sp\u00e4nnande Batman-designat lok och tre olika vagnar, idealiskt utformade f\u00f6r barn \u00f6ver 6 \u00e5r och vuxna entusiaster.<\/p>","protected":false},"featured_media":7764,"comment_status":"open","ping_status":"closed","template":"","meta":[],"product_brand":[107],"product_cat":[72,113],"product_tag":[],"class_list":{"0":"post-7765","1":"product","2":"type-product","3":"status-publish","4":"has-post-thumbnail","6":"product_brand-marklin","7":"product_cat-marklin-h0-originalen","8":"product_cat-startersets","10":"first","11":"instock","12":"taxable","13":"shipping-taxable","14":"purchasable","15":"product-type-simple"},"_links":{"self":[{"href":"https:\/\/bigfunhobby.com\/sv\/wp-json\/wp\/v2\/product\/7765","targetHints":{"allow":["GET"]}}],"collection":[{"href":"https:\/\/bigfunhobby.com\/sv\/wp-json\/wp\/v2\/product"}],"about":[{"href":"https:\/\/bigfunhobby.com\/sv\/wp-json\/wp\/v2\/types\/product"}],"replies":[{"embeddable":true,"href":"https:\/\/bigfunhobby.com\/sv\/wp-json\/wp\/v2\/comments?post=7765"}],"wp:featuredmedia":[{"embeddable":true,"href":"https:\/\/bigfunhobby.com\/sv\/wp-json\/wp\/v2\/media\/7764"}],"wp:attachment":[{"href":"https:\/\/bigfunhobby.com\/sv\/wp-json\/wp\/v2\/media?parent=7765"}],"wp:term":[{"taxonomy":"product_brand","embeddable":true,"href":"https:\/\/bigfunhobby.com\/sv\/wp-json\/wp\/v2\/product_brand?post=7765"},{"taxonomy":"product_cat","embeddable":true,"href":"https:\/\/bigfunhobby.com\/sv\/wp-json\/wp\/v2\/product_cat?post=7765"},{"taxonomy":"product_tag","embeddable":true,"href":"https:\/\/bigfunhobby.com\/sv\/wp-json\/wp\/v2\/product_tag?post=7765"}],"curies":[{"name":"wp","href":"https:\/\/api.w.org\/{rel}","templated":true}]}}