{"id":7767,"date":"2025-03-08T17:12:59","date_gmt":"2025-03-08T17:12:59","guid":{"rendered":"https:\/\/bigfunhobby.com\/butikk\/gauge-h0-article-no-29952-marklin-start-up-auto-transport-train-starter-set-dhg-500\/"},"modified":"2025-12-04T10:59:14","modified_gmt":"2025-12-04T08:59:14","slug":"gauge-h0-article-no-29952-marklin-start-up-auto-transport-train-starter-set-dhg-500","status":"publish","type":"product","link":"https:\/\/bigfunhobby.com\/sv\/butikk\/gauge-h0-article-no-29952-marklin-start-up-auto-transport-train-starter-set-dhg-500\/","title":{"rendered":"Gauge H0 &#8211; Article No. 29952 M\u00e4rklin Start up \u2013 Auto Transport Train Starter Set DHG 500 |"},"content":{"rendered":"<p>Oppdag gleden ved modelljernbanebygging med Gauge H0 &#8211; Article No. 29952 M\u00e4rklin Start up &#8211; Auto Transport Train Starter Set DHG 500. Dette komplette byggesettet er perfekt b\u00e5de for nybegynnere og erfarne entusiaster.<\/p>\n<h2 class='hdl-2 bottom-10'>H\u00f6jdpunkterna<\/h2>\n<ul class='list-style-disc'>\n<li>En Henschel DHG 500 diesellokomotiv i unikt racingfargeskjema, utstyrt med fungerende lys.<\/li>\n<li>To niv\u00e5er autotransportvogner lastet med fire Porsche-biler. De \u00f8vre plattformene kan tippes for enkel lasting av bilene.<\/li>\n<li>Alle n\u00f8dvendige tilbeh\u00f8r er inkludert, noe som gj\u00f8r dette til et \u201cAlt i ett\u201d-sett.<\/li>\n<\/ul>\n<p class='long-text'>Modellen kommer med en rekke spennende funksjoner. Lysfunksjonen og den digitale dekoderen p\u00e5 lokomotivet gir deg muligheten til \u00e5 kontrollere det digitalt. Lokomotivet har en drivende aksel og trekkdekk for optimal trekkraft. Med trippel frontlys som endrer retning etter kj\u00f8reretningen, og et advarselslys p\u00e5 f\u00f8rerhusets tak, er detaljniv\u00e5et p\u00e5 dette settet imponerende. En lasterampe er ogs\u00e5 inkludert for enkel lasting av bilene fra veien til autotransportvognene p\u00e5 sporene.<\/p>\n<p class='long-text'>Innholdet i settet inkluderer 12 seksjoner med 24130 buet spor, 1 seksjon med 24188 rett spor, 1 Base Station, 4 seksjoner med 24172 rett spor, 1 seksjon med 24224 buet spor, 1 stk 24611 venstresving, og en lasterampe. En brytermodus str\u00f8mforsyning er inkludert, samt en ergonomisk Power Control Stick for kontroll av opptil 4 lokomotiver samt 5 funksjoner. Dette settet kan utvides med C Track-utvidelsessettene og hele C Track-sortimentet. Den elektriske mekanismen 74492 kan installeres i svingene.<\/p>\n<div class='text-addition top-15m'>\n<p>Vurder \u00e5 legge til 44952 autotransportvogn for \u00e5 utvide dette settet.<\/p>\n<\/div>\n<p class='long-text'>Dette er det perfekte byggesettet for alle som elsker modelljernbane og modellbygging. Enten du er en erfaren entusiast eller en nybegynner, vil du finne stor glede i \u00e5 sette sammen og leke med dette settet. Ta steget inn i modelljernbanens verden i dag &#8211; bestill ditt M\u00e4rklin Start up &#8211; Auto Transport Train Starter Set DHG 500 n\u00e5!<\/p>","protected":false},"excerpt":{"rendered":"<p>Komplett byggesett for modelljernbane entusiaster, inkludert en Henschel DHG 500 diesellokomotiv, to autotransportvogner lastet med Porsche-biler og alle n\u00f8dvendige tilbeh\u00f8r.<\/p>","protected":false},"featured_media":7766,"comment_status":"open","ping_status":"closed","template":"","meta":[],"product_brand":[107],"product_cat":[72,113],"product_tag":[],"class_list":{"0":"post-7767","1":"product","2":"type-product","3":"status-publish","4":"has-post-thumbnail","6":"product_brand-marklin","7":"product_cat-marklin-h0-originalen","8":"product_cat-startersets","10":"first","11":"instock","12":"taxable","13":"shipping-taxable","14":"purchasable","15":"product-type-simple"},"_links":{"self":[{"href":"https:\/\/bigfunhobby.com\/sv\/wp-json\/wp\/v2\/product\/7767","targetHints":{"allow":["GET"]}}],"collection":[{"href":"https:\/\/bigfunhobby.com\/sv\/wp-json\/wp\/v2\/product"}],"about":[{"href":"https:\/\/bigfunhobby.com\/sv\/wp-json\/wp\/v2\/types\/product"}],"replies":[{"embeddable":true,"href":"https:\/\/bigfunhobby.com\/sv\/wp-json\/wp\/v2\/comments?post=7767"}],"wp:featuredmedia":[{"embeddable":true,"href":"https:\/\/bigfunhobby.com\/sv\/wp-json\/wp\/v2\/media\/7766"}],"wp:attachment":[{"href":"https:\/\/bigfunhobby.com\/sv\/wp-json\/wp\/v2\/media?parent=7767"}],"wp:term":[{"taxonomy":"product_brand","embeddable":true,"href":"https:\/\/bigfunhobby.com\/sv\/wp-json\/wp\/v2\/product_brand?post=7767"},{"taxonomy":"product_cat","embeddable":true,"href":"https:\/\/bigfunhobby.com\/sv\/wp-json\/wp\/v2\/product_cat?post=7767"},{"taxonomy":"product_tag","embeddable":true,"href":"https:\/\/bigfunhobby.com\/sv\/wp-json\/wp\/v2\/product_tag?post=7767"}],"curies":[{"name":"wp","href":"https:\/\/api.w.org\/{rel}","templated":true}]}}