{"id":7771,"date":"2025-03-08T17:13:00","date_gmt":"2025-03-08T17:13:00","guid":{"rendered":"https:\/\/bigfunhobby.com\/butikk\/gauge-h0-article-no-36244-class-24-steam-locomotive-with-a-tender\/"},"modified":"2025-12-04T10:59:14","modified_gmt":"2025-12-04T08:59:14","slug":"sparvidd-h0-art-nr-36244-anglok-klass-24-med-tender","status":"publish","type":"product","link":"https:\/\/bigfunhobby.com\/sv\/butikk\/gauge-h0-article-no-36244-class-24-steam-locomotive-with-a-tender\/","title":{"rendered":"Sp\u00e5rvidd H0 - Artikel nr 36244 \u00c5nglok klass 24 med tender"},"content":{"rendered":"<p>Utforska modellj\u00e4rnv\u00e4garnas v\u00e4rld med den h\u00e4r detaljerade skalmodellen av \u00e5ngloket Class 24. Den h\u00e4r skalmodellen \u00e4r perfekt f\u00f6r b\u00e5de nyb\u00f6rjare och erfarna modellentusiaster och ger en autentisk modellj\u00e4rnv\u00e4gsupplevelse.<\/p>\n<p><strong>Specifikationer:<\/strong> Modellen levereras med en digital mfx-dekoder och en rad olika ljudfunktioner. Den har ocks\u00e5 en specialmotor i pannan och tre av axlarna \u00e4r drivna. L\u00e4ngden \u00f6ver buffertar \u00e4r 19,4 cm.<\/p>\n<p><strong>Material:<\/strong> Pannan \u00e4r tillverkad av metall, vilket ger modellen ett autentiskt utseende. Modellen levereras ocks\u00e5 med en fabriksmonterad r\u00f6kenhet, som bidrar till en \u00e4nnu mer realistisk modellupplevelse.<\/p>\n<p><strong>Historia:<\/strong> Detta \u00e4r en modell av tyska Bundesbahn (DB) klass 24 \u00e5nglok med tender, som det s\u00e5g ut runt 1957. Det \u00e4r ett lok i standardutf\u00f6rande med Wagner r\u00f6kavvisare.<\/p>\n<p>Den h\u00e4r modellen \u00e4r ett perfekt komplement till alla modellj\u00e4rnv\u00e4gar eller en bra start f\u00f6r dig som \u00e4r nyb\u00f6rjare inom modellbygge. Den ger en detaljerad och realistisk upplevelse, med omfattande funktioner som \u00f6kar gl\u00e4djen i modellbyggandet.<\/p>\n<p>\u00c5terskapa historien och l\u00e4gg till en autentisk touch i din modellj\u00e4rnv\u00e4gssamling med detta \u00e5nglok av klass 24. Tveka inte, best\u00e4ll din modell idag och b\u00f6rja bygga!<\/p>","protected":false},"excerpt":{"rendered":"<p>Denna modellj\u00e4rnv\u00e4g av \u00e5ngloket av klass 24 med tender \u00e4r en detaljerad skalmodell som \u00e4r perfekt f\u00f6r b\u00e5de nyb\u00f6rjare och erfarna entusiaster. Den levereras med en rad olika ljudfunktioner och en fabriksinstallerad r\u00f6kenhet f\u00f6r en autentisk modellupplevelse.<\/p>","protected":false},"featured_media":7770,"comment_status":"open","ping_status":"closed","template":"","meta":[],"product_brand":[107],"product_cat":[114,72],"product_tag":[],"class_list":{"0":"post-7771","1":"product","2":"type-product","3":"status-publish","4":"has-post-thumbnail","6":"product_brand-marklin","7":"product_cat-locomotives","8":"product_cat-marklin-h0-originalen","10":"first","11":"outofstock","12":"taxable","13":"shipping-taxable","14":"purchasable","15":"product-type-simple"},"_links":{"self":[{"href":"https:\/\/bigfunhobby.com\/sv\/wp-json\/wp\/v2\/product\/7771","targetHints":{"allow":["GET"]}}],"collection":[{"href":"https:\/\/bigfunhobby.com\/sv\/wp-json\/wp\/v2\/product"}],"about":[{"href":"https:\/\/bigfunhobby.com\/sv\/wp-json\/wp\/v2\/types\/product"}],"replies":[{"embeddable":true,"href":"https:\/\/bigfunhobby.com\/sv\/wp-json\/wp\/v2\/comments?post=7771"}],"wp:featuredmedia":[{"embeddable":true,"href":"https:\/\/bigfunhobby.com\/sv\/wp-json\/wp\/v2\/media\/7770"}],"wp:attachment":[{"href":"https:\/\/bigfunhobby.com\/sv\/wp-json\/wp\/v2\/media?parent=7771"}],"wp:term":[{"taxonomy":"product_brand","embeddable":true,"href":"https:\/\/bigfunhobby.com\/sv\/wp-json\/wp\/v2\/product_brand?post=7771"},{"taxonomy":"product_cat","embeddable":true,"href":"https:\/\/bigfunhobby.com\/sv\/wp-json\/wp\/v2\/product_cat?post=7771"},{"taxonomy":"product_tag","embeddable":true,"href":"https:\/\/bigfunhobby.com\/sv\/wp-json\/wp\/v2\/product_tag?post=7771"}],"curies":[{"name":"wp","href":"https:\/\/api.w.org\/{rel}","templated":true}]}}