{"id":7775,"date":"2025-03-08T17:13:01","date_gmt":"2025-03-08T17:13:01","guid":{"rendered":"https:\/\/bigfunhobby.com\/butikk\/gauge-h0-article-no-36501-dhg-500-diesel-locomotive\/"},"modified":"2025-12-04T10:59:14","modified_gmt":"2025-12-04T08:59:14","slug":"sparvidd-h0-art-nr-36501-dhg-500-diesellokomotiv","status":"publish","type":"product","link":"https:\/\/bigfunhobby.com\/sv\/butikk\/gauge-h0-article-no-36501-dhg-500-diesel-locomotive\/","title":{"rendered":"Sp\u00e5rvidd H0 - artikel nr 36501 DHG 500 Diesellokomotiv"},"content":{"rendered":"<p>Ta ditt modellj\u00e4rnv\u00e4gsbygge till n\u00e4sta niv\u00e5 med v\u00e5r Gauge H0 - 36501 DHG 500 Diesel Locomotive. Detta \u00e4r ett perfekt tillskott till alla modellj\u00e4rnv\u00e4gsentusiasters samling, oavsett om du \u00e4r nyb\u00f6rjare eller erfaren.<\/p>\n<p><strong>Produktspecifikationer:<\/strong><\/p>\n<ul>\n<li>Prototyp: Henschel dieselv\u00e4xelmotor av typ DHG 500.<\/li>\n<li>Modell: Loket har en digital dekoder och en specialmotor. 1 drivande axel. Dragande d\u00e4ck. Trippelstr\u00e5lkastarna \u00e4ndras med k\u00f6rriktningen, fungerar i konventionell drift och kan styras digitalt. Loket har kopplingskrokar.<\/li>\n<li>L\u00e4ngd \u00f6ver buffertarna: 11,2 cm.<\/li>\n<\/ul>\n<p>Detta lok \u00e4r en skalenlig modell av typen DHG 500 diesel rangerlok, tillverkad av Henschel. Modellen \u00e4r utrustad med en digital dekoder och en speciell motor som ger en autentisk upplevelse av att bygga modellj\u00e4rnv\u00e4g. Med drivaxel och dragd\u00e4ck kan du uppleva realistisk drift av loket.<\/p>\n<p>Lokets str\u00e5lkastare \u00e4ndras i takt med k\u00f6rriktningen, vilket bidrar till en \u00e4nnu mer realistisk upplevelse. Dessa kan ocks\u00e5 styras digitalt s\u00e5 att du f\u00e5r full kontroll \u00f6ver loket. Dessutom levereras loket med kopplingskrokar, vilket g\u00f6r det enkelt att koppla ihop med andra modellt\u00e5g.<\/p>\n<p>Skapa ditt dr\u00f6mlandskap f\u00f6r modellj\u00e4rnv\u00e4g med dieselloket Gauge H0 - 36501 DHG 500. Oavsett om du \u00e4r en erfaren modellj\u00e4rnv\u00e4gsbyggare eller precis har b\u00f6rjat, kommer det h\u00e4r loket att ge dig timmar av bygggl\u00e4dje. S\u00e5 varf\u00f6r v\u00e4nta? Best\u00e4ll nu och ta ditt modellj\u00e4rnv\u00e4gsbygge till nya h\u00f6jder.<\/p>","protected":false},"excerpt":{"rendered":"<p>Upplev realistiskt modellj\u00e4rnv\u00e4gsbygge med dieselloket Gauge H0 DHG 500. Perfekt f\u00f6r b\u00e5de nyb\u00f6rjare och experter, med inbyggd digital avkodare och specialmotor.<\/p>","protected":false},"featured_media":7774,"comment_status":"open","ping_status":"closed","template":"","meta":[],"product_brand":[107],"product_cat":[114,72],"product_tag":[],"class_list":{"0":"post-7775","1":"product","2":"type-product","3":"status-publish","4":"has-post-thumbnail","6":"product_brand-marklin","7":"product_cat-locomotives","8":"product_cat-marklin-h0-originalen","10":"first","11":"instock","12":"taxable","13":"shipping-taxable","14":"purchasable","15":"product-type-simple"},"_links":{"self":[{"href":"https:\/\/bigfunhobby.com\/sv\/wp-json\/wp\/v2\/product\/7775","targetHints":{"allow":["GET"]}}],"collection":[{"href":"https:\/\/bigfunhobby.com\/sv\/wp-json\/wp\/v2\/product"}],"about":[{"href":"https:\/\/bigfunhobby.com\/sv\/wp-json\/wp\/v2\/types\/product"}],"replies":[{"embeddable":true,"href":"https:\/\/bigfunhobby.com\/sv\/wp-json\/wp\/v2\/comments?post=7775"}],"wp:featuredmedia":[{"embeddable":true,"href":"https:\/\/bigfunhobby.com\/sv\/wp-json\/wp\/v2\/media\/7774"}],"wp:attachment":[{"href":"https:\/\/bigfunhobby.com\/sv\/wp-json\/wp\/v2\/media?parent=7775"}],"wp:term":[{"taxonomy":"product_brand","embeddable":true,"href":"https:\/\/bigfunhobby.com\/sv\/wp-json\/wp\/v2\/product_brand?post=7775"},{"taxonomy":"product_cat","embeddable":true,"href":"https:\/\/bigfunhobby.com\/sv\/wp-json\/wp\/v2\/product_cat?post=7775"},{"taxonomy":"product_tag","embeddable":true,"href":"https:\/\/bigfunhobby.com\/sv\/wp-json\/wp\/v2\/product_tag?post=7775"}],"curies":[{"name":"wp","href":"https:\/\/api.w.org\/{rel}","templated":true}]}}