{"id":7781,"date":"2025-03-08T17:13:03","date_gmt":"2025-03-08T17:13:03","guid":{"rendered":"https:\/\/bigfunhobby.com\/butikk\/gauge-h0-article-no-37108-class-110-1-electric-locomotive\/"},"modified":"2025-12-04T10:59:15","modified_gmt":"2025-12-04T08:59:15","slug":"gauge-h0-article-no-37108-class-110-1-electric-locomotive","status":"publish","type":"product","link":"https:\/\/bigfunhobby.com\/sv\/butikk\/gauge-h0-article-no-37108-class-110-1-electric-locomotive\/","title":{"rendered":"Gauge H0 &#8211; Article No. 37108 Class 110.1 Electric Locomotive"},"content":{"rendered":"<p>Dra p\u00e5 en nostalgisk reise med Gauge H0 &#8211; Article No. 37108 Class 110.1 Electric Locomotive. Dette modelljernbane-lokomotivet er en n\u00f8yaktig skalamodell av det tyske forbundsbanen (DB) klasse 110.1 elektriske lokomotivet, og gjenskaper utseendet slik det var rundt 1973. Den originale bl\u00e5\/svarte grunnfargen og de autentiske detaljene, som fem lamper (doble lamper nederst), doble tvungne luftventiler med vertikale finner og avrundede motorromvinduer, gir modellen et autentisk preg.<\/p>\n<ul>\n<li>Modellen er utstyrt med en World of Operation mfx+ digital decoder, som gir omfattende lys- og lydfunksjoner.<\/li>\n<li>Den har en styrt h\u00f8yeffektiv fremdrift med et svinghjul, sentralt montert.<\/li>\n<li>Fire aksler drives gjennom kardangaksler.<\/li>\n<li>Friksjonshjulene bidrar til en jevn og stabil kj\u00f8ring.<\/li>\n<li>Triple hovedlys og doble r\u00f8de markeringslys endrer seg med kj\u00f8reretningen, noe som gir en realistisk kj\u00f8reopplevelse.<\/li>\n<\/ul>\n<p>Modellen er laget med et \u00f8ye for detaljer, med separat p\u00e5f\u00f8rte metalldetaljer. Bremser\u00f8r og koblingsr\u00f8r som kan monteres p\u00e5 lokomotivet er inkludert. Lengden over buffers er omtrent 18.9 cm. <\/p>\n<p>Til dette lokomotivet kan du finne passende passasjervogner i v\u00e5r M&auml;rklin H0-sortiment under varenumrene 43897, 43898, og 43899.<\/p>\n<p>Med Gauge H0 &#8211; Article No. 37108 Class 110.1 Electric Locomotive kan du utforske verden av modelljernbanebygging. Enten du er en erfaren entusiast eller en nybegynner, vil dette produktet gi deg mange timer med byggeglede. Bestill n\u00e5 og start ditt neste modelljernbane-prosjekt.<\/p>","protected":false},"excerpt":{"rendered":"<p>Opplev autentisitet med Gauge H0 &#8211; Article No. 37108 Class 110.1 Electric Locomotive, et detaljert modelljernbane-lokomotiv med omfattende lys- og lydfunksjoner. Perfekt for b\u00e5de nybegynnere og erfarne innen modellbygging.<\/p>","protected":false},"featured_media":7780,"comment_status":"open","ping_status":"closed","template":"","meta":[],"product_brand":[107],"product_cat":[114,72],"product_tag":[],"class_list":{"0":"post-7781","1":"product","2":"type-product","3":"status-publish","4":"has-post-thumbnail","6":"product_brand-marklin","7":"product_cat-locomotives","8":"product_cat-marklin-h0-originalen","10":"first","11":"outofstock","12":"taxable","13":"shipping-taxable","14":"purchasable","15":"product-type-simple"},"_links":{"self":[{"href":"https:\/\/bigfunhobby.com\/sv\/wp-json\/wp\/v2\/product\/7781","targetHints":{"allow":["GET"]}}],"collection":[{"href":"https:\/\/bigfunhobby.com\/sv\/wp-json\/wp\/v2\/product"}],"about":[{"href":"https:\/\/bigfunhobby.com\/sv\/wp-json\/wp\/v2\/types\/product"}],"replies":[{"embeddable":true,"href":"https:\/\/bigfunhobby.com\/sv\/wp-json\/wp\/v2\/comments?post=7781"}],"wp:featuredmedia":[{"embeddable":true,"href":"https:\/\/bigfunhobby.com\/sv\/wp-json\/wp\/v2\/media\/7780"}],"wp:attachment":[{"href":"https:\/\/bigfunhobby.com\/sv\/wp-json\/wp\/v2\/media?parent=7781"}],"wp:term":[{"taxonomy":"product_brand","embeddable":true,"href":"https:\/\/bigfunhobby.com\/sv\/wp-json\/wp\/v2\/product_brand?post=7781"},{"taxonomy":"product_cat","embeddable":true,"href":"https:\/\/bigfunhobby.com\/sv\/wp-json\/wp\/v2\/product_cat?post=7781"},{"taxonomy":"product_tag","embeddable":true,"href":"https:\/\/bigfunhobby.com\/sv\/wp-json\/wp\/v2\/product_tag?post=7781"}],"curies":[{"name":"wp","href":"https:\/\/api.w.org\/{rel}","templated":true}]}}