{"id":7785,"date":"2025-03-08T17:13:04","date_gmt":"2025-03-08T17:13:04","guid":{"rendered":"https:\/\/bigfunhobby.com\/butikk\/gauge-h0-article-no-37518-class-56-steam-locomotive\/"},"modified":"2025-12-04T10:59:15","modified_gmt":"2025-12-04T08:59:15","slug":"sparvidd-h0-art-nr-37518-anglok-klass-56","status":"publish","type":"product","link":"https:\/\/bigfunhobby.com\/sv\/butikk\/gauge-h0-article-no-37518-class-56-steam-locomotive\/","title":{"rendered":"Sp\u00e5rvidd H0 - Artikel nr 37518 \u00c5nglok klass 56"},"content":{"rendered":"<p>Uppt\u00e4ck en bit av j\u00e4rnv\u00e4gshistorien med denna h\u00f6gkvalitativa skalmodell av ett \u00e5nglok av klass 56. Modellen, som \u00e4r baserad p\u00e5 lok som anv\u00e4nds av den tyska federala j\u00e4rnv\u00e4gen (DB), \u00e4r en ombyggd version av den preussiska G 8.1, komplett med en f\u00f6rarvagn. Detta m\u00f6jliggjorde en \u00f6kning av den till\u00e5tna maxhastigheten till 70 km\/h, vilket g\u00f6r dessa lok l\u00e4mpliga f\u00f6r persont\u00e5gstrafik.<\/p>\n<p>Modellen \u00e4r utrustad med en mfx+ digitaldekoder och omfattande ljudfunktioner och har ocks\u00e5 kontrollerad h\u00f6geffektiv framdrivning med ett sv\u00e4nghjul monterat i pannan. Fyra axlar \u00e4r drivna och friktionshjul \u00e4r monterade f\u00f6r extra dragkraft. Modellen har m\u00e5nga separat applicerade detaljer, t.ex. r\u00f6r och sandr\u00f6r, och levereras med skyddande kolvst\u00e5ngshylsor, bromsr\u00f6r och prototypkopplingar.<\/p>\n<p>Den h\u00e4r skalmodellen av ett \u00e5nglok av klass 56 \u00e4r ett fantastiskt komplement till alla modellj\u00e4rnv\u00e4gar. Det har realistiska detaljer och funktioner som ger en autentisk inblick i j\u00e4rnv\u00e4gshistorien. Oavsett om du \u00e4r en erfaren modellbyggare eller precis har b\u00f6rjat med hobbyn kommer det h\u00e4r loket att ge dig timmar av bygg- och lekgl\u00e4dje.<\/p>\n<p>Missa inte detta tillf\u00e4lle att ut\u00f6ka din modellj\u00e4rnv\u00e4gssamling. Best\u00e4ll din Gauge H0 klass 56 \u00e5ngloksmodell idag!<\/p>\n<p>&#8216;<\/p>","protected":false},"excerpt":{"rendered":"<p>Detta \u00e4r en premiummodell i skala H0 av ett \u00e5nglok av klass 56, komplett med mfx+ digital avkodare och omfattande ljudfunktioner. Perfekt f\u00f6r b\u00e5de nyb\u00f6rjare och erfarna modellj\u00e4rnv\u00e4gsentusiaster.<\/p>","protected":false},"featured_media":7784,"comment_status":"open","ping_status":"closed","template":"","meta":[],"product_brand":[107],"product_cat":[114,72],"product_tag":[],"class_list":{"0":"post-7785","1":"product","2":"type-product","3":"status-publish","4":"has-post-thumbnail","6":"product_brand-marklin","7":"product_cat-locomotives","8":"product_cat-marklin-h0-originalen","10":"first","11":"outofstock","12":"taxable","13":"shipping-taxable","14":"purchasable","15":"product-type-simple"},"_links":{"self":[{"href":"https:\/\/bigfunhobby.com\/sv\/wp-json\/wp\/v2\/product\/7785","targetHints":{"allow":["GET"]}}],"collection":[{"href":"https:\/\/bigfunhobby.com\/sv\/wp-json\/wp\/v2\/product"}],"about":[{"href":"https:\/\/bigfunhobby.com\/sv\/wp-json\/wp\/v2\/types\/product"}],"replies":[{"embeddable":true,"href":"https:\/\/bigfunhobby.com\/sv\/wp-json\/wp\/v2\/comments?post=7785"}],"wp:featuredmedia":[{"embeddable":true,"href":"https:\/\/bigfunhobby.com\/sv\/wp-json\/wp\/v2\/media\/7784"}],"wp:attachment":[{"href":"https:\/\/bigfunhobby.com\/sv\/wp-json\/wp\/v2\/media?parent=7785"}],"wp:term":[{"taxonomy":"product_brand","embeddable":true,"href":"https:\/\/bigfunhobby.com\/sv\/wp-json\/wp\/v2\/product_brand?post=7785"},{"taxonomy":"product_cat","embeddable":true,"href":"https:\/\/bigfunhobby.com\/sv\/wp-json\/wp\/v2\/product_cat?post=7785"},{"taxonomy":"product_tag","embeddable":true,"href":"https:\/\/bigfunhobby.com\/sv\/wp-json\/wp\/v2\/product_tag?post=7785"}],"curies":[{"name":"wp","href":"https:\/\/api.w.org\/{rel}","templated":true}]}}