{"id":7791,"date":"2025-03-08T17:13:06","date_gmt":"2025-03-08T17:13:06","guid":{"rendered":"https:\/\/bigfunhobby.com\/butikk\/gauge-h0-article-no-37806-class-v-200-0-diesel-locomotive\/"},"modified":"2025-12-04T10:59:15","modified_gmt":"2025-12-04T08:59:15","slug":"gauge-h0-article-no-37806-class-v-200-0-diesel-locomotive","status":"publish","type":"product","link":"https:\/\/bigfunhobby.com\/sv\/butikk\/gauge-h0-article-no-37806-class-v-200-0-diesel-locomotive\/","title":{"rendered":"Gauge H0 &#8211; Article No. 37806 Class V 200.0 Diesel Locomotive"},"content":{"rendered":"<p>Utforsk verden av modelljernbane med v\u00e5rt Gauge H0 &#8211; Klasse V 200.0 Diesel Lokomotiv. Dette byggesettet representerer den tyske forbundsbanen (DB) klasse V 200.0 tunge dieselhydrauliske lokomotivet, malt i den klassiske crimson fargeskjemaet slik det s\u00e5 ut rundt 1958. Med vei nummer V 200 052, er denne modellen et must for enhver modelltog entusiast.<\/p>\n<h2 class='hdl-2 bottom-10'>H\u00f6jdpunkterna<\/h2>\n<p>Ikke bare er denne modellen visuelt tiltalende, men den kommer ogs\u00e5 med en rekke funksjoner som forbedrer opplevelsen av modellbygging:<\/p>\n<ul class='list-style-disc'>\n<li>En sentral motor er n\u00e5 inkludert, og alle fire aksler er drevet.<\/li>\n<li>Det er belysning i f\u00f8rerhuset og motorrommet.<\/li>\n<li>Motorromdeler er nytt verkt\u00f8y.<\/li>\n<li>Den kommer med en mfx+ digital dekoder.<\/li>\n<\/ul>\n<h2 class='hdl-2 bottom-10'>Specifikationer<\/h2>\n<p>Modellen har en mfx+ digital dekoder og omfattende lydfunksjoner. Den har ogs\u00e5 kontrollert h\u00f8yeffektiv fremdrift, sentralt montert. Fire aksler drives av dekk. De tredobbelte frontlyktene og doble r\u00f8de markeringslys skifter med kj\u00f8reretningen, vil fungere i konvensjonell drift, og kan styres digitalt. Lysene p\u00e5 begge ender av lokomotivet kan sl\u00e5s av separat i digital drift. N\u00e5r lysene er av p\u00e5 begge ender av lokomotivet, er dobbel &#8216;A&#8217; lysfunksjon p\u00e5 p\u00e5 begge ender. F\u00f8rerhusbelysningen skifter med kj\u00f8reretningen og kan styres digitalt. Vedlikeholdsfrie varmhvite og r\u00f8de LED-lys brukes til belysning.<\/p>\n<p>Denne modellen kan ogs\u00e5 finnes i en DC-versjon i Trix H0-sortimentet under varenummer 22754.<\/p>\n<p>Ikke g\u00e5 glipp av denne autentiske modellen av klasse V 200.0 diesel-lokomotiv. Perfekt for b\u00e5de nybegynnere og erfarne modelljernbane-entusiaster. Kj\u00f8p her og begynn din modelljernbane-reise i dag.<\/p>","protected":false},"excerpt":{"rendered":"<p>Opplev gleden av modelljernbane med denne detaljerte skalamodellen av klasse V 200.0 diesel-lokomotiv, utstyrt med belysning, motor og digital dekoder.<\/p>","protected":false},"featured_media":7790,"comment_status":"open","ping_status":"closed","template":"","meta":[],"product_brand":[107],"product_cat":[114,72],"product_tag":[],"class_list":{"0":"post-7791","1":"product","2":"type-product","3":"status-publish","4":"has-post-thumbnail","6":"product_brand-marklin","7":"product_cat-locomotives","8":"product_cat-marklin-h0-originalen","10":"first","11":"outofstock","12":"taxable","13":"shipping-taxable","14":"purchasable","15":"product-type-simple"},"_links":{"self":[{"href":"https:\/\/bigfunhobby.com\/sv\/wp-json\/wp\/v2\/product\/7791","targetHints":{"allow":["GET"]}}],"collection":[{"href":"https:\/\/bigfunhobby.com\/sv\/wp-json\/wp\/v2\/product"}],"about":[{"href":"https:\/\/bigfunhobby.com\/sv\/wp-json\/wp\/v2\/types\/product"}],"replies":[{"embeddable":true,"href":"https:\/\/bigfunhobby.com\/sv\/wp-json\/wp\/v2\/comments?post=7791"}],"wp:featuredmedia":[{"embeddable":true,"href":"https:\/\/bigfunhobby.com\/sv\/wp-json\/wp\/v2\/media\/7790"}],"wp:attachment":[{"href":"https:\/\/bigfunhobby.com\/sv\/wp-json\/wp\/v2\/media?parent=7791"}],"wp:term":[{"taxonomy":"product_brand","embeddable":true,"href":"https:\/\/bigfunhobby.com\/sv\/wp-json\/wp\/v2\/product_brand?post=7791"},{"taxonomy":"product_cat","embeddable":true,"href":"https:\/\/bigfunhobby.com\/sv\/wp-json\/wp\/v2\/product_cat?post=7791"},{"taxonomy":"product_tag","embeddable":true,"href":"https:\/\/bigfunhobby.com\/sv\/wp-json\/wp\/v2\/product_tag?post=7791"}],"curies":[{"name":"wp","href":"https:\/\/api.w.org\/{rel}","templated":true}]}}