{"id":7795,"date":"2025-03-08T17:13:07","date_gmt":"2025-03-08T17:13:07","guid":{"rendered":"https:\/\/bigfunhobby.com\/butikk\/gauge-h0-article-no-37856-class-185-electric-locomotive\/"},"modified":"2025-12-04T10:59:15","modified_gmt":"2025-12-04T08:59:15","slug":"gauge-h0-article-no-37856-class-185-electric-locomotive","status":"publish","type":"product","link":"https:\/\/bigfunhobby.com\/sv\/butikk\/gauge-h0-article-no-37856-class-185-electric-locomotive\/","title":{"rendered":"Gauge H0 &#8211; Article No. 37856 Class 185 Electric Locomotive"},"content":{"rendered":"<p>La oss introdusere deg for Gauge H0 &#8211; Artikkelnr. 37856 Klasse 185 Elektrisk Lokomotiv. Dette er en optimal modell for alle som elsker modelljernbane og er i skalaen som passer perfekt til ditt eksisterende oppsett.<\/p>\n<p><strong>Prototyp:<\/strong> Dette er en Traxx 2 elektrisk lokomotiv, type F 140 AC2 for firmaet DB Schenker Rail Scandinavia A\/S, et fellesprosjekt mellom DB Schenker Rail Germany, Inc. og Swedish Green Cargo AB. Med veienummer 185 327-1, gjenopplever du lokomotivet slik det s\u00e5 ut i 2017\/18. Det er hovedsakelig brukt i Danmark, men ogs\u00e5 i Tyskland.<\/p>\n<h2 class='hdl-2 bottom-10'>H\u00f6jdpunkterna<\/h2>\n<ul class='list-style-disc'>\n<li>mfx+ digital decoder og full elektrisk lokomotivlyd.<\/li>\n<li>Inkluderer dansk stasjonsannonsering.<\/li>\n<\/ul>\n<p><strong>Modell:<\/strong> Lokomotivet er utstyrt med en mfx+ digital decoder og omfattende lydfunksjoner. Den har ogs\u00e5 styrt h\u00f8yeffektiv fremdrift med et svinghjul som er sentralt montert. Fire aksler drives gjennom kardangaksler. Trekkhjulene, de tredobbelte frontlysene og de doble r\u00f8de markeringslysene endrer seg med kj\u00f8reretningen, vil fungere i konvensjonell drift, og kan styres digitalt. Hovedlysene p\u00e5 Locomotive End 2 og 1 kan sl\u00e5s av separat i digital drift. N\u00e5r bryteromr\u00e5det er p\u00e5, da er dobbel &#8216;A&#8217; lysfunksjon p\u00e5 begge ender. Vedlikeholdsfrie varmhvite og r\u00f8de LED-lys brukes til belysning. Lengden over bufferne er 21,7 cm.<\/p>\n<p>For \u00e5 fullf\u00f8re din modelljernbane, kan du finne dypbr\u00f8nnsvogner som passer til dette lokomotivet under varenumrene 47112 og 47113 i M&auml;rklin H0-sortimentet.<\/p>\n<p>Dette lokomotivet finnes ogs\u00e5 i en DC-versjon i Trix H0-sortimentet under varenummer 22656.<\/p>\n<p>Utforsk det realistiske og detaljerte designet av Gauge H0 klasse 185 elektrisk lokomotiv. Perfekt for b\u00e5de nybegynnere og erfarne modellbyggere. <strong>Se utvalget og bestill n\u00e5!<\/strong><\/p>","protected":false},"excerpt":{"rendered":"<p>Opplev realistisk modelljernbane med Gauge H0 klasse 185 elektrisk lokomotiv, utstyrt med digital decoder og full elektrisk lokomotivlyd.<\/p>","protected":false},"featured_media":7794,"comment_status":"open","ping_status":"closed","template":"","meta":[],"product_brand":[107],"product_cat":[114,72],"product_tag":[],"class_list":{"0":"post-7795","1":"product","2":"type-product","3":"status-publish","4":"has-post-thumbnail","6":"product_brand-marklin","7":"product_cat-locomotives","8":"product_cat-marklin-h0-originalen","10":"first","11":"outofstock","12":"taxable","13":"shipping-taxable","14":"purchasable","15":"product-type-simple"},"_links":{"self":[{"href":"https:\/\/bigfunhobby.com\/sv\/wp-json\/wp\/v2\/product\/7795","targetHints":{"allow":["GET"]}}],"collection":[{"href":"https:\/\/bigfunhobby.com\/sv\/wp-json\/wp\/v2\/product"}],"about":[{"href":"https:\/\/bigfunhobby.com\/sv\/wp-json\/wp\/v2\/types\/product"}],"replies":[{"embeddable":true,"href":"https:\/\/bigfunhobby.com\/sv\/wp-json\/wp\/v2\/comments?post=7795"}],"wp:featuredmedia":[{"embeddable":true,"href":"https:\/\/bigfunhobby.com\/sv\/wp-json\/wp\/v2\/media\/7794"}],"wp:attachment":[{"href":"https:\/\/bigfunhobby.com\/sv\/wp-json\/wp\/v2\/media?parent=7795"}],"wp:term":[{"taxonomy":"product_brand","embeddable":true,"href":"https:\/\/bigfunhobby.com\/sv\/wp-json\/wp\/v2\/product_brand?post=7795"},{"taxonomy":"product_cat","embeddable":true,"href":"https:\/\/bigfunhobby.com\/sv\/wp-json\/wp\/v2\/product_cat?post=7795"},{"taxonomy":"product_tag","embeddable":true,"href":"https:\/\/bigfunhobby.com\/sv\/wp-json\/wp\/v2\/product_tag?post=7795"}],"curies":[{"name":"wp","href":"https:\/\/api.w.org\/{rel}","templated":true}]}}