{"id":7797,"date":"2025-03-08T17:13:08","date_gmt":"2025-03-08T17:13:08","guid":{"rendered":"https:\/\/bigfunhobby.com\/butikk\/gauge-h0-article-no-37984-class-800-steam-locomotive\/"},"modified":"2025-12-04T10:59:15","modified_gmt":"2025-12-04T08:59:15","slug":"gauge-h0-article-no-37984-class-800-steam-locomotive","status":"publish","type":"product","link":"https:\/\/bigfunhobby.com\/sv\/butikk\/gauge-h0-article-no-37984-class-800-steam-locomotive\/","title":{"rendered":"Gauge H0 &#8211; Article No. 37984 Class 800 Steam Locomotive"},"content":{"rendered":"<p>Dykk ned i verdenen av modelljernbaner med Gauge H0 &#8211; Klasse 800 damplokomotiv. Dette er en autentisk skalamodell av Union Pacific Railroad (UP) klasse 800 tungt damplokomotiv, komplett med oljetender. Med lokomotivets vei nummer 844, er det designet for \u00e5 representere hvordan det s\u00e5 ut i 2016.<\/p>\n<h2>Produktets h\u00f8ydepunkter<\/h2>\n<ul>\n<li>Dynamisk r\u00f8ykutslipp.<\/li>\n<li>Lokomotiv konstruert hovedsakelig av metall.<\/li>\n<li>Mange separat p\u00e5f\u00f8rte detaljer.<\/li>\n<li>World of Operation mfx+ digital dekoder og omfattende drifts- og lydfunksjoner inkludert.<\/li>\n<\/ul>\n<p>Modellen er utstyrt med en mfx+ digital dekoder og omfattende lydfunksjoner. Den har ogs\u00e5 ulike driftslyder som olje- og vannp\u00e5fylling eller \u00e5pning og lukking av skyvevinduer og ventilasjonshetter p\u00e5 f\u00f8rerhuset, alt kan styres digitalt. Lokomotivet har kontrollert h\u00f8yeffektiv fremdrift med en svinghjul, montert i kjelen. Fire aksler er drevet. Traction dekk. Lokomotivet har Boxpok drivhjul. Vedlikeholdsfrie varme hvite LED-lys brukes for frontlys p\u00e5 lokomotivet og tender, f\u00f8rerhusbelysning samt nummerplater og markeringslys, alt kan styres digitalt.<\/p>\n<p>Lokomotivet har ogs\u00e5 en fabrikkinstallert r\u00f8ykgenerator med dynamisk r\u00f8ykutslipp. De to kraftige h\u00f8yttalerne i tenderen gir en realistisk lydopplevelse. Lengden over koblingene er omtrent 41 cm.<\/p>\n<p>Dette lokomotivet er egnet for bruk p\u00e5 kurvet spor med en radius p\u00e5 437,5 mm eller mer, men vi anbefaler st\u00f8rre radier. P\u00e5 grunn av overhenget av den lange kjelen, m\u00e5 signaler, kontaktledningsmaster, brorekkverk, tunnelportaler osv. v\u00e6re installert for tilstrekkelig klaring p\u00e5 kurver.<\/p>\n<p>Dette er et flott tillegg til alle modelljernbaneentusiaster, enten du er en nybegynner som nettopp har startet reisen din, eller en erfaren modellbygger som s\u00f8ker \u00e5 utvide din eksisterende samling. Bestill din Gauge H0 &#8211; Klasse 800 damplokomotiv i dag og ta modelljernbanehobbyen din til neste niv\u00e5.<\/p>","protected":false},"excerpt":{"rendered":"<p>Nyt en autentisk modelljernbaneopplevelse med Gauge H0 &#8211; Klasse 800 damplokomotiv med mange detaljer og omfattende funksjoner. Perfekt for b\u00e5de nybegynnere og erfarne modellbyggere.<\/p>","protected":false},"featured_media":7796,"comment_status":"open","ping_status":"closed","template":"","meta":[],"product_brand":[107],"product_cat":[114,72],"product_tag":[],"class_list":{"0":"post-7797","1":"product","2":"type-product","3":"status-publish","4":"has-post-thumbnail","6":"product_brand-marklin","7":"product_cat-locomotives","8":"product_cat-marklin-h0-originalen","10":"first","11":"outofstock","12":"taxable","13":"shipping-taxable","14":"purchasable","15":"product-type-simple"},"_links":{"self":[{"href":"https:\/\/bigfunhobby.com\/sv\/wp-json\/wp\/v2\/product\/7797","targetHints":{"allow":["GET"]}}],"collection":[{"href":"https:\/\/bigfunhobby.com\/sv\/wp-json\/wp\/v2\/product"}],"about":[{"href":"https:\/\/bigfunhobby.com\/sv\/wp-json\/wp\/v2\/types\/product"}],"replies":[{"embeddable":true,"href":"https:\/\/bigfunhobby.com\/sv\/wp-json\/wp\/v2\/comments?post=7797"}],"wp:featuredmedia":[{"embeddable":true,"href":"https:\/\/bigfunhobby.com\/sv\/wp-json\/wp\/v2\/media\/7796"}],"wp:attachment":[{"href":"https:\/\/bigfunhobby.com\/sv\/wp-json\/wp\/v2\/media?parent=7797"}],"wp:term":[{"taxonomy":"product_brand","embeddable":true,"href":"https:\/\/bigfunhobby.com\/sv\/wp-json\/wp\/v2\/product_brand?post=7797"},{"taxonomy":"product_cat","embeddable":true,"href":"https:\/\/bigfunhobby.com\/sv\/wp-json\/wp\/v2\/product_cat?post=7797"},{"taxonomy":"product_tag","embeddable":true,"href":"https:\/\/bigfunhobby.com\/sv\/wp-json\/wp\/v2\/product_tag?post=7797"}],"curies":[{"name":"wp","href":"https:\/\/api.w.org\/{rel}","templated":true}]}}