{"id":7803,"date":"2025-03-08T17:13:09","date_gmt":"2025-03-08T17:13:09","guid":{"rendered":"https:\/\/bigfunhobby.com\/butikk\/gauge-h0-article-no-39260-class-rae-4-8-double-powered-rail-car\/"},"modified":"2025-12-04T10:59:15","modified_gmt":"2025-12-04T08:59:15","slug":"gauge-h0-article-no-39260-class-rae-4-8-double-powered-rail-car","status":"publish","type":"product","link":"https:\/\/bigfunhobby.com\/sv\/butikk\/gauge-h0-article-no-39260-class-rae-4-8-double-powered-rail-car\/","title":{"rendered":"Gauge H0 &#8211; Article No. 39260 Class RAe 4\/8 Double Powered Rail Car"},"content":{"rendered":"<p>Du er n\u00e5 i ferd med \u00e5 oppdage den fantastiske verdenen av modelljernbane. Vi presenterer Gauge H0 &#8211; Klasse RAe 4\/8, en dobbelt drevet jernbanevogn, kjent som &#8216;Churchill Arrow&#8217;. Denne modellen representerer en autentisk skalamodell av det sveitsiske f\u00f8derale jernbanes elektriske dobbeltdrevne jernbanevogn, perfekt for entusiastiske samlere og de som er interessert i modellbygging.<\/p>\n<p><strong>Specifikationer:<\/strong><\/p>\n<ul>\n<li>Nyutviklet design med stor oppmerksomhet p\u00e5 detaljer.<\/li>\n<li>Fabrikkmontert interi\u00f8rbelysning.<\/li>\n<li>R\u00f8dt markeringslys som kan skiftes.<\/li>\n<li>F\u00f8rerhusbelysningen kan styres digitalt.<\/li>\n<li>Bordlamper kan styres digitalt.<\/li>\n<li>Kj\u00f8rel\u00f8yve lys kan styres digitalt.<\/li>\n<li>&#8216;World of Operation&#8217; mfx+ dekoder med en rekke lys- og lydfunksjoner.<\/li>\n<\/ul>\n<p>Modellen er utstyrt med en mfx+ digital dekoder og omfattende lyd- og lysfunksjoner. Den har ogs\u00e5 kontrollert h\u00f8yeffektivt drivverk med svinghjul. Begge akslene i den eksterne truken p\u00e5 kj\u00f8ret\u00f8ydelen 1 er drevet. Modellen har fabrikkmontert interi\u00f8rbelysning, som vil fungere i konvensjonell drift og kan kontrolleres digitalt. Vedlikeholdsfrie, varmhvite og r\u00f8de LED-er brukes til belysning. Lengde over buffere er omtrent 53 cm.<\/p>\n<p>Dette er ikke bare et byggesett, men en del av historien. Den doble r\u00f8de pilen ble brukt for 75 \u00e5r siden i 1946 for \u00e5 transportere Winston Churchill som en statsgjest gjennom Sveits, noe som dermed ga den doble pilen kallenavnet &#8216;Churchill Arrow&#8217;.<\/p>\n<p>Fascinert av detaljene og historien til dette byggesettet? Ikke n\u00f8l med \u00e5 legge det til i samlingen din. <strong>K\u00f6p h\u00e4r<\/strong> og start din reise inn i den spennende verdenen av modelljernbane.<\/p>","protected":false},"excerpt":{"rendered":"<p>Opplev autentisk modelljernbane med Gauge H0 &#8211; Klasse RAe 4\/8 dobbelt drevet jernbanevogn, kjent som &#8216;Churchill Arrow&#8217;. Med fabrikkmontert interi\u00f8rbelysning og en rekke digitale lyd- og lysfunksjoner.<\/p>","protected":false},"featured_media":7802,"comment_status":"open","ping_status":"closed","template":"","meta":[],"product_brand":[107],"product_cat":[114,72],"product_tag":[],"class_list":{"0":"post-7803","1":"product","2":"type-product","3":"status-publish","4":"has-post-thumbnail","6":"product_brand-marklin","7":"product_cat-locomotives","8":"product_cat-marklin-h0-originalen","10":"first","11":"outofstock","12":"taxable","13":"shipping-taxable","14":"purchasable","15":"product-type-simple"},"_links":{"self":[{"href":"https:\/\/bigfunhobby.com\/sv\/wp-json\/wp\/v2\/product\/7803","targetHints":{"allow":["GET"]}}],"collection":[{"href":"https:\/\/bigfunhobby.com\/sv\/wp-json\/wp\/v2\/product"}],"about":[{"href":"https:\/\/bigfunhobby.com\/sv\/wp-json\/wp\/v2\/types\/product"}],"replies":[{"embeddable":true,"href":"https:\/\/bigfunhobby.com\/sv\/wp-json\/wp\/v2\/comments?post=7803"}],"wp:featuredmedia":[{"embeddable":true,"href":"https:\/\/bigfunhobby.com\/sv\/wp-json\/wp\/v2\/media\/7802"}],"wp:attachment":[{"href":"https:\/\/bigfunhobby.com\/sv\/wp-json\/wp\/v2\/media?parent=7803"}],"wp:term":[{"taxonomy":"product_brand","embeddable":true,"href":"https:\/\/bigfunhobby.com\/sv\/wp-json\/wp\/v2\/product_brand?post=7803"},{"taxonomy":"product_cat","embeddable":true,"href":"https:\/\/bigfunhobby.com\/sv\/wp-json\/wp\/v2\/product_cat?post=7803"},{"taxonomy":"product_tag","embeddable":true,"href":"https:\/\/bigfunhobby.com\/sv\/wp-json\/wp\/v2\/product_tag?post=7803"}],"curies":[{"name":"wp","href":"https:\/\/api.w.org\/{rel}","templated":true}]}}