{"id":7807,"date":"2025-03-08T17:13:11","date_gmt":"2025-03-08T17:13:11","guid":{"rendered":"https:\/\/bigfunhobby.com\/butikk\/gauge-h0-article-no-39382-class-038-steam-locomotive\/"},"modified":"2025-12-04T10:59:16","modified_gmt":"2025-12-04T08:59:16","slug":"sparvidd-h0-objekt-nr-39382-anglok-klass-038","status":"publish","type":"product","link":"https:\/\/bigfunhobby.com\/sv\/butikk\/gauge-h0-article-no-39382-class-038-steam-locomotive\/","title":{"rendered":"Sp\u00e5rvidd H0 - Artikel nr 39382 \u00c5nglok klass 038"},"content":{"rendered":"<p>F\u00e5 en autentisk upplevelse av modellj\u00e4rnv\u00e4garnas guld\u00e5lder med \u00e5ngloket Gauge H0 - Art.nr 39382 Class 038. Denna modell \u00e5terupplivar den tyska federala j\u00e4rnv\u00e4gen (DB) klass 038 \u00e5nglok, en tidigare preussisk P8. Modellen \u00e4r trogen sin originalversion fr\u00e5n cirka 1970\/71, komplett med trippelstr\u00e5lkastare, tv\u00e5 pannor, klocka, standard preussisk hytt, Witte r\u00f6kavvisare, kolvagnstill\u00e4gg och induktiv magnet. Lokomotivets nummer \u00e4r 038 382-8.<\/p>\n<ul class='list-style-disc'>\n<li>Modellen har m\u00e5nga prototypiska verktygs\u00e4ndringar f\u00f6r Era IV-versionen<\/li>\n<li>Mycket detaljerad metallkonstruktion<\/li>\n<li>Hyttbelysningen kan styras<\/li>\n<li>Eldens flammande kan kontrolleras<\/li>\n<li>Inkluderar mfx+ digital avkodare och m\u00e5nga drifts- och ljudfunktioner<\/li>\n<\/ul>\n<p class='long-text'>Detta \u00e5nglok har en mfx+ digitaldekoder och omfattande ljudfunktioner. Det har ocks\u00e5 reglerad h\u00f6geffektiv framdrivning med ett sv\u00e4nghjul som \u00e4r monterat i pannan. Tre axlar \u00e4r drivna. D\u00e4ck f\u00f6r dragkraft. Loket och tenderfordonet \u00e4r huvudsakligen konstruerade i metall. De tre str\u00e5lkastarna v\u00e4xlar med f\u00e4rdriktningen, fungerar i konventionell drift och kan styras digitalt. R\u00f6kenheten fungerar i konventionell drift och kan styras digitalt. R\u00f6kenhet 72270 kan monteras i loket. Brandens flimmer kan styras digitalt. Dessutom kan hyttbelysningen styras digitalt. Underh\u00e5llsfria varmvita LED-lampor anv\u00e4nds f\u00f6r belysningen. Minsta man\u00f6verradie \u00e4r 360 mm \/ 14-3\/16\u2032. Skyddande kolvst\u00e5ngshylsor, bromsr\u00f6r och prototypkopplingar ing\u00e5r. L\u00e4ngd \u00f6ver buffertar \u00e4r 21,3 cm \/ 8-3\/8\u2032.<\/p>\n<p class='text-addition top-15m'>Denna modell finns i en DC-version i Trix H0-sortimentet under artikelnummer 22895.<\/p>\n<p>Missa inte den h\u00e4r fantastiska skalmodellen, perfekt f\u00f6r alla modellj\u00e4rnv\u00e4gsentusiaster. K\u00f6p Gauge H0 - Art.nr. 39382 klass 038 \u00e5nglok idag och b\u00f6rja bygga!<\/p>","protected":false},"excerpt":{"rendered":"<p>Upplev nostalgi med sp\u00e5rvidd H0 - art.nr 39382 \u00e5nglok klass 038. Detaljerad modell av \u00e5ngloket fr\u00e5n Tyska federala j\u00e4rnv\u00e4gen, komplett med m\u00e5nga funktioner och ljudeffekter.<\/p>","protected":false},"featured_media":7806,"comment_status":"open","ping_status":"closed","template":"","meta":[],"product_brand":[107],"product_cat":[114,72],"product_tag":[],"class_list":{"0":"post-7807","1":"product","2":"type-product","3":"status-publish","4":"has-post-thumbnail","6":"product_brand-marklin","7":"product_cat-locomotives","8":"product_cat-marklin-h0-originalen","10":"first","11":"instock","12":"taxable","13":"shipping-taxable","14":"purchasable","15":"product-type-simple"},"_links":{"self":[{"href":"https:\/\/bigfunhobby.com\/sv\/wp-json\/wp\/v2\/product\/7807","targetHints":{"allow":["GET"]}}],"collection":[{"href":"https:\/\/bigfunhobby.com\/sv\/wp-json\/wp\/v2\/product"}],"about":[{"href":"https:\/\/bigfunhobby.com\/sv\/wp-json\/wp\/v2\/types\/product"}],"replies":[{"embeddable":true,"href":"https:\/\/bigfunhobby.com\/sv\/wp-json\/wp\/v2\/comments?post=7807"}],"wp:featuredmedia":[{"embeddable":true,"href":"https:\/\/bigfunhobby.com\/sv\/wp-json\/wp\/v2\/media\/7806"}],"wp:attachment":[{"href":"https:\/\/bigfunhobby.com\/sv\/wp-json\/wp\/v2\/media?parent=7807"}],"wp:term":[{"taxonomy":"product_brand","embeddable":true,"href":"https:\/\/bigfunhobby.com\/sv\/wp-json\/wp\/v2\/product_brand?post=7807"},{"taxonomy":"product_cat","embeddable":true,"href":"https:\/\/bigfunhobby.com\/sv\/wp-json\/wp\/v2\/product_cat?post=7807"},{"taxonomy":"product_tag","embeddable":true,"href":"https:\/\/bigfunhobby.com\/sv\/wp-json\/wp\/v2\/product_tag?post=7807"}],"curies":[{"name":"wp","href":"https:\/\/api.w.org\/{rel}","templated":true}]}}