{"id":7809,"date":"2025-03-08T17:13:11","date_gmt":"2025-03-08T17:13:11","guid":{"rendered":"https:\/\/bigfunhobby.com\/butikk\/gauge-h0-article-no-39511-class-be-4-6-electric-locomotive\/"},"modified":"2025-12-04T10:59:16","modified_gmt":"2025-12-04T08:59:16","slug":"gauge-h0-article-no-39511-class-be-4-6-electric-locomotive","status":"publish","type":"product","link":"https:\/\/bigfunhobby.com\/sv\/butikk\/gauge-h0-article-no-39511-class-be-4-6-electric-locomotive\/","title":{"rendered":"Gauge H0 &#8211; Article No. 39511 Class Be 4\/6 Electric Locomotive"},"content":{"rendered":"<p>Opplev spenningen med modellbygging med denne autentiske modellen av en klasse Be 4\/6 elektrisk lokomotiv i skala H0. Dette er et kvalitetsbyggesett som tar deg tilbake til 1950-tallets jernbaneverden, med sitt firgr\u00f8nne grunnmaling og gr\u00e5tt l\u00f8peutstyr. H\u00f8ydepunktene inkluderer eldre designbuffere, f\u00f8rerd\u00f8rer ved endene av lokomotivet med overgangsplater, sandutstyr og et inng\u00e5ende toglys.<\/p>\n<h2 class='hdl-2 bottom-10'>H\u00f6jdpunkterna<\/h2>\n<ul class='list-style-disc'>\n<li>H\u00f8ydetaljert metallkonstruksjon.<\/li>\n<li>&#8216;World of Operation&#8217; mfx+ digital dekoder med omfattende drifts- og lydfunksjoner inkludert.<\/li>\n<li>F\u00f8rerhusbelysning og motorrombelysning kan digitalt styres.<\/li>\n<li>Ekstra r\u00f8de kj\u00f8retillatelseslys kan styres i digital drift.<\/li>\n<\/ul>\n<p>Denne modellen har en mfx+ digital dekoder og omfattende lyd- og lysfunksjoner. Den har ogs\u00e5 styrt h\u00f8yeffektiv fremdrift med et svinghjul, sentralt montert. Begge drivhjulene og krumtapakslene i hver gruppe av drivhjul drives ved hjelp av kardangaksler. Lokomotivet har et spesielt design som gj\u00f8r det i stand til \u00e5 h\u00e5ndtere skarpe kurver.<\/p>\n<p>Med sin detaljerte metallkonstruksjon, med mange separat p\u00e5f\u00f8rte detaljer, gir dette byggesettet b\u00e5de en estetisk og funksjonell opplevelse for alle modelljernbane-entusiaster. Kj\u00f8p dette h\u00f8ykvalitets byggesettet i dag og start byggingen av din egen modelljernbane!<\/p>\n<p>Dette produktet kan ogs\u00e5 finnes i en DC-versjon under varenummer 25511. Bestill n\u00e5 for \u00e5 sikre deg denne autentiske modellen!<\/p>","protected":false},"excerpt":{"rendered":"<p>Dette er et detaljert byggesett av en klasse Be 4\/6 elektrisk lokomotiv i skala H0. Perfekt for modelljernbane-entusiaster og byggesett-elskere som \u00f8nsker en autentisk modell med b\u00e5de estetikk og funksjon.<\/p>","protected":false},"featured_media":7808,"comment_status":"open","ping_status":"closed","template":"","meta":[],"product_brand":[107],"product_cat":[114,72],"product_tag":[],"class_list":{"0":"post-7809","1":"product","2":"type-product","3":"status-publish","4":"has-post-thumbnail","6":"product_brand-marklin","7":"product_cat-locomotives","8":"product_cat-marklin-h0-originalen","10":"first","11":"outofstock","12":"taxable","13":"shipping-taxable","14":"purchasable","15":"product-type-simple"},"_links":{"self":[{"href":"https:\/\/bigfunhobby.com\/sv\/wp-json\/wp\/v2\/product\/7809","targetHints":{"allow":["GET"]}}],"collection":[{"href":"https:\/\/bigfunhobby.com\/sv\/wp-json\/wp\/v2\/product"}],"about":[{"href":"https:\/\/bigfunhobby.com\/sv\/wp-json\/wp\/v2\/types\/product"}],"replies":[{"embeddable":true,"href":"https:\/\/bigfunhobby.com\/sv\/wp-json\/wp\/v2\/comments?post=7809"}],"wp:featuredmedia":[{"embeddable":true,"href":"https:\/\/bigfunhobby.com\/sv\/wp-json\/wp\/v2\/media\/7808"}],"wp:attachment":[{"href":"https:\/\/bigfunhobby.com\/sv\/wp-json\/wp\/v2\/media?parent=7809"}],"wp:term":[{"taxonomy":"product_brand","embeddable":true,"href":"https:\/\/bigfunhobby.com\/sv\/wp-json\/wp\/v2\/product_brand?post=7809"},{"taxonomy":"product_cat","embeddable":true,"href":"https:\/\/bigfunhobby.com\/sv\/wp-json\/wp\/v2\/product_cat?post=7809"},{"taxonomy":"product_tag","embeddable":true,"href":"https:\/\/bigfunhobby.com\/sv\/wp-json\/wp\/v2\/product_tag?post=7809"}],"curies":[{"name":"wp","href":"https:\/\/api.w.org\/{rel}","templated":true}]}}