{"id":7813,"date":"2025-03-08T17:13:12","date_gmt":"2025-03-08T17:13:12","guid":{"rendered":"https:\/\/bigfunhobby.com\/butikk\/gauge-h0-article-no-39539-class-81-steam-locomotive\/"},"modified":"2025-12-04T10:59:16","modified_gmt":"2025-12-04T08:59:16","slug":"sparvidd-h0-art-nr-39539-anglok-klass-81","status":"publish","type":"product","link":"https:\/\/bigfunhobby.com\/sv\/butikk\/gauge-h0-article-no-39539-class-81-steam-locomotive\/","title":{"rendered":"Sp\u00e5rvidd H0 - Artikel nr 39539 \u00c5nglok klass 81"},"content":{"rendered":"<p>Dyk in i modellj\u00e4rnv\u00e4garnas v\u00e4rld med detta Gauge H0 - Artikel nr 39539 Klass 81 \u00e5nglok. Detta \u00e4r en noggrant utformad modell av \u00e5ngloket Class 81 som tidigare anv\u00e4ndes av belgiska statsj\u00e4rnv\u00e4gar (NMBS \/ SNCB). Modellen \u00e4r utformad f\u00f6r att se ut som den gjorde i b\u00f6rjan \/ mitten av 50-talet, med sin karakteristiska mossgr\u00f6na \/ svarta basf\u00e4rg.<\/p>\n<p>Denna skalamodell levereras med en mfx+ digitaldekoder och ett brett utbud av ljud- och man\u00f6verfunktioner. Loket har reglerad h\u00f6geffektiv framdrivning med ett sv\u00e4nghjul, placerat i pannan, och fyra drivaxlar. Modellen \u00e4r huvudsakligen tillverkad av metall, vilket ger den en autentisk vikt och k\u00e4nsla.<\/p>\n<ul>\n<li>4 axlar drivna. Friktionsd\u00e4ck.<\/li>\n<li>Byggd huvudsakligen av metall f\u00f6r en autentisk k\u00e4nsla<\/li>\n<li>En r\u00f6kenhet 72270 kan installeras i loket<\/li>\n<li>Dubbla str\u00e5lkastare som \u00e4ndras med k\u00f6rriktningen och kan styras digitalt<\/li>\n<li>Underh\u00e5llsfria varmvita LED-lampor anv\u00e4nds f\u00f6r belysning<\/li>\n<li>Permanent t\u00e4t koppling mellan lok och tender<\/li>\n<li>M\u00e5nga separat applicerade detaljer som linjer och sandr\u00f6r<\/li>\n<li>Bromsslangar och kopplingar i prototypimitation ing\u00e5r<\/li>\n<\/ul>\n<p>Denna modell \u00e4r det perfekta tillskottet till alla modellj\u00e4rnv\u00e4gsutst\u00e4llningar och kommer s\u00e4kert att bli en h\u00f6jdpunkt i din samling. Passande personvagnar till detta lok finns i M\u00e4rklins H0-sortiment under artikelnummer 43054. Dessutom kan olika belgiska godsvagnar fr\u00e5n de senaste \u00e5ren ocks\u00e5 g\u00e5 tillsammans med detta lok och finns under artikelnummer 48832, 46029 eller 46984.<\/p>\n<p>Missa inte chansen att berika din modellj\u00e4rnv\u00e4g med denna unika och i\u00f6gonfallande pj\u00e4s. K\u00f6p nu och ta din modellj\u00e4rnv\u00e4g till n\u00e4sta niv\u00e5.<\/p>","protected":false},"excerpt":{"rendered":"<p>Detta \u00e4r en detaljerad modell av ett \u00e5nglok av klass 81 fr\u00e5n de belgiska statsj\u00e4rnv\u00e4garna, utrustad med en mfx+ digital dekoder och m\u00e5nga ljud- och driftsfunktioner. Perfekt f\u00f6r alla modellj\u00e4rnv\u00e4gsentusiaster.<\/p>","protected":false},"featured_media":7812,"comment_status":"open","ping_status":"closed","template":"","meta":[],"product_brand":[107],"product_cat":[114,72],"product_tag":[],"class_list":{"0":"post-7813","1":"product","2":"type-product","3":"status-publish","4":"has-post-thumbnail","6":"product_brand-marklin","7":"product_cat-locomotives","8":"product_cat-marklin-h0-originalen","10":"first","11":"outofstock","12":"taxable","13":"shipping-taxable","14":"purchasable","15":"product-type-simple"},"_links":{"self":[{"href":"https:\/\/bigfunhobby.com\/sv\/wp-json\/wp\/v2\/product\/7813","targetHints":{"allow":["GET"]}}],"collection":[{"href":"https:\/\/bigfunhobby.com\/sv\/wp-json\/wp\/v2\/product"}],"about":[{"href":"https:\/\/bigfunhobby.com\/sv\/wp-json\/wp\/v2\/types\/product"}],"replies":[{"embeddable":true,"href":"https:\/\/bigfunhobby.com\/sv\/wp-json\/wp\/v2\/comments?post=7813"}],"wp:featuredmedia":[{"embeddable":true,"href":"https:\/\/bigfunhobby.com\/sv\/wp-json\/wp\/v2\/media\/7812"}],"wp:attachment":[{"href":"https:\/\/bigfunhobby.com\/sv\/wp-json\/wp\/v2\/media?parent=7813"}],"wp:term":[{"taxonomy":"product_brand","embeddable":true,"href":"https:\/\/bigfunhobby.com\/sv\/wp-json\/wp\/v2\/product_brand?post=7813"},{"taxonomy":"product_cat","embeddable":true,"href":"https:\/\/bigfunhobby.com\/sv\/wp-json\/wp\/v2\/product_cat?post=7813"},{"taxonomy":"product_tag","embeddable":true,"href":"https:\/\/bigfunhobby.com\/sv\/wp-json\/wp\/v2\/product_tag?post=7813"}],"curies":[{"name":"wp","href":"https:\/\/api.w.org\/{rel}","templated":true}]}}