{"id":7817,"date":"2025-03-08T17:13:14","date_gmt":"2025-03-08T17:13:14","guid":{"rendered":"https:\/\/bigfunhobby.com\/butikk\/gauge-h0-article-no-39714-ice-4-class-412-812-powered-railcar-train\/"},"modified":"2025-12-04T10:59:16","modified_gmt":"2025-12-04T08:59:16","slug":"gauge-h0-article-no-39714-ice-4-class-412-812-powered-railcar-train","status":"publish","type":"product","link":"https:\/\/bigfunhobby.com\/sv\/butikk\/gauge-h0-article-no-39714-ice-4-class-412-812-powered-railcar-train\/","title":{"rendered":"Gauge H0 &#8211; Article No. 39714 ICE 4 Class 412\/812 Powered Railcar Train"},"content":{"rendered":"<p>Oppdag gleden ved modelljernbane med det helt nye byggesettet Gauge H0 &#8211; ICE 4 Klass 412\/812 Drivtog. Dette skalamodelltoget er en n\u00f8yaktig representasjon av det tyske h\u00f8yhastighetstoget ICE 4, som det s\u00e5 ut i 2019 p\u00e5 ruten M\u00fcnchen Hovedstasjon \u2013 W\u00fcrzburg Hovedstasjon \u2013 Fulda \u2013 Hamburg-Altona.<\/p>\n<h2 class='hdl-2 bottom-10'>H\u00f6jdpunkterna<\/h2>\n<ul class='list-style-disc'>\n<li>Helt nytt verkt\u00f8y.<\/li>\n<li>Fabrikkinstallert LED-innvendig belysning.<\/li>\n<li>Forskjellige belysningsscenarier for innvendig belysning kan kontrolleres digitalt.<\/li>\n<li>Str\u00f8msamlerne p\u00e5 servicevognen kan l\u00f8ftes og senkes separat som en digital funksjon.<\/li>\n<li>&#8216;World of Operation&#8217; mfx+ dekoder med omfattende lys- og lydfunksjoner.<\/li>\n<li>Den grunnleggende femdelte toget kan utvides med et tredelt tilleggsett og en ekstra mellomvogn.<\/li>\n<\/ul>\n<p>Modellen er i 1:87 skala og har omfattende lyd- og lysfunksjoner for en autentisk modelljernbaneopplevelse. Den har ogs\u00e5 styrt h\u00f8yeffektiv fremdrift med svinghjul, sentralt montert i spisevognen, og alle fire akslene i begge boggier drives ved hjelp av kardangaksler. Modellen har ogs\u00e5 fabrikkinstallert innvendig belysning, forskjellige fargescenarier for innvendig belysning som kan kontrolleres digitalt, og vedlikeholdsfrie varmhvite og forskjellige fargede LED-lys.<\/p>\n<p>Den femdelte grunnmodellen kan utvides med et tredelt tilleggsett og en ekstra mellomvogn for enda mer moro med modelljernbane. Du kan ogs\u00e5 finne basisversjonen for ICE 4 h\u00f8yhastighetstog i en DC-versjon i Trix H0-sortimentet under varenummer 22971.<\/p>\n<p>Gauge H0 &#8211; ICE 4 Klass 412\/812 Drivtog er et fantastisk tillegg til enhver modelljernbanesamling, og en flott m\u00e5te \u00e5 utforske verden av modellbygging. Bestill ditt byggesett i dag og ta steget inn i den fascinerende verdenen av modelljernbane.<\/p>","protected":false},"excerpt":{"rendered":"<p>Opplev spenningen ved modelljernbane med Gauge H0 &#8211; ICE 4 Klass 412\/812 Drivtog. Med helt nye verkt\u00f8y, LED-innvendig belysning og omfattende lys- og lydfunksjoner, er dette byggesettet perfekt for b\u00e5de nybegynnere og erfarne entusiaster.<\/p>","protected":false},"featured_media":7816,"comment_status":"open","ping_status":"closed","template":"","meta":[],"product_brand":[107],"product_cat":[114,72],"product_tag":[],"class_list":{"0":"post-7817","1":"product","2":"type-product","3":"status-publish","4":"has-post-thumbnail","6":"product_brand-marklin","7":"product_cat-locomotives","8":"product_cat-marklin-h0-originalen","10":"first","11":"outofstock","12":"taxable","13":"shipping-taxable","14":"purchasable","15":"product-type-simple"},"_links":{"self":[{"href":"https:\/\/bigfunhobby.com\/sv\/wp-json\/wp\/v2\/product\/7817","targetHints":{"allow":["GET"]}}],"collection":[{"href":"https:\/\/bigfunhobby.com\/sv\/wp-json\/wp\/v2\/product"}],"about":[{"href":"https:\/\/bigfunhobby.com\/sv\/wp-json\/wp\/v2\/types\/product"}],"replies":[{"embeddable":true,"href":"https:\/\/bigfunhobby.com\/sv\/wp-json\/wp\/v2\/comments?post=7817"}],"wp:featuredmedia":[{"embeddable":true,"href":"https:\/\/bigfunhobby.com\/sv\/wp-json\/wp\/v2\/media\/7816"}],"wp:attachment":[{"href":"https:\/\/bigfunhobby.com\/sv\/wp-json\/wp\/v2\/media?parent=7817"}],"wp:term":[{"taxonomy":"product_brand","embeddable":true,"href":"https:\/\/bigfunhobby.com\/sv\/wp-json\/wp\/v2\/product_brand?post=7817"},{"taxonomy":"product_cat","embeddable":true,"href":"https:\/\/bigfunhobby.com\/sv\/wp-json\/wp\/v2\/product_cat?post=7817"},{"taxonomy":"product_tag","embeddable":true,"href":"https:\/\/bigfunhobby.com\/sv\/wp-json\/wp\/v2\/product_tag?post=7817"}],"curies":[{"name":"wp","href":"https:\/\/api.w.org\/{rel}","templated":true}]}}