{"id":7819,"date":"2025-03-08T17:13:14","date_gmt":"2025-03-08T17:13:14","guid":{"rendered":"https:\/\/bigfunhobby.com\/butikk\/gauge-h0-article-no-39754-class-75-4-steam-locomotive\/"},"modified":"2025-12-04T10:59:16","modified_gmt":"2025-12-04T08:59:16","slug":"sparvidd-h0-art-nr-39754-anglok-klass-75-4","status":"publish","type":"product","link":"https:\/\/bigfunhobby.com\/sv\/butikk\/gauge-h0-article-no-39754-class-75-4-steam-locomotive\/","title":{"rendered":"Sp\u00e5rvidd H0 - Artikel nr 39754 \u00c5nglok klass 75.4"},"content":{"rendered":"<p><strong>Inledning:<\/strong> Bekanta dig med v\u00e5r Sp\u00e5rvidd H0 - Art.nr. 39754 \u00c5nglokomotiv klass 75.4. Detta \u00e4r en modellj\u00e4rnv\u00e4g av \u00e5ngloket Class 75.4 som \u00e4r k\u00e4nt f\u00f6r sin detaljerade metallkonstruktion och rika ljudfunktioner. Denna skalamodell \u00e4r det perfekta tillskottet till alla modellj\u00e4rnv\u00e4gsentusiasters samling.<\/p>\n<p><strong>Specifikationer:<\/strong> Modellen har en mfx+ digitaldekoder med omfattande ljudfunktioner. Den har ocks\u00e5 reglerad h\u00f6geffektiv framdrivning med ett sv\u00e4nghjul monterat i pannan. Tre axlar \u00e4r drivna och modellen har \u00e4ven d\u00e4ck med v\u00e4ggrepp. Modellen av detta \u00e5nglok \u00e4r huvudsakligen tillverkad av metall.<\/p>\n<p><strong>Material:<\/strong> Modellen \u00e4r huvudsakligen tillverkad i metall och har m\u00e5nga separat applicerade handtag och linjer i metall. De dubbla str\u00e5lkastarna v\u00e4xlar med k\u00f6rriktningen, fungerar konventionellt och kan styras digitalt. Modellen har underh\u00e5llsfria varmvita lysdioder f\u00f6r belysning.<\/p>\n<p><strong>Historia:<\/strong> Detta \u00e4r en trogen kopia av de tyska federala j\u00e4rnv\u00e4garnas (DB) \u00e5nglok av serie 75.4 (tidigare Baden VI c). Versionen \u00e4r utrustad med dubbla str\u00e5lkastare, r\u00f6klucka med centrall\u00e5s och nitade vattentankar. Modellen ser ut som den gjorde runt 1953. <\/p>\n<p><strong>Slutsats:<\/strong> Att bygga modellj\u00e4rnv\u00e4gar \u00e4r en givande och kreativ hobby som kan ut\u00f6vas av b\u00e5de vuxna och barn. Oavsett om du \u00e4r en erfaren modellbyggare eller nyb\u00f6rjare kommer du att finna gl\u00e4dje i att bygga och visa upp denna imponerande modell. Om du \u00e4r redo att ta din modellj\u00e4rnv\u00e4g till n\u00e4sta niv\u00e5, best\u00e4ll din Gauge H0 - artikel nr 39754 klass 75.4 \u00e5nglok idag.<\/p>","protected":false},"excerpt":{"rendered":"<p>Detta \u00e4r en modellj\u00e4rnv\u00e4g i skala H0 av \u00e5ngloket klass 75.4, k\u00e4nt f\u00f6r sin detaljerade metallkonstruktion och rika ljudfunktioner. Perfekt f\u00f6r b\u00e5de nyb\u00f6rjare och erfarna modellbyggare.<\/p>","protected":false},"featured_media":7818,"comment_status":"open","ping_status":"closed","template":"","meta":[],"product_brand":[107],"product_cat":[114,72],"product_tag":[],"class_list":{"0":"post-7819","1":"product","2":"type-product","3":"status-publish","4":"has-post-thumbnail","6":"product_brand-marklin","7":"product_cat-locomotives","8":"product_cat-marklin-h0-originalen","10":"first","11":"outofstock","12":"taxable","13":"shipping-taxable","14":"purchasable","15":"product-type-simple"},"_links":{"self":[{"href":"https:\/\/bigfunhobby.com\/sv\/wp-json\/wp\/v2\/product\/7819","targetHints":{"allow":["GET"]}}],"collection":[{"href":"https:\/\/bigfunhobby.com\/sv\/wp-json\/wp\/v2\/product"}],"about":[{"href":"https:\/\/bigfunhobby.com\/sv\/wp-json\/wp\/v2\/types\/product"}],"replies":[{"embeddable":true,"href":"https:\/\/bigfunhobby.com\/sv\/wp-json\/wp\/v2\/comments?post=7819"}],"wp:featuredmedia":[{"embeddable":true,"href":"https:\/\/bigfunhobby.com\/sv\/wp-json\/wp\/v2\/media\/7818"}],"wp:attachment":[{"href":"https:\/\/bigfunhobby.com\/sv\/wp-json\/wp\/v2\/media?parent=7819"}],"wp:term":[{"taxonomy":"product_brand","embeddable":true,"href":"https:\/\/bigfunhobby.com\/sv\/wp-json\/wp\/v2\/product_brand?post=7819"},{"taxonomy":"product_cat","embeddable":true,"href":"https:\/\/bigfunhobby.com\/sv\/wp-json\/wp\/v2\/product_cat?post=7819"},{"taxonomy":"product_tag","embeddable":true,"href":"https:\/\/bigfunhobby.com\/sv\/wp-json\/wp\/v2\/product_tag?post=7819"}],"curies":[{"name":"wp","href":"https:\/\/api.w.org\/{rel}","templated":true}]}}