{"id":7821,"date":"2025-03-08T17:13:15","date_gmt":"2025-03-08T17:13:15","guid":{"rendered":"https:\/\/bigfunhobby.com\/butikk\/gauge-h0-article-no-39787-class-78-steam-locomotive\/"},"modified":"2025-12-04T10:59:16","modified_gmt":"2025-12-04T08:59:16","slug":"gauge-h0-article-no-39787-class-78-steam-locomotive","status":"publish","type":"product","link":"https:\/\/bigfunhobby.com\/sv\/butikk\/gauge-h0-article-no-39787-class-78-steam-locomotive\/","title":{"rendered":"Gauge H0 &#8211; Article No. 39787 Class 78 Steam Locomotive"},"content":{"rendered":"<p>Dykk ned i jernbanehistorien med Gauge H0 &#8211; Klasse 78 Damplokomotiv, en n\u00f8yaktig rekonstruksjon av det tyske forbundsbanens (DB) klassiske damplokomotiv. Modellen er basert p\u00e5 lokomotivet slik det s\u00e5 ut rundt 1965, med tre kjeler, et rektangul\u00e6rt sanddome og rikelig med detaljer for \u00e5 fange autentisiteten av den opprinnelige konstruksjonen.<\/p>\n<h2 class='hdl-2 bottom-10'>H\u00f6jdpunkterna<\/h2>\n<div class='grid-x grid-margin-x'>\n<div class='cell medium-6'>\n<ul class='list-style-disc'>\n<li>Spesielt detaljert metallkonstruksjon.<\/li>\n<li>Mange separat p\u00e5f\u00f8rte detaljer.<\/li>\n<li>F\u00f8rerhusbelysning kan styres digitalt.<\/li>\n<li>Mark\u00f8rlys kan styres separat i digital drift.<\/li>\n<li>En 72270 r\u00f8ykgenerator kan installeres.<\/li>\n<li>mfx+ digital dekoder og en rekke drifts- og lydfunksjoner inkludert.<\/li>\n<\/ul>\n<p class='long-text'>Modellen er utstyrt med en mfx+ digital dekoder og omfattende lydfunksjoner. Den gir effektiv drift med hjelp av et svinghjul montert i kjelen, og tre aksler er drevet. Togmodellen er hovedsakelig konstruert av metall for \u00e5 gi en autentisk f\u00f8lelse og holdbarhet. Toglyktene skifter i henhold til kj\u00f8reretningen, og b\u00e5de disse og r\u00f8ykgeneratoren kan kontrolleres digitalt. Modellen har ogs\u00e5 doble r\u00f8de mark\u00f8rlys som kan styres separat i digital drift. Vedlikeholdsfrie, varmhvite og r\u00f8de LED-lys er brukt for belysning.<\/p>\n<p class='long-text'>Modellen har mange separat p\u00e5f\u00f8rte metalldetaljer, som h\u00e5ndtak og r\u00f8r, noe som bidrar til den realistiske fremtoningen. Den har en driftsradius p\u00e5 minimum 360 mm og er omtrent 17 cm lang. Beskyttende stempelstanghylser og bremsetromler er inkludert i byggesettet.<\/p>\n<p class='text-addition top-15m'>Passende passasjervogner til dette lokomotivet kan finnes i M&auml;rklin H0-sortimentet under varenumrene 43126, 43166, og 43336.<\/p>\n<p>Legg til et unikt stykke jernbanehistorie i din samling med denne autentiske modellen! Perfekt for den dedikerte modelljernbane-entusiasten, eller for de som akkurat har begynt med modellbygging. Ikke vent, bestill Gauge H0 &#8211; Klasse 78 Damplokomotiv i dag!<\/p>\n<\/div>\n<\/div>","protected":false},"excerpt":{"rendered":"<p>Opplev den fantastiske detaljrikdommen og autentisiteten til Gauge H0 &#8211; Klasse 78 Damplokomotiv, et ypperlig tilskudd for enhver modelljernbaneentusiast. Dette er en n\u00f8ye konstruert modell med mange separate detaljer og digitale funksjoner.<\/p>","protected":false},"featured_media":7820,"comment_status":"open","ping_status":"closed","template":"","meta":[],"product_brand":[107],"product_cat":[114,72],"product_tag":[],"class_list":{"0":"post-7821","1":"product","2":"type-product","3":"status-publish","4":"has-post-thumbnail","6":"product_brand-marklin","7":"product_cat-locomotives","8":"product_cat-marklin-h0-originalen","10":"first","11":"outofstock","12":"taxable","13":"shipping-taxable","14":"purchasable","15":"product-type-simple"},"_links":{"self":[{"href":"https:\/\/bigfunhobby.com\/sv\/wp-json\/wp\/v2\/product\/7821","targetHints":{"allow":["GET"]}}],"collection":[{"href":"https:\/\/bigfunhobby.com\/sv\/wp-json\/wp\/v2\/product"}],"about":[{"href":"https:\/\/bigfunhobby.com\/sv\/wp-json\/wp\/v2\/types\/product"}],"replies":[{"embeddable":true,"href":"https:\/\/bigfunhobby.com\/sv\/wp-json\/wp\/v2\/comments?post=7821"}],"wp:featuredmedia":[{"embeddable":true,"href":"https:\/\/bigfunhobby.com\/sv\/wp-json\/wp\/v2\/media\/7820"}],"wp:attachment":[{"href":"https:\/\/bigfunhobby.com\/sv\/wp-json\/wp\/v2\/media?parent=7821"}],"wp:term":[{"taxonomy":"product_brand","embeddable":true,"href":"https:\/\/bigfunhobby.com\/sv\/wp-json\/wp\/v2\/product_brand?post=7821"},{"taxonomy":"product_cat","embeddable":true,"href":"https:\/\/bigfunhobby.com\/sv\/wp-json\/wp\/v2\/product_cat?post=7821"},{"taxonomy":"product_tag","embeddable":true,"href":"https:\/\/bigfunhobby.com\/sv\/wp-json\/wp\/v2\/product_tag?post=7821"}],"curies":[{"name":"wp","href":"https:\/\/api.w.org\/{rel}","templated":true}]}}