{"id":7823,"date":"2025-03-08T17:13:15","date_gmt":"2025-03-08T17:13:15","guid":{"rendered":"https:\/\/bigfunhobby.com\/butikk\/gauge-h0-article-no-39866-class-189-electric-locomotive\/"},"modified":"2025-12-04T10:59:16","modified_gmt":"2025-12-04T08:59:16","slug":"gauge-h0-article-no-39866-class-189-electric-locomotive","status":"publish","type":"product","link":"https:\/\/bigfunhobby.com\/sv\/butikk\/gauge-h0-article-no-39866-class-189-electric-locomotive\/","title":{"rendered":"Gauge H0 &#8211; Article No. 39866 Class 189 Electric Locomotive"},"content":{"rendered":"<p>Gj\u00f8r deg klar til \u00e5 fordype deg i verden av modelljernbanebygging med v\u00e5r Gauge H0 &#8211; klasse 189 elektriske lokomotiv. Dette toget er en n\u00f8ye detaljert kopi av det tyske jernbaneselskapet DB AGs klasse 189 elektriske lokomotiv, slik det s\u00e5 ut i 2018. <\/p>\n<h2 class='hdl-2 bottom-10'>H\u00f6jdpunkterna<\/h2>\n<ul class='list-style-disc'>\n<li>Modellen er utstyrt med fire forskjellige pantografer, akkurat som originalen.<\/li>\n<li>Langdistanselysene kan styres og tilpasset etter eget \u00f8nske.<\/li>\n<li>Inkluderer en &#8216;World of Operation&#8217; mfx+ decoder med omfattende drift- og lydfunksjoner.<\/li>\n<\/ul>\n<p class='long-text'><strong>Modellspecifikationer:<\/strong> Lokomotivet kommer med en mfx+ digital decoder og omfattende lydfunksjoner. Den har ogs\u00e5 kontrollert h\u00f8yeffektiv fremdrift med et svinghjul som er sentralt montert. Fire av akslene drives ved hjelp av kardangaksler. Modellen har ogs\u00e5 trekkdekk. De tredoble frontlyktene og de doble r\u00f8de markeringslysene skifter over med kj\u00f8reretningen, vil fungere i konvensjonell drift, og kan kontrolleres digitalt. Frontlysene p\u00e5 lokomotivets ender 2 og 1 kan sl\u00e5s av separat i digital drift. N\u00e5r frontlysene er avstengt i begge ender, er dobbelt &#8216;A&#8217; lysfunksjonen p\u00e5 i begge ender. De langdistansede frontlyktene kan styres digitalt. Vedlikeholdsfrie varmhvite og r\u00f8de LED-lamper er brukt til belysning. F\u00f8rerhusene har interi\u00f8rdetaljer. Lokomotivet har separat p\u00e5f\u00f8rte metallh\u00e5ndtak. Lokomotivet er prototypisk utstyrt med forskjellige pantografer. Lengde over buffere er 22,5 cm \/ 8-7\/8&#8242;.<\/p>\n<p>Dette er den perfekte tillegget til enhver modelljernbaneentusiasts samling, uansett om du er nybegynner eller erfaren modellbygger. Med sitt realistiske design og funksjoner vil det ta din modelljernbaneopplevelse til nye h\u00f8yder. Ikke vent lenger, bestill ditt Gauge H0 &#8211; klasse 189 elektriske lokomotiv i dag!<\/p>","protected":false},"excerpt":{"rendered":"<p>Opplev realistisk modellbygging med klasse 189 elektrisk lokomotiv i Gauge H0. Dette er et h\u00f8ykvalitets byggesett perfekt for modelljernbane-entusiaster.<\/p>","protected":false},"featured_media":7822,"comment_status":"open","ping_status":"closed","template":"","meta":[],"product_brand":[107],"product_cat":[114,72],"product_tag":[],"class_list":{"0":"post-7823","1":"product","2":"type-product","3":"status-publish","4":"has-post-thumbnail","6":"product_brand-marklin","7":"product_cat-locomotives","8":"product_cat-marklin-h0-originalen","10":"first","11":"outofstock","12":"taxable","13":"shipping-taxable","14":"purchasable","15":"product-type-simple"},"_links":{"self":[{"href":"https:\/\/bigfunhobby.com\/sv\/wp-json\/wp\/v2\/product\/7823","targetHints":{"allow":["GET"]}}],"collection":[{"href":"https:\/\/bigfunhobby.com\/sv\/wp-json\/wp\/v2\/product"}],"about":[{"href":"https:\/\/bigfunhobby.com\/sv\/wp-json\/wp\/v2\/types\/product"}],"replies":[{"embeddable":true,"href":"https:\/\/bigfunhobby.com\/sv\/wp-json\/wp\/v2\/comments?post=7823"}],"wp:featuredmedia":[{"embeddable":true,"href":"https:\/\/bigfunhobby.com\/sv\/wp-json\/wp\/v2\/media\/7822"}],"wp:attachment":[{"href":"https:\/\/bigfunhobby.com\/sv\/wp-json\/wp\/v2\/media?parent=7823"}],"wp:term":[{"taxonomy":"product_brand","embeddable":true,"href":"https:\/\/bigfunhobby.com\/sv\/wp-json\/wp\/v2\/product_brand?post=7823"},{"taxonomy":"product_cat","embeddable":true,"href":"https:\/\/bigfunhobby.com\/sv\/wp-json\/wp\/v2\/product_cat?post=7823"},{"taxonomy":"product_tag","embeddable":true,"href":"https:\/\/bigfunhobby.com\/sv\/wp-json\/wp\/v2\/product_tag?post=7823"}],"curies":[{"name":"wp","href":"https:\/\/api.w.org\/{rel}","templated":true}]}}