{"id":7829,"date":"2025-03-08T17:13:17","date_gmt":"2025-03-08T17:13:17","guid":{"rendered":"https:\/\/bigfunhobby.com\/butikk\/marklin-vt98-vs-98-rail-car-db\/"},"modified":"2025-12-04T10:59:16","modified_gmt":"2025-12-04T08:59:16","slug":"marklin-vt98-vs-98-rail-car-db","status":"publish","type":"product","link":"https:\/\/bigfunhobby.com\/sv\/butikk\/marklin-vt98-vs-98-rail-car-db\/","title":{"rendered":"M\u00e4rklin &#8211; VT98 + VS 98 rail car DB"},"content":{"rendered":"<p>Dette M\u00e4rklin VT98 + VS 98 jernbanevognsettet fra DB tar deg tilbake til 1960-tallets tyske jernbane. Settet best\u00e5r av en motorvogn (klasse VT 98.9) og en styrevogn (klasse VS 98) \u2013 begge i den originale, dype r\u00f8dfargen. Motorvognens nummer er VT 98 9705, mens styrevognens nummer er VS 98 306.<\/p>\n<p><strong>Specifikationer:<\/strong><\/p>\n<ul>\n<li>Motorvognen har en mfx+ digital decoder, og omfattende lyd- og lysfunksjoner.<\/li>\n<li>Motorvognen har kontrollert h\u00f8yeffektiv fremdrift, med 2 drevne aksler og friksjonsdekk.<\/li>\n<li>Motorvognen og styrevognen har begge fabrikkinstallert innvendig belysning.<\/li>\n<li>B\u00e5de motorvognen og styrevognen har triple frontlys og doble r\u00f8de markeringslys som skifter med kj\u00f8reretningen.<\/li>\n<li>Lyset p\u00e5 begge ender av motorvognen kan sl\u00e5s av separat.<\/li>\n<li>Lengde over buffere p\u00e5 det todelte settet er 32,2 cm.<\/li>\n<\/ul>\n<p>For en mer autentisk kj\u00f8reopplevelse, kan du utvide dette todelte settet med en VB 98 jernbanevogn (selges separat under varenummer 41988). Med denne tilleggsmodulen kan du skape en mer realistisk modelljernbaneopplevelse.<\/p>\n<p>Dette modelljernbanesettet er perfekt for b\u00e5de erfarne modelljernbaneentusiaster og nybegynnere som er interessert i modellbygging. Byggesettet kombinerer historie, teknikk og design i \u00e9n pakke, og gir deg en autentisk opplevelse av 1960-tallets tyske jernbane.<\/p>\n<p>S\u00e5 hvorfor vente? Start ditt modelljernbaneeventyr i dag med M\u00e4rklin VT98 + VS 98 jernbanevognsettet. Bestill n\u00e5!<\/p>","protected":false},"excerpt":{"rendered":"<p>Opplev 1960-tallets tyske jernbane med M\u00e4rklin VT98 + VS 98 jernbanevognsett fra DB. Dette settet gir b\u00e5de lyd- og lysfunksjoner, samt innvendig belysning.<\/p>","protected":false},"featured_media":7828,"comment_status":"open","ping_status":"closed","template":"","meta":[],"product_brand":[107],"product_cat":[114,72],"product_tag":[],"class_list":{"0":"post-7829","1":"product","2":"type-product","3":"status-publish","4":"has-post-thumbnail","6":"product_brand-marklin","7":"product_cat-locomotives","8":"product_cat-marklin-h0-originalen","10":"first","11":"outofstock","12":"taxable","13":"shipping-taxable","14":"purchasable","15":"product-type-simple"},"_links":{"self":[{"href":"https:\/\/bigfunhobby.com\/sv\/wp-json\/wp\/v2\/product\/7829","targetHints":{"allow":["GET"]}}],"collection":[{"href":"https:\/\/bigfunhobby.com\/sv\/wp-json\/wp\/v2\/product"}],"about":[{"href":"https:\/\/bigfunhobby.com\/sv\/wp-json\/wp\/v2\/types\/product"}],"replies":[{"embeddable":true,"href":"https:\/\/bigfunhobby.com\/sv\/wp-json\/wp\/v2\/comments?post=7829"}],"wp:featuredmedia":[{"embeddable":true,"href":"https:\/\/bigfunhobby.com\/sv\/wp-json\/wp\/v2\/media\/7828"}],"wp:attachment":[{"href":"https:\/\/bigfunhobby.com\/sv\/wp-json\/wp\/v2\/media?parent=7829"}],"wp:term":[{"taxonomy":"product_brand","embeddable":true,"href":"https:\/\/bigfunhobby.com\/sv\/wp-json\/wp\/v2\/product_brand?post=7829"},{"taxonomy":"product_cat","embeddable":true,"href":"https:\/\/bigfunhobby.com\/sv\/wp-json\/wp\/v2\/product_cat?post=7829"},{"taxonomy":"product_tag","embeddable":true,"href":"https:\/\/bigfunhobby.com\/sv\/wp-json\/wp\/v2\/product_tag?post=7829"}],"curies":[{"name":"wp","href":"https:\/\/api.w.org\/{rel}","templated":true}]}}