{"id":7833,"date":"2025-03-08T17:13:19","date_gmt":"2025-03-08T17:13:19","guid":{"rendered":"https:\/\/bigfunhobby.com\/butikk\/marklin-class-254-electric-locomotive\/"},"modified":"2025-12-04T10:59:16","modified_gmt":"2025-12-04T08:59:16","slug":"marklin-class-254-electric-locomotive","status":"publish","type":"product","link":"https:\/\/bigfunhobby.com\/sv\/butikk\/marklin-class-254-electric-locomotive\/","title":{"rendered":"M\u00e4rklin &#8211; Class 254 Electric Locomotive"},"content":{"rendered":"<p>Opplev nostalgi og detaljrikdom med v\u00e5r M\u00e4rklin &#8211; Klasse 254 Elektrisk Lokomotiv. Dette er en autentisk modell av det tyske statsjernbanens (DR\/GDR) klassiske, tunge elektriske godstog. Med sin flaskegr\u00f8nne farge og svarte ramme, er dette et must for alle modelljernbane-entusiaster.<\/p>\n<p><strong>Specifikationer:<\/strong><\/p>\n<ul>\n<li>Lokomotivet har en mfx+ digital decoder og omfattende lydfunksjoner.<\/li>\n<li>Det har kontrollert h\u00f8yeffektiv drift med et svinghjul, sentralt montert.<\/li>\n<li>Lokomotivet har et sammensatt ramme for \u00e5 forhandle om kurver bedre.<\/li>\n<li>Trippel frontlys og doble r\u00f8de markeringslys skifter over med kj\u00f8reretningen.<\/li>\n<li>Lengde over buffers er 21.4 cm.<\/li>\n<\/ul>\n<p>Modellen er utformet med stor oppmerksomhet p\u00e5 detaljer, inkludert separat p\u00e5f\u00f8rte h\u00e5ndtak, innvendige detaljer i lindring i f\u00f8rerhusene og motorrommet, og bremser\u00f8r og imitasjonskoblinger som kan monteres p\u00e5 lokomotivet.<\/p>\n<p>For de som \u00f8nsker \u00e5 utvide samlingen sin, tilbyr vi et moderne godstogsett, som passer perfekt med dette lokomotivet, under varenummer 24123. I tillegg finnes det en DC-versjon av denne modellen i Trix H0-sortimentet under varenummer 25991.<\/p>\n<p>Enten du er en erfaren modellbygger eller en nybegynner, vil denne modellen v\u00e6re et fantastisk tillegg til din samling. Ikke vent, bestill M\u00e4rklin &#8211; Klasse 254 Elektrisk Lokomotiv n\u00e5 og ta din modelljernbane til et nytt niv\u00e5 av realisme.<\/p>","protected":false},"excerpt":{"rendered":"<p>M\u00e4rklin &#8211; Klasse 254 Elektrisk Lokomotiv er en autentisk modell av det tyske statsjernbanens (DR\/GDR) klassiske, tunge elektriske godstog fra 1989. Perfekt for modelljernbane-entusiaster.<\/p>","protected":false},"featured_media":7832,"comment_status":"open","ping_status":"closed","template":"","meta":[],"product_brand":[107],"product_cat":[114,72],"product_tag":[],"class_list":{"0":"post-7833","1":"product","2":"type-product","3":"status-publish","4":"has-post-thumbnail","6":"product_brand-marklin","7":"product_cat-locomotives","8":"product_cat-marklin-h0-originalen","10":"first","11":"instock","12":"taxable","13":"shipping-taxable","14":"purchasable","15":"product-type-simple"},"_links":{"self":[{"href":"https:\/\/bigfunhobby.com\/sv\/wp-json\/wp\/v2\/product\/7833","targetHints":{"allow":["GET"]}}],"collection":[{"href":"https:\/\/bigfunhobby.com\/sv\/wp-json\/wp\/v2\/product"}],"about":[{"href":"https:\/\/bigfunhobby.com\/sv\/wp-json\/wp\/v2\/types\/product"}],"replies":[{"embeddable":true,"href":"https:\/\/bigfunhobby.com\/sv\/wp-json\/wp\/v2\/comments?post=7833"}],"wp:featuredmedia":[{"embeddable":true,"href":"https:\/\/bigfunhobby.com\/sv\/wp-json\/wp\/v2\/media\/7832"}],"wp:attachment":[{"href":"https:\/\/bigfunhobby.com\/sv\/wp-json\/wp\/v2\/media?parent=7833"}],"wp:term":[{"taxonomy":"product_brand","embeddable":true,"href":"https:\/\/bigfunhobby.com\/sv\/wp-json\/wp\/v2\/product_brand?post=7833"},{"taxonomy":"product_cat","embeddable":true,"href":"https:\/\/bigfunhobby.com\/sv\/wp-json\/wp\/v2\/product_cat?post=7833"},{"taxonomy":"product_tag","embeddable":true,"href":"https:\/\/bigfunhobby.com\/sv\/wp-json\/wp\/v2\/product_tag?post=7833"}],"curies":[{"name":"wp","href":"https:\/\/api.w.org\/{rel}","templated":true}]}}