{"id":7845,"date":"2025-03-08T17:13:22","date_gmt":"2025-03-08T17:13:22","guid":{"rendered":"https:\/\/bigfunhobby.com\/butikk\/marklin-add-on-car-set-3-for-giruno\/"},"modified":"2025-12-04T10:59:17","modified_gmt":"2025-12-04T08:59:17","slug":"marklin-add-on-car-set-3-for-giruno","status":"publish","type":"product","link":"https:\/\/bigfunhobby.com\/sv\/butikk\/marklin-add-on-car-set-3-for-giruno\/","title":{"rendered":"M\u00e4rklin &#8211; Add-On Car Set 3 for Giruno"},"content":{"rendered":"<p>Utvid modelljernbanen din med M\u00e4rklin tilleggssett 3 for Giruno. Dette er et tilleggssett for den sveitsiske f\u00f8derale jernbanen (SBB) klasse RABe 501 &#8216;Giruno&#8217; h\u00f8yhastighetstog. Settet inkluderer to f\u00f8rsteklasses vognsett, en type J (A4) mellomvogn og en type K (A3) mellomvogn, designet slik de s\u00e5 ut i 2021.<\/p>\n<p><strong>Modellspecifikationer:<\/strong><\/p>\n<ul>\n<li>2-delt tilleggssett for \u00e5 utvide klasse RABe 501 &#8216;Giruno&#8217; h\u00f8yhastighetstog til en 11-delt enhet<\/li>\n<li>Innvendig belysning installert p\u00e5 fabrikken med vedlikeholdsfrie varmhvite LED-lys<\/li>\n<li>Kontinuerlig elektrisk forbindelse gjennom hele toget<\/li>\n<li>Bevegelsesmekanisme i Jakobs&#8217; lastebiler<\/li>\n<li>Modellert i sanntid<\/li>\n<li>Minimum driftsradius er 360 mm \/ 14-3\/16&#8242;<\/li>\n<li>Lengden p\u00e5 paret av biler er 40,2 cm \/ 15-13\/16&#8242;<\/li>\n<\/ul>\n<p>Denne tilleggsenheten for klasse RABe 501 &#8216;Giruno&#8217; passer perfekt for de som er interessert i modelljernbane og skalamodeller. Det gir en autentisk opplevelse av modellbygging for voksne og unge entusiaster.<\/p>\n<p>For \u00e5 f\u00e5 den mest autentiske opplevelsen, kan det 39810 grunnsettet utvides til en prototypisk 11-delt enhet med de 43461, 43462, og 43463 tilleggssettene.<\/p>\n<p>Ikke vent med \u00e5 ta modelljernbanen din til et nytt niv\u00e5. Utforsk v\u00e5rt utvalg og bestill M\u00e4rklin tilleggssett 3 for Giruno i dag.<\/p>","protected":false},"excerpt":{"rendered":"<p>Utvid modelljernbanen din med M\u00e4rklin tilleggssett 3 for Giruno. Settet inkluderer to f\u00f8rsteklasses vognsett med innvendig belysning og autentisk design fra 2021.<\/p>","protected":false},"featured_media":7844,"comment_status":"open","ping_status":"closed","template":"","meta":[],"product_brand":[107],"product_cat":[72],"product_tag":[],"class_list":{"0":"post-7845","1":"product","2":"type-product","3":"status-publish","4":"has-post-thumbnail","6":"product_brand-marklin","7":"product_cat-marklin-h0-originalen","9":"first","10":"outofstock","11":"taxable","12":"shipping-taxable","13":"purchasable","14":"product-type-simple"},"_links":{"self":[{"href":"https:\/\/bigfunhobby.com\/sv\/wp-json\/wp\/v2\/product\/7845","targetHints":{"allow":["GET"]}}],"collection":[{"href":"https:\/\/bigfunhobby.com\/sv\/wp-json\/wp\/v2\/product"}],"about":[{"href":"https:\/\/bigfunhobby.com\/sv\/wp-json\/wp\/v2\/types\/product"}],"replies":[{"embeddable":true,"href":"https:\/\/bigfunhobby.com\/sv\/wp-json\/wp\/v2\/comments?post=7845"}],"wp:featuredmedia":[{"embeddable":true,"href":"https:\/\/bigfunhobby.com\/sv\/wp-json\/wp\/v2\/media\/7844"}],"wp:attachment":[{"href":"https:\/\/bigfunhobby.com\/sv\/wp-json\/wp\/v2\/media?parent=7845"}],"wp:term":[{"taxonomy":"product_brand","embeddable":true,"href":"https:\/\/bigfunhobby.com\/sv\/wp-json\/wp\/v2\/product_brand?post=7845"},{"taxonomy":"product_cat","embeddable":true,"href":"https:\/\/bigfunhobby.com\/sv\/wp-json\/wp\/v2\/product_cat?post=7845"},{"taxonomy":"product_tag","embeddable":true,"href":"https:\/\/bigfunhobby.com\/sv\/wp-json\/wp\/v2\/product_tag?post=7845"}],"curies":[{"name":"wp","href":"https:\/\/api.w.org\/{rel}","templated":true}]}}