{"id":7875,"date":"2025-03-08T17:13:30","date_gmt":"2025-03-08T17:13:30","guid":{"rendered":"https:\/\/bigfunhobby.com\/butikk\/marklin-hinged-roof-car-set-obb\/"},"modified":"2026-03-11T17:15:18","modified_gmt":"2026-03-11T15:15:18","slug":"marklin-hinged-roof-car-set-obb","status":"publish","type":"product","link":"https:\/\/bigfunhobby.com\/sv\/butikk\/marklin-hinged-roof-car-set-obb\/","title":{"rendered":"M\u00e4rklin &#8211; Hinged Roof car Set \u00d6BB"},"content":{"rendered":"<p>Dykk ned i verden av modelljernbane med M\u00e4rklin &#8211; Hinged Roof car Set \u00d6BB. Dette h\u00f8ykvalitets settet gir en autentisk modelljernbaneopplevelse, perfekt for b\u00e5de nybegynnere og erfarne modellbyggere.<\/p>\n<p>Settet best\u00e5r av flere vognsett som er detaljrikt og intrikat konstruert, med mange separat p\u00e5f\u00f8rte detaljer. Vognene har separat p\u00e5f\u00f8rte forlengelser for sjaktene, og det hengslede taket kan \u00e5pnes. Vognparene er forbundet med en permanent prototypekopling, og det f\u00f8lger med fungerende n\u00e6rbogseringskoblinger.<\/p>\n<ul>\n<li>Vognene har forskjellige vognnumre.<\/li>\n<li>Alle vognparene er individuelt pakket.<\/li>\n<li>Lengde over buffere per vognpar er omtrent 22,5 cm.<\/li>\n<li>Total lengde over buffere er omtrent 67,5 cm.<\/li>\n<li>DC-hjulsett E700580.<\/li>\n<li>Trix Express-hjulsett E3357811.<\/li>\n<\/ul>\n<p>M\u00e4rklin er kjent for sin h\u00f8ye kvalitet og autentisitet n\u00e5r det kommer til modelljernbane. Med dette settet kan du utvide din samling eller starte en ny, og oppleve gleden ved \u00e5 bygge og vedlikeholde din egen modelljernbane.<\/p>\n<p>Ikke vent med \u00e5 ta steget inn i modelljernbanens fascinerende verden. Kj\u00f8p M\u00e4rklin &#8211; Hinged Roof car Set \u00d6BB i dag og begynn din modelljernbaneopplevelse.<\/p>","protected":false},"excerpt":{"rendered":"<p>Opplev den realistiske detaljrikdommen i M\u00e4rklin &#8211; Hinged Roof car Set \u00d6BB, et togsett perfekt for alle modelljernbaneentusiaster.<\/p>","protected":false},"featured_media":7874,"comment_status":"open","ping_status":"closed","template":"","meta":[],"product_brand":[107],"product_cat":[72],"product_tag":[],"class_list":{"0":"post-7875","1":"product","2":"type-product","3":"status-publish","4":"has-post-thumbnail","6":"product_brand-marklin","7":"product_cat-marklin-h0-originalen","9":"first","10":"outofstock","11":"taxable","12":"shipping-taxable","13":"purchasable","14":"product-type-simple"},"_links":{"self":[{"href":"https:\/\/bigfunhobby.com\/sv\/wp-json\/wp\/v2\/product\/7875","targetHints":{"allow":["GET"]}}],"collection":[{"href":"https:\/\/bigfunhobby.com\/sv\/wp-json\/wp\/v2\/product"}],"about":[{"href":"https:\/\/bigfunhobby.com\/sv\/wp-json\/wp\/v2\/types\/product"}],"replies":[{"embeddable":true,"href":"https:\/\/bigfunhobby.com\/sv\/wp-json\/wp\/v2\/comments?post=7875"}],"wp:featuredmedia":[{"embeddable":true,"href":"https:\/\/bigfunhobby.com\/sv\/wp-json\/wp\/v2\/media\/7874"}],"wp:attachment":[{"href":"https:\/\/bigfunhobby.com\/sv\/wp-json\/wp\/v2\/media?parent=7875"}],"wp:term":[{"taxonomy":"product_brand","embeddable":true,"href":"https:\/\/bigfunhobby.com\/sv\/wp-json\/wp\/v2\/product_brand?post=7875"},{"taxonomy":"product_cat","embeddable":true,"href":"https:\/\/bigfunhobby.com\/sv\/wp-json\/wp\/v2\/product_cat?post=7875"},{"taxonomy":"product_tag","embeddable":true,"href":"https:\/\/bigfunhobby.com\/sv\/wp-json\/wp\/v2\/product_tag?post=7875"}],"curies":[{"name":"wp","href":"https:\/\/api.w.org\/{rel}","templated":true}]}}