{"id":7879,"date":"2025-03-08T17:13:32","date_gmt":"2025-03-08T17:13:32","guid":{"rendered":"https:\/\/bigfunhobby.com\/butikk\/marklin-type-otmm-70-dump-car\/"},"modified":"2025-12-04T10:59:18","modified_gmt":"2025-12-04T08:59:18","slug":"marklin-type-otmm-70-dump-car","status":"publish","type":"product","link":"https:\/\/bigfunhobby.com\/sv\/butikk\/marklin-type-otmm-70-dump-car\/","title":{"rendered":"M\u00e4rklin &#8211; Type Otmm 70 Dump Car"},"content":{"rendered":"<p>Gj\u00f8r modelljernbanen din mer livaktig med M\u00e4rklin &#8211; Type Otmm 70 Dump Car. Denne skalamodellen av en kullvogn er et ypperlig tillegg for b\u00e5de nybegynnere og erfarne modelljernbane-entusiaster.<\/p>\n<p>Dette er en finmodell med mange separat p\u00e5f\u00f8rte detaljer. Den har separat p\u00e5f\u00f8rte renneforlengelser og en fraktlastinnlegg med ekte kull i skala st\u00f8rrelse. Dette gir en ekstra dybde av realisme til din modelljernbane.<\/p>\n<ul>\n<li>Lengde over bufferne er 11,2 cm \/ 4-3\/8&#8242;.<\/li>\n<li>DC hjulsett E700580. Trix Express vognhjulsett E33357811.<\/li>\n<\/ul>\n<p>Modelljernbane er en lidenskap som gj\u00f8r det mulig \u00e5 skape din egen lille verden, og hver eneste detalj teller for \u00e5 gi et autentisk uttrykk. Med M\u00e4rklin &#8211; Type Otmm 70 Dump Car kan du legge til en ekstra dimensjon av realisme til ditt landskap.<\/p>\n<p>Denne skalamodellen er et must for alle modelljernbane-entusiaster som \u00f8nsker \u00e5 forbedre og utvide sin samling. Er du klar til \u00e5 ta din modelljernbane til neste niv\u00e5? Bestill M\u00e4rklin &#8211; Type Otmm 70 Dump Car i dag og ta et skritt n\u00e6rmere en komplett og autentisk modelljernbane.<\/p>","protected":false},"excerpt":{"rendered":"<p>M\u00e4rklin &#8211; Type Otmm 70 Dump Car er en detaljert skalamodell av en kullvogn, perfekt for modelljernbane-entusiaster som \u00f8nsker \u00e5 utvide sin samling med realistiske elementer.<\/p>","protected":false},"featured_media":7878,"comment_status":"open","ping_status":"closed","template":"","meta":[],"product_brand":[107],"product_cat":[72],"product_tag":[],"class_list":{"0":"post-7879","1":"product","2":"type-product","3":"status-publish","4":"has-post-thumbnail","6":"product_brand-marklin","7":"product_cat-marklin-h0-originalen","9":"first","10":"instock","11":"taxable","12":"shipping-taxable","13":"purchasable","14":"product-type-simple"},"_links":{"self":[{"href":"https:\/\/bigfunhobby.com\/sv\/wp-json\/wp\/v2\/product\/7879","targetHints":{"allow":["GET"]}}],"collection":[{"href":"https:\/\/bigfunhobby.com\/sv\/wp-json\/wp\/v2\/product"}],"about":[{"href":"https:\/\/bigfunhobby.com\/sv\/wp-json\/wp\/v2\/types\/product"}],"replies":[{"embeddable":true,"href":"https:\/\/bigfunhobby.com\/sv\/wp-json\/wp\/v2\/comments?post=7879"}],"wp:featuredmedia":[{"embeddable":true,"href":"https:\/\/bigfunhobby.com\/sv\/wp-json\/wp\/v2\/media\/7878"}],"wp:attachment":[{"href":"https:\/\/bigfunhobby.com\/sv\/wp-json\/wp\/v2\/media?parent=7879"}],"wp:term":[{"taxonomy":"product_brand","embeddable":true,"href":"https:\/\/bigfunhobby.com\/sv\/wp-json\/wp\/v2\/product_brand?post=7879"},{"taxonomy":"product_cat","embeddable":true,"href":"https:\/\/bigfunhobby.com\/sv\/wp-json\/wp\/v2\/product_cat?post=7879"},{"taxonomy":"product_tag","embeddable":true,"href":"https:\/\/bigfunhobby.com\/sv\/wp-json\/wp\/v2\/product_tag?post=7879"}],"curies":[{"name":"wp","href":"https:\/\/api.w.org\/{rel}","templated":true}]}}