{"id":7885,"date":"2025-03-08T17:13:33","date_gmt":"2025-03-08T17:13:33","guid":{"rendered":"https:\/\/bigfunhobby.com\/butikk\/marklin-eva-strd-design-tank-car\/"},"modified":"2025-12-04T10:59:18","modified_gmt":"2025-12-04T08:59:18","slug":"marklin-eva-strd-design-tank-car","status":"publish","type":"product","link":"https:\/\/bigfunhobby.com\/sv\/butikk\/marklin-eva-strd-design-tank-car\/","title":{"rendered":"M\u00e4rklin &#8211; EVA Strd Design Tank Car"},"content":{"rendered":"<p>Opplev en bit av jernbanehistorien med v\u00e5r M\u00e4rklin &#8211; EVA Strd design tankvogn. Denne skalamodellen er en trofast reproduksjon av en standard tysk jernbanetankvogn fra begynnelsen av 1960-tallet, brukt av det tyske f\u00f8derale jernbaneselskapet (DB). Tankvognen er en privat eiet vogn for firmaet EVA, Eisenbahn-Verkehrsmittel-Aktiengesellschaft \/ Railroad Transport Resources, Inc., basert i D\u00fcsseldorf, Tyskland.<\/p>\n<p><strong>Specifikationer:<\/strong><\/p>\n<ul>\n<li>Eldre design med presset platevogn og bremserplattform.<\/li>\n<li>Spesialstillede hjul for jevn kj\u00f8ring.<\/li>\n<li>Separat p\u00e5f\u00f8rte stiger og gangbroer.<\/li>\n<li>Lengde over buffere er 14,2 cm \/ 5-5\/8&#8242;.<\/li>\n<li>DC hjulsett E32376004.<\/li>\n<\/ul>\n<p>Denne modellen er perfekt for alle som er interessert i modelljernbane og skalamodeller. Enten du er en erfaren samler eller en nybegynner, vil denne tankvognen gi et autentisk preg p\u00e5 din modelljernbane.<\/p>\n<p>Modelljernbane er mer enn bare en hobby, det er en lidenskap. Det gir en mulighet til \u00e5 dykke ned i historien og gjenoppleve en tid som har g\u00e5tt. Dette M\u00e4rklin &#8211; EVA Strd design tankvogn er et ypperlig tillegg til enhver modelljernbaneoppsett, og vil helt sikkert gi mange timer med byggeglede og spilling.<\/p>\n<p>Ikke vent, forbedre din modelljernbane med denne autentiske skalamodellen. <strong>Boka nu<\/strong>.<\/p>","protected":false},"excerpt":{"rendered":"<p>M\u00e4rklin &#8211; EVA Strd design tankvogn er en autentisk skalamodell av en tysk jernbanetankvogn fra 1960-tallet, ideell for alle modelljernbaneentusiaster.<\/p>","protected":false},"featured_media":7884,"comment_status":"open","ping_status":"closed","template":"","meta":[],"product_brand":[107],"product_cat":[72],"product_tag":[],"class_list":{"0":"post-7885","1":"product","2":"type-product","3":"status-publish","4":"has-post-thumbnail","6":"product_brand-marklin","7":"product_cat-marklin-h0-originalen","9":"first","10":"instock","11":"taxable","12":"shipping-taxable","13":"purchasable","14":"product-type-simple"},"_links":{"self":[{"href":"https:\/\/bigfunhobby.com\/sv\/wp-json\/wp\/v2\/product\/7885","targetHints":{"allow":["GET"]}}],"collection":[{"href":"https:\/\/bigfunhobby.com\/sv\/wp-json\/wp\/v2\/product"}],"about":[{"href":"https:\/\/bigfunhobby.com\/sv\/wp-json\/wp\/v2\/types\/product"}],"replies":[{"embeddable":true,"href":"https:\/\/bigfunhobby.com\/sv\/wp-json\/wp\/v2\/comments?post=7885"}],"wp:featuredmedia":[{"embeddable":true,"href":"https:\/\/bigfunhobby.com\/sv\/wp-json\/wp\/v2\/media\/7884"}],"wp:attachment":[{"href":"https:\/\/bigfunhobby.com\/sv\/wp-json\/wp\/v2\/media?parent=7885"}],"wp:term":[{"taxonomy":"product_brand","embeddable":true,"href":"https:\/\/bigfunhobby.com\/sv\/wp-json\/wp\/v2\/product_brand?post=7885"},{"taxonomy":"product_cat","embeddable":true,"href":"https:\/\/bigfunhobby.com\/sv\/wp-json\/wp\/v2\/product_cat?post=7885"},{"taxonomy":"product_tag","embeddable":true,"href":"https:\/\/bigfunhobby.com\/sv\/wp-json\/wp\/v2\/product_tag?post=7885"}],"curies":[{"name":"wp","href":"https:\/\/api.w.org\/{rel}","templated":true}]}}