{"id":7897,"date":"2025-03-08T17:13:37","date_gmt":"2025-03-08T17:13:37","guid":{"rendered":"https:\/\/bigfunhobby.com\/butikk\/gauge-h0-article-no-47226-type-shimmns-sliding-tarp-car\/"},"modified":"2025-12-04T10:59:19","modified_gmt":"2025-12-04T08:59:19","slug":"gauge-h0-article-no-47226-type-shimmns-sliding-tarp-car","status":"publish","type":"product","link":"https:\/\/bigfunhobby.com\/sv\/butikk\/gauge-h0-article-no-47226-type-shimmns-sliding-tarp-car\/","title":{"rendered":"Gauge H0 &#8211; Article No. 47226 Type Shimmns Sliding Tarp Car"},"content":{"rendered":"<p>Dra p\u00e5 en reise inn i modelljernbaneverdenen med Gauge H0 &#8211; Shimmns skyvetakvogn. Denne modellen er en detaljert reproduksjon av den tyske jernbanevognen (DB AG) type Shimmns-tu 718, og er et perfekt tilskudd til enhver modelljernbane.<\/p>\n<p><strong>Specifikationer:<\/strong><\/p>\n<ul>\n<li>Type: Shimmns-tu 718<\/li>\n<li>Skala: H0<\/li>\n<li>Fire aksler<\/li>\n<li>Lengde over buffere: ca. 13,8 cm<\/li>\n<li>DC-hjulsats E700580<\/li>\n<li>Type Y 25 boggier<\/li>\n<li>Trafikk-r\u00f8d grunnfarge<\/li>\n<\/ul>\n<p>Modellen er sv\u00e6rt detaljert med et lukket presenningstak og separat p\u00e5f\u00f8rte grabbjern. Den er dekorert i en trafikk-r\u00f8d grunnfarge, og gjenspeiler vognens utseende fra 2017.<\/p>\n<p>Enten du er en erfaren modellbygger, eller bare begynner med modelljernbane, vil denne vognen gi deg mange timer med byggeglede. Den h\u00f8ye detaljgraden og autentiske utformingen gj\u00f8r den til et utmerket valg for alle som \u00f8nsker \u00e5 bygge en realistisk modelljernbane.<\/p>\n<p>For ytterligere variasjon i din modelljernbane finner du en annen skyvetakvogn med et annet vognnummer i Trix H0-sortimentet under varenummer 24380.<\/p>\n<p>Ikke n\u00f8l, legg Shimmns skyvetakvogn til din samling i dag. Kj\u00f8p her og opplev gleden ved modellbygging!<\/p>","protected":false},"excerpt":{"rendered":"<p>Utforsk modelljernbaneverdenen med Shimmns skyvetakvogn i skala H0. Perfekt for b\u00e5de nybegynnere og erfarne modellbyggere.<\/p>","protected":false},"featured_media":7896,"comment_status":"open","ping_status":"closed","template":"","meta":[],"product_brand":[107],"product_cat":[72],"product_tag":[],"class_list":{"0":"post-7897","1":"product","2":"type-product","3":"status-publish","4":"has-post-thumbnail","6":"product_brand-marklin","7":"product_cat-marklin-h0-originalen","9":"first","10":"outofstock","11":"taxable","12":"shipping-taxable","13":"purchasable","14":"product-type-simple"},"_links":{"self":[{"href":"https:\/\/bigfunhobby.com\/sv\/wp-json\/wp\/v2\/product\/7897","targetHints":{"allow":["GET"]}}],"collection":[{"href":"https:\/\/bigfunhobby.com\/sv\/wp-json\/wp\/v2\/product"}],"about":[{"href":"https:\/\/bigfunhobby.com\/sv\/wp-json\/wp\/v2\/types\/product"}],"replies":[{"embeddable":true,"href":"https:\/\/bigfunhobby.com\/sv\/wp-json\/wp\/v2\/comments?post=7897"}],"wp:featuredmedia":[{"embeddable":true,"href":"https:\/\/bigfunhobby.com\/sv\/wp-json\/wp\/v2\/media\/7896"}],"wp:attachment":[{"href":"https:\/\/bigfunhobby.com\/sv\/wp-json\/wp\/v2\/media?parent=7897"}],"wp:term":[{"taxonomy":"product_brand","embeddable":true,"href":"https:\/\/bigfunhobby.com\/sv\/wp-json\/wp\/v2\/product_brand?post=7897"},{"taxonomy":"product_cat","embeddable":true,"href":"https:\/\/bigfunhobby.com\/sv\/wp-json\/wp\/v2\/product_cat?post=7897"},{"taxonomy":"product_tag","embeddable":true,"href":"https:\/\/bigfunhobby.com\/sv\/wp-json\/wp\/v2\/product_tag?post=7897"}],"curies":[{"name":"wp","href":"https:\/\/api.w.org\/{rel}","templated":true}]}}