{"id":7925,"date":"2025-03-08T17:13:45","date_gmt":"2025-03-08T17:13:45","guid":{"rendered":"https:\/\/bigfunhobby.com\/butikk\/gauge-h0-article-no-74030-center-rail-insulators-cont-5-pcs\/"},"modified":"2025-12-04T10:59:21","modified_gmt":"2025-12-04T08:59:21","slug":"gauge-h0-article-no-74030-center-rail-insulators-cont-5-pcs","status":"publish","type":"product","link":"https:\/\/bigfunhobby.com\/sv\/butikk\/gauge-h0-article-no-74030-center-rail-insulators-cont-5-pcs\/","title":{"rendered":"Gauge H0 &#8211; Article No. 74030 Center Rail Insulators (cont.5 pcs.)"},"content":{"rendered":"<p>Dette er et sett med 5 senterrails isolatorer i Gauge H0. Disse er essensielle komponenter i modelljernbanebygging og brukes for \u00e5 skille str\u00f8mkretser eller signalblokker. Produktet passer perfekt for b\u00e5de nybegynnere og erfarne entusiaster innen modelljernbane.<\/p>\n<ul>\n<li>Artikkelnr: 74030<\/li>\n<li>Innhold: 8 stk for 4 isolasjonspunkter<\/li>\n<li>Skala: M\u00e4tare H0<\/li>\n<\/ul>\n<p>\u00c5 bygge en modelljernbane er ikke bare en hobby, det er en lidenskap. Fra planleggingen og designet til bygging og detaljering, er hver del av prosessen like viktig. Disse isolatorene er laget for \u00e5 gi deg full kontroll over str\u00f8mforsyningen til modelljernbanen din, noe som gj\u00f8r dem til en uvurderlig del av ethvert modelljernbaneprosjekt.<\/p>\n<p>Enten du er i ferd med \u00e5 starte ditt f\u00f8rste modelljernbaneprosjekt eller er en erfaren modellbygger, vil disse senterrails isolatorene hjelpe deg med \u00e5 skape en mer realistisk og funksjonell modelljernbane. De er enkle \u00e5 installere og kan brukes med de fleste typer modelljernbaner i Gauge H0.<\/p>\n<p>S\u00e5 hvorfor vente? Ta modelljernbanebyggingen din til neste niv\u00e5 med disse senterrails isolatorene. Kj\u00f8p her for \u00e5 starte byggingen av ditt neste modelljernbaneprosjekt.<\/p>","protected":false},"excerpt":{"rendered":"<p>Senterrails isolatorer i Gauge H0 &#8211; 5 pakning. Brukes for \u00e5 skille str\u00f8mkretser eller signalblokker i modelljernbanebygging.<\/p>","protected":false},"featured_media":7924,"comment_status":"open","ping_status":"closed","template":"","meta":[],"product_brand":[107],"product_cat":[72],"product_tag":[],"class_list":{"0":"post-7925","1":"product","2":"type-product","3":"status-publish","4":"has-post-thumbnail","6":"product_brand-marklin","7":"product_cat-marklin-h0-originalen","9":"first","10":"instock","11":"taxable","12":"shipping-taxable","13":"purchasable","14":"product-type-simple"},"_links":{"self":[{"href":"https:\/\/bigfunhobby.com\/sv\/wp-json\/wp\/v2\/product\/7925","targetHints":{"allow":["GET"]}}],"collection":[{"href":"https:\/\/bigfunhobby.com\/sv\/wp-json\/wp\/v2\/product"}],"about":[{"href":"https:\/\/bigfunhobby.com\/sv\/wp-json\/wp\/v2\/types\/product"}],"replies":[{"embeddable":true,"href":"https:\/\/bigfunhobby.com\/sv\/wp-json\/wp\/v2\/comments?post=7925"}],"wp:featuredmedia":[{"embeddable":true,"href":"https:\/\/bigfunhobby.com\/sv\/wp-json\/wp\/v2\/media\/7924"}],"wp:attachment":[{"href":"https:\/\/bigfunhobby.com\/sv\/wp-json\/wp\/v2\/media?parent=7925"}],"wp:term":[{"taxonomy":"product_brand","embeddable":true,"href":"https:\/\/bigfunhobby.com\/sv\/wp-json\/wp\/v2\/product_brand?post=7925"},{"taxonomy":"product_cat","embeddable":true,"href":"https:\/\/bigfunhobby.com\/sv\/wp-json\/wp\/v2\/product_cat?post=7925"},{"taxonomy":"product_tag","embeddable":true,"href":"https:\/\/bigfunhobby.com\/sv\/wp-json\/wp\/v2\/product_tag?post=7925"}],"curies":[{"name":"wp","href":"https:\/\/api.w.org\/{rel}","templated":true}]}}