{"id":7927,"date":"2025-03-08T17:13:46","date_gmt":"2025-03-08T17:13:46","guid":{"rendered":"https:\/\/bigfunhobby.com\/butikk\/gauge-h0-article-no-74462-installation-digital-decoder-for-turnouts-c-track\/"},"modified":"2025-12-04T10:59:21","modified_gmt":"2025-12-04T08:59:21","slug":"gauge-h0-article-no-74462-installation-digital-decoder-for-turnouts-c-track","status":"publish","type":"product","link":"https:\/\/bigfunhobby.com\/sv\/butikk\/gauge-h0-article-no-74462-installation-digital-decoder-for-turnouts-c-track\/","title":{"rendered":"Gauge H0 &#8211; Article No. 74462 Installation Digital Decoder for Turnouts (C Track)"},"content":{"rendered":"<p>Gj\u00f8r modelljernbanen din mer avansert med v\u00e5r digitale decoder for C Track turnouts i Gauge H0 skala. Denne decodern kan enkelt installeres i alle C Track turnouts med elektrisk mekanisme, og gir deg full kontroll over dine modelljernbanespor.<\/p>\n<p>Decodern st\u00f8tter digitale formater som mfx, Motorola og DCC, noe som gir deg st\u00f8rre fleksibilitet i din modelljernbanebygging. Tilkoblingen er enkel og brukervennlig med stikkontakter, og du kan selv bestemme adressen med kodningsbrytere (MM 1\u2013320, DCC 1\u2013511) eller ved hjelp av CVs (MM 1\u2013320, DCC 1\u20132044) p\u00e5 programmeringsskj\u00e6ret.<\/p>\n<p>En ekstra funksjon er at en turnout lykt ogs\u00e5 kan kontrolleres fra decodern. Her kreves det litt kunnskap om lodding for \u00e5 gj\u00f8re tilkoblingene, men det er en flott m\u00e5te \u00e5 utvide funksjonaliteten til din modelljernbane p\u00e5.<\/p>\n<p>Decodern kan installeres samtidig eller senere sammen med den elektriske mekanismen for turnouts. Den kobles enkelt til med stikkontakter, og kan gis en egendefinert adresse for hver turnout (Adresse 1 til 256). Verken spesialverkt\u00f8y eller spesialkunnskap er n\u00f8dvendig for installasjonen. Den digitale str\u00f8mforsyningen kan tas direkte fra togets driftskontakt for turnouten, noe som gir deg en ferdig digital turnout som er umiddelbart klar for bruk p\u00e5 midlertidige oppsett.<\/p>\n<p>Med denne decodern kan du ta din modelljernbane til nye h\u00f8yder. Uansett om du er nybegynner eller en erfaren modelljernbaneentusiast, vil denne decodern gi deg mer kontroll og mer moro med din modelljernbanebygging.<\/p>\n<p>Ikke vent, ta kontroll over din modelljernbane i dag. Bestill din digitale decoder n\u00e5.<\/p>","protected":false},"excerpt":{"rendered":"<p>Dette er en digital decoder for C Track turnouts i Gauge H0 skala. Den st\u00f8tter mfx, Motorola og DCC, og kan lett installeres i alle C Track turnouts med elektrisk mekanisme.<\/p>","protected":false},"featured_media":7926,"comment_status":"open","ping_status":"closed","template":"","meta":[],"product_brand":[107],"product_cat":[72],"product_tag":[],"class_list":{"0":"post-7927","1":"product","2":"type-product","3":"status-publish","4":"has-post-thumbnail","6":"product_brand-marklin","7":"product_cat-marklin-h0-originalen","9":"first","10":"outofstock","11":"taxable","12":"shipping-taxable","13":"purchasable","14":"product-type-simple"},"_links":{"self":[{"href":"https:\/\/bigfunhobby.com\/sv\/wp-json\/wp\/v2\/product\/7927","targetHints":{"allow":["GET"]}}],"collection":[{"href":"https:\/\/bigfunhobby.com\/sv\/wp-json\/wp\/v2\/product"}],"about":[{"href":"https:\/\/bigfunhobby.com\/sv\/wp-json\/wp\/v2\/types\/product"}],"replies":[{"embeddable":true,"href":"https:\/\/bigfunhobby.com\/sv\/wp-json\/wp\/v2\/comments?post=7927"}],"wp:featuredmedia":[{"embeddable":true,"href":"https:\/\/bigfunhobby.com\/sv\/wp-json\/wp\/v2\/media\/7926"}],"wp:attachment":[{"href":"https:\/\/bigfunhobby.com\/sv\/wp-json\/wp\/v2\/media?parent=7927"}],"wp:term":[{"taxonomy":"product_brand","embeddable":true,"href":"https:\/\/bigfunhobby.com\/sv\/wp-json\/wp\/v2\/product_brand?post=7927"},{"taxonomy":"product_cat","embeddable":true,"href":"https:\/\/bigfunhobby.com\/sv\/wp-json\/wp\/v2\/product_cat?post=7927"},{"taxonomy":"product_tag","embeddable":true,"href":"https:\/\/bigfunhobby.com\/sv\/wp-json\/wp\/v2\/product_tag?post=7927"}],"curies":[{"name":"wp","href":"https:\/\/api.w.org\/{rel}","templated":true}]}}