{"id":7933,"date":"2025-03-08T17:13:47","date_gmt":"2025-03-08T17:13:47","guid":{"rendered":"https:\/\/bigfunhobby.com\/butikk\/gauge-h0-article-no-74471-warm-white-turnout-lantern-kit-right-left-contents-1-piece-of-each\/"},"modified":"2025-12-04T10:59:21","modified_gmt":"2025-12-04T08:59:21","slug":"gauge-h0-article-no-74471-warm-white-turnout-lantern-kit-right-left-contents-1-piece-of-each","status":"publish","type":"product","link":"https:\/\/bigfunhobby.com\/sv\/butikk\/gauge-h0-article-no-74471-warm-white-turnout-lantern-kit-right-left-contents-1-piece-of-each\/","title":{"rendered":"Gauge H0 &#8211; Article No. 74471 Warm White Turnout Lantern Kit, Right\/Left (Contents 1 piece of each)"},"content":{"rendered":"<p>Forbedre modelljernbanen din med det imponerende Gauge H0 &#8211; 74471 Varm Hvite Sporveksellykt settet. Dette settet er designet for \u00e5 oppgradere to C Track-sporveksler, og kan tilpasses b\u00e5de h\u00f8yre, venstre og treveis sporveksler. Det kan brukes med manuell h\u00e5ndspak og\/eller med den elektriske sporvekselmekanismen 74491. <\/p>\n<p>Med vedlikeholdsfrie varmhvite LED-lamper, er sporveksellyktene b\u00e5de holdbare og realistiske, noe som gir modelljernbanen din et autentisk utseende. Alle C Track-sporveksler, enten de er manuelt betjente eller har elektriske sporvekselmekanismer, kan utstyres med disse lysende sporveksellyktene. Installasjonsprosedyren er enkel, og lysinnlegget passer ogs\u00e5 inn i den faste lykten p\u00e5 dobbel sporveksel. <\/p>\n<ul>\n<li>Produktnavn: Gauge H0 &#8211; 74471 Varm Hvite Sporveksellykt sett<\/li>\n<li>Passer: H\u00f8yre, venstre, og treveis sporveksler <\/li>\n<li>Inkluderer vedlikeholdsfrie varmhvite LED-lamper<\/li>\n<li>Kan brukes med manuell h\u00e5ndspak og\/eller elektrisk sporvekselmekanisme<\/li>\n<li>Enkel installasjon<\/li>\n<\/ul>\n<p>Forbedre dine ferdigheter innen modelljernbanebygging med dette h\u00f8ykvalitets settet. Med vedlikeholdsfrie LED-lamper, blir sporveksellyktene et holdbart og realistisk tillegg til din modelljernbane. S\u00e5, hvorfor vente? Ta modelljernbanen din til neste niv\u00e5 i dag. Bestill Gauge H0 &#8211; 74471 Varm Hvite Sporveksellykt settet n\u00e5.<\/p>","protected":false},"excerpt":{"rendered":"<p>Oppgrader sporvekslene dine med Gauge H0 &#8211; 74471 Varm Hvite Sporveksellykt settet. Passer til b\u00e5de h\u00f8yre, venstre og treveis sporveksler med varmhvite, vedlikeholdsfrie LED-lamper.<\/p>","protected":false},"featured_media":7932,"comment_status":"open","ping_status":"closed","template":"","meta":[],"product_brand":[107],"product_cat":[72],"product_tag":[],"class_list":{"0":"post-7933","1":"product","2":"type-product","3":"status-publish","4":"has-post-thumbnail","6":"product_brand-marklin","7":"product_cat-marklin-h0-originalen","9":"first","10":"outofstock","11":"taxable","12":"shipping-taxable","13":"purchasable","14":"product-type-simple"},"_links":{"self":[{"href":"https:\/\/bigfunhobby.com\/sv\/wp-json\/wp\/v2\/product\/7933","targetHints":{"allow":["GET"]}}],"collection":[{"href":"https:\/\/bigfunhobby.com\/sv\/wp-json\/wp\/v2\/product"}],"about":[{"href":"https:\/\/bigfunhobby.com\/sv\/wp-json\/wp\/v2\/types\/product"}],"replies":[{"embeddable":true,"href":"https:\/\/bigfunhobby.com\/sv\/wp-json\/wp\/v2\/comments?post=7933"}],"wp:featuredmedia":[{"embeddable":true,"href":"https:\/\/bigfunhobby.com\/sv\/wp-json\/wp\/v2\/media\/7932"}],"wp:attachment":[{"href":"https:\/\/bigfunhobby.com\/sv\/wp-json\/wp\/v2\/media?parent=7933"}],"wp:term":[{"taxonomy":"product_brand","embeddable":true,"href":"https:\/\/bigfunhobby.com\/sv\/wp-json\/wp\/v2\/product_brand?post=7933"},{"taxonomy":"product_cat","embeddable":true,"href":"https:\/\/bigfunhobby.com\/sv\/wp-json\/wp\/v2\/product_cat?post=7933"},{"taxonomy":"product_tag","embeddable":true,"href":"https:\/\/bigfunhobby.com\/sv\/wp-json\/wp\/v2\/product_tag?post=7933"}],"curies":[{"name":"wp","href":"https:\/\/api.w.org\/{rel}","templated":true}]}}