{"id":7935,"date":"2025-03-08T17:13:48","date_gmt":"2025-03-08T17:13:48","guid":{"rendered":"https:\/\/bigfunhobby.com\/butikk\/gauge-h0-article-no-74491-electric-turnout-mechanism-c-track\/"},"modified":"2025-12-04T10:59:21","modified_gmt":"2025-12-04T08:59:21","slug":"gauge-h0-article-no-74491-electric-turnout-mechanism-c-track","status":"publish","type":"product","link":"https:\/\/bigfunhobby.com\/sv\/butikk\/gauge-h0-article-no-74491-electric-turnout-mechanism-c-track\/","title":{"rendered":"Gauge H0 &#8211; Article No. 74491 Electric Turnout Mechanism (C Track)"},"content":{"rendered":"<p>Forbedre din modelljernbane med Gauge H0 &#8211; 74491 Elektrisk Sporvekselmekanisme (C Track). Dette er en forbedret oppgraderingspakke for C Track sporveksler, designet for b\u00e5de nybegynnere og erfarne modelljernbaneentusiaster.<\/p>\n<p>Produktet er utstyrt med en dobbel solenoidmekanisme med endebryterkontakter. Den kan opereres fra en tilbeh\u00f8rskontroller (for eksempel: 72720) eller ved hjelp av en digital dekoder (74461). En tilbakemeldingsfunksjon er mulig med 7271\/72710 tilbeh\u00f8rskontrollerne.<\/p>\n<ul>\n<li>Enkel installasjon p\u00e5 sporvekslere uten spesielle verkt\u00f8y<\/li>\n<li>Sitter skjult i veidekket; underbordsmontering er ikke n\u00f8dvendig<\/li>\n<li>Er innkapslet mot skitt og beskyttet mot overbelastning med endebryterkontakter<\/li>\n<li>Kan styres med en vanlig tilbeh\u00f8rskontroller, en tilbeh\u00f8rskontroller med tilbakemeldingsfunksjon, eller en digital dekoder<\/li>\n<\/ul>\n<p>V\u00e6r oppmerksom p\u00e5 at 24624 dobbel slip switch allerede har en spesiell mekanisme innebygd.<\/p>\n<p>Denne elektriske mekanismen gir din modelljernbane en mer autentisk og realistisk opplevelse. Med muligheten for manuell kontroll ved \u00e5 la h\u00e5ndspaken v\u00e6re p\u00e5 sporveksleren, kan du nyte en mer hands-on opplevelse med din modelljernbane.<\/p>\n<p>Gauge H0 &#8211; 74491 Elektrisk Sporvekselmekanisme (C Track) er et must for enhver seri\u00f8s modelljernbaneentusiast. Ta din modelljernbane til neste niv\u00e5. Kj\u00f8p her og begynn oppgraderingen i dag.<\/p>","protected":false},"excerpt":{"rendered":"<p>Oppgrader modelljernbanen din med Gauge H0 &#8211; 74491 Elektrisk Sporvekselmekanisme (C Track). Enkelt \u00e5 installere for en mer autentisk og realistisk modelljernbaneopplevelse.<\/p>","protected":false},"featured_media":7934,"comment_status":"open","ping_status":"closed","template":"","meta":[],"product_brand":[107],"product_cat":[72],"product_tag":[],"class_list":{"0":"post-7935","1":"product","2":"type-product","3":"status-publish","4":"has-post-thumbnail","6":"product_brand-marklin","7":"product_cat-marklin-h0-originalen","9":"first","10":"instock","11":"taxable","12":"shipping-taxable","13":"purchasable","14":"product-type-simple"},"_links":{"self":[{"href":"https:\/\/bigfunhobby.com\/sv\/wp-json\/wp\/v2\/product\/7935","targetHints":{"allow":["GET"]}}],"collection":[{"href":"https:\/\/bigfunhobby.com\/sv\/wp-json\/wp\/v2\/product"}],"about":[{"href":"https:\/\/bigfunhobby.com\/sv\/wp-json\/wp\/v2\/types\/product"}],"replies":[{"embeddable":true,"href":"https:\/\/bigfunhobby.com\/sv\/wp-json\/wp\/v2\/comments?post=7935"}],"wp:featuredmedia":[{"embeddable":true,"href":"https:\/\/bigfunhobby.com\/sv\/wp-json\/wp\/v2\/media\/7934"}],"wp:attachment":[{"href":"https:\/\/bigfunhobby.com\/sv\/wp-json\/wp\/v2\/media?parent=7935"}],"wp:term":[{"taxonomy":"product_brand","embeddable":true,"href":"https:\/\/bigfunhobby.com\/sv\/wp-json\/wp\/v2\/product_brand?post=7935"},{"taxonomy":"product_cat","embeddable":true,"href":"https:\/\/bigfunhobby.com\/sv\/wp-json\/wp\/v2\/product_cat?post=7935"},{"taxonomy":"product_tag","embeddable":true,"href":"https:\/\/bigfunhobby.com\/sv\/wp-json\/wp\/v2\/product_tag?post=7935"}],"curies":[{"name":"wp","href":"https:\/\/api.w.org\/{rel}","templated":true}]}}