{"id":7943,"date":"2025-03-08T17:13:50","date_gmt":"2025-03-08T17:13:50","guid":{"rendered":"https:\/\/bigfunhobby.com\/butikk\/gauge-h0-article-no-74623-curved-ramp\/"},"modified":"2025-12-04T10:59:21","modified_gmt":"2025-12-04T08:59:21","slug":"sparvidd-h0-art-nr-74623-svangd-ramp","status":"publish","type":"product","link":"https:\/\/bigfunhobby.com\/sv\/butikk\/gauge-h0-article-no-74623-curved-ramp\/","title":{"rendered":"M\u00e5tt H0 - artikelnr 74623 B\u00f6jd ramp"},"content":{"rendered":"<p>Gauge H0 - artikelnr 74623 \u00e4r en h\u00f6gkvalitativ sv\u00e4ngd ramp f\u00f6r modellj\u00e4rnv\u00e4gsentusiaster. Det h\u00e4r \u00e4r ett perfekt tillbeh\u00f6r f\u00f6r att ut\u00f6ka och f\u00f6rb\u00e4ttra din modellj\u00e4rnv\u00e4g och ge mer liv \u00e5t ditt t\u00e5gsystem.<\/p>\n<p>Specifikationer:<\/p>\n<ul>\n<li>Radie: 437,5 mm<\/li>\n<li>Kurva: 30\u00b0<\/li>\n<li>Bredd: 64 mm<\/li>\n<li>Passar R2 radie C-sp\u00e5r kr\u00f6kta delar<\/li>\n<li>En rampsektion har samma l\u00e4ngd som 24230-sp\u00e5rsektionen<\/li>\n<\/ul>\n<p>Curved ramp \u00e4r utformad f\u00f6r att passa perfekt in i ditt befintliga modellj\u00e4rnv\u00e4gssystem. Detta tillbeh\u00f6r bidrar till att skapa en mer dynamisk och realistisk j\u00e4rnv\u00e4gsupplevelse och ger dig obegr\u00e4nsade m\u00f6jligheter att utforma ditt unika t\u00e5glandskap.<\/p>\n<p>Historiskt sett har sv\u00e4ngda ramper varit en viktig del av m\u00e5nga j\u00e4rnv\u00e4gssystem, vilket ger en extra autentisk k\u00e4nsla till din modellj\u00e4rnv\u00e4g. Med den h\u00e4r sv\u00e4ngda rampen kan du efterlikna verkliga j\u00e4rnv\u00e4gsstrukturer p\u00e5 ett trov\u00e4rdigt s\u00e4tt.<\/p>\n<p>Oavsett om du \u00e4r en erfaren modellj\u00e4rnv\u00e4gsbyggare eller nyb\u00f6rjare kommer den h\u00e4r sv\u00e4ngda rampen att g\u00f6ra det m\u00f6jligt f\u00f6r dig att ut\u00f6ka och f\u00f6rb\u00e4ttra din modellj\u00e4rnv\u00e4g. V\u00e4nta inte, ta din modellj\u00e4rnv\u00e4g till nya h\u00f6jder redan idag. <strong>K\u00f6p h\u00e4r<\/strong>.<\/p>","protected":false},"excerpt":{"rendered":"<p>Sp\u00e5rvidd H0 - artikelnr 74623 \u00e4r en sv\u00e4ngd ramp f\u00f6r modellj\u00e4rnv\u00e4gar, perfekt f\u00f6r att skapa mer realistiska och sp\u00e4nnande sp\u00e5r i din modellj\u00e4rnv\u00e4gsv\u00e4rld.<\/p>","protected":false},"featured_media":7942,"comment_status":"open","ping_status":"closed","template":"","meta":[],"product_brand":[107],"product_cat":[72],"product_tag":[],"class_list":{"0":"post-7943","1":"product","2":"type-product","3":"status-publish","4":"has-post-thumbnail","6":"product_brand-marklin","7":"product_cat-marklin-h0-originalen","9":"first","10":"outofstock","11":"taxable","12":"shipping-taxable","13":"purchasable","14":"product-type-simple"},"_links":{"self":[{"href":"https:\/\/bigfunhobby.com\/sv\/wp-json\/wp\/v2\/product\/7943","targetHints":{"allow":["GET"]}}],"collection":[{"href":"https:\/\/bigfunhobby.com\/sv\/wp-json\/wp\/v2\/product"}],"about":[{"href":"https:\/\/bigfunhobby.com\/sv\/wp-json\/wp\/v2\/types\/product"}],"replies":[{"embeddable":true,"href":"https:\/\/bigfunhobby.com\/sv\/wp-json\/wp\/v2\/comments?post=7943"}],"wp:featuredmedia":[{"embeddable":true,"href":"https:\/\/bigfunhobby.com\/sv\/wp-json\/wp\/v2\/media\/7942"}],"wp:attachment":[{"href":"https:\/\/bigfunhobby.com\/sv\/wp-json\/wp\/v2\/media?parent=7943"}],"wp:term":[{"taxonomy":"product_brand","embeddable":true,"href":"https:\/\/bigfunhobby.com\/sv\/wp-json\/wp\/v2\/product_brand?post=7943"},{"taxonomy":"product_cat","embeddable":true,"href":"https:\/\/bigfunhobby.com\/sv\/wp-json\/wp\/v2\/product_cat?post=7943"},{"taxonomy":"product_tag","embeddable":true,"href":"https:\/\/bigfunhobby.com\/sv\/wp-json\/wp\/v2\/product_tag?post=7943"}],"curies":[{"name":"wp","href":"https:\/\/api.w.org\/{rel}","templated":true}]}}