{"id":7959,"date":"2025-03-08T17:13:56","date_gmt":"2025-03-08T17:13:56","guid":{"rendered":"https:\/\/bigfunhobby.com\/butikk\/1-25-h-m-s-bountys-jolly-boat\/"},"modified":"2025-12-04T10:59:21","modified_gmt":"2025-12-04T08:59:21","slug":"1-25-h-m-s-bountys-jolly-boat","status":"publish","type":"product","link":"https:\/\/bigfunhobby.com\/sv\/butikk\/1-25-h-m-s-bountys-jolly-boat\/","title":{"rendered":"1\/25 H.M.S.BOUNTY'S JOLLY BOAT"},"content":{"rendered":"<p>&laquo;`<\/p>\n<p>Vekk din indre sj\u00f8mann med denne flotte treskipsmodellen av H.M.S. Bounty&#8217;s Jolly Boat. Dette byggesettet gir deg muligheten til \u00e5 gjenskape en viktig del av sj\u00f8fartshistorien i skala 1\/25.<\/p>\n<h2>Historien om H.M.S. Bounty&#8217;s Jolly Boat<\/h2>\n<p>La oss ta en dykk ned i historien. H.M.S. Bounty forlot England i desember 1787, men en stor storm tvang dem til \u00e5 endre kurs. Etter mye forsinkelse ankom de Haiti hvor de skulle transportere br\u00f8dtr\u00e6r til Karibia. Mannskapet ble imidlertid fort vant til livet p\u00e5 \u00f8ya, noe som f\u00f8rte til en ber\u00f8mt mytteri. Kaptein William Bligh og 18 lojale sj\u00f8menn ble satt i Jolly Boat, en liten b\u00e5t hvor de seilte over 3,500 nautiske mil p\u00e5 47 dager f\u00f8r de n\u00e5dde den nederlandske kolonien Coupang.<\/p>\n<h2>Hva inneholder byggesettet?<\/h2>\n<p>Byggesettet inneholder h\u00f8y presisjon laser-kuttede deler i tre, messing, st\u00f8pejern og bomullsseil klare til \u00e5 bli plassert. Det medf\u00f8lger ogs\u00e5 en detaljert steg-for-steg instruksjon p\u00e5 DVD (PC og MAC kompatibelt) for \u00e5 hjelpe deg med \u00e5 bygge replikaen. N\u00e5r modellen er ferdig, m\u00e5ler den 415mm i lengde, 363mm i h\u00f8yde og 340mm i bredde.<\/p>\n<h2>Perfekt for modellbyggere<\/h2>\n<p>Enten du er en erfaren modellbygger eller bare begynner, er dette byggesettet perfekt. Med sin historiske betydning og detaljerte design, gir det en tilfredsstillende og l\u00e6rerik opplevelse. Og skulle du \u00f8nske \u00e5 utvide samlingen din, kan du ogs\u00e5 bygge moderskipet H.M.S. Bounty.<\/p>\n<p>Ikke vent, ta steget inn i en verden av modellbygging. Kj\u00f8p H.M.S. Bounty&#8217;s Jolly Boat treskipsmodell byggesett n\u00e5 og start ditt neste byggeprosjekt!<\/p>\n<p>&laquo;`<\/p>","protected":false},"excerpt":{"rendered":"<p>Oppdag og bygg din egen skala 1\/25 H.M.S. Bounty&#8217;s Jolly Boat, en detaljert treskipsmodell basert p\u00e5 det ber\u00f8mte skipet fra historien. Perfekt for entusiaster av modellbygging.<\/p>","protected":false},"featured_media":7958,"comment_status":"open","ping_status":"closed","template":"","meta":[],"product_brand":[97],"product_cat":[54],"product_tag":[],"class_list":{"0":"post-7959","1":"product","2":"type-product","3":"status-publish","4":"has-post-thumbnail","6":"product_brand-artesania","7":"product_cat-bater-artesania","9":"first","10":"instock","11":"taxable","12":"shipping-taxable","13":"purchasable","14":"product-type-simple"},"_links":{"self":[{"href":"https:\/\/bigfunhobby.com\/sv\/wp-json\/wp\/v2\/product\/7959","targetHints":{"allow":["GET"]}}],"collection":[{"href":"https:\/\/bigfunhobby.com\/sv\/wp-json\/wp\/v2\/product"}],"about":[{"href":"https:\/\/bigfunhobby.com\/sv\/wp-json\/wp\/v2\/types\/product"}],"replies":[{"embeddable":true,"href":"https:\/\/bigfunhobby.com\/sv\/wp-json\/wp\/v2\/comments?post=7959"}],"wp:featuredmedia":[{"embeddable":true,"href":"https:\/\/bigfunhobby.com\/sv\/wp-json\/wp\/v2\/media\/7958"}],"wp:attachment":[{"href":"https:\/\/bigfunhobby.com\/sv\/wp-json\/wp\/v2\/media?parent=7959"}],"wp:term":[{"taxonomy":"product_brand","embeddable":true,"href":"https:\/\/bigfunhobby.com\/sv\/wp-json\/wp\/v2\/product_brand?post=7959"},{"taxonomy":"product_cat","embeddable":true,"href":"https:\/\/bigfunhobby.com\/sv\/wp-json\/wp\/v2\/product_cat?post=7959"},{"taxonomy":"product_tag","embeddable":true,"href":"https:\/\/bigfunhobby.com\/sv\/wp-json\/wp\/v2\/product_tag?post=7959"}],"curies":[{"name":"wp","href":"https:\/\/api.w.org\/{rel}","templated":true}]}}