{"id":7961,"date":"2025-03-08T17:13:57","date_gmt":"2025-03-08T17:13:57","guid":{"rendered":"https:\/\/bigfunhobby.com\/butikk\/1-50-hms-endeavours-longboat-2022\/"},"modified":"2025-12-04T10:59:21","modified_gmt":"2025-12-04T08:59:21","slug":"1-50-hms-endeavours-longboat-2022","status":"publish","type":"product","link":"https:\/\/bigfunhobby.com\/sv\/butikk\/1-50-hms-endeavours-longboat-2022\/","title":{"rendered":"1\/50 HMS ENDEAVOUR'S LONGBOAT 2022"},"content":{"rendered":"<p>Utforsk sj\u00f8fartens historie med HMS Endeavour&#8217;s Longboat 2022 byggesett. Dette er en fantastisk treskipsmodell i 1:50-skala, reprodusert med eksepsjonell n\u00f8yaktighet. Med v\u00e5re detaljerte trinn-for-trinn multimedia instruksjoner p\u00e5 DVD, kan modellbyggere n\u00f8yaktig bygge en replika av denne vakre langb\u00e5ten med dekk og to pinner for seil. Dette byggesettet er perfekt for de som \u00f8nsker \u00e5 starte med skipsmodellbygging.<\/p>\n<p>Skipet har h\u00f8ykvalitetsdeler for montering: presisjonskutt med laser, hardved som bj\u00f8rk, h\u00e5ndsydde seil klare til \u00e5 plasseres, bomullstr\u00e5d og metallkomponenter i fotoetsing, messing og st\u00f8pt materiale. Dette modellbyggingssettet inkluderer ogs\u00e5 en utstillingsbase i tre med et metallnavneskilt, slik at skalamodellen blir perfekt eksponert. N\u00e5r modellen er ferdig, m\u00e5ler den 420mm i lengden, 90mm i bredden og 270mm i h\u00f8yden.<\/p>\n<ul>\n<li>Skala: 1:50<\/li>\n<li>Lengde: 420mm<\/li>\n<li>Bredde: 90mm<\/li>\n<li>H\u00f8yde: 270mm<\/li>\n<li>Materialer: Laserkuttet bord, bj\u00f8rk, bomullstr\u00e5d, fotoetsede metallkomponenter, messing og st\u00f8pt materiale<\/li>\n<\/ul>\n<p>Historisk sett ble HMS Endeavour lansert i 1765 og valgt av James Cook tre \u00e5r senere for \u00e5 forberede sin historiske reise. Takket v\u00e6re dette britiske skipet ble Australia oppdaget, og Tahiti og en rekke \u00f8yer ble lokalisert. I tillegg ble nye dyre- og plantearter ukjente i Europa oppdaget. N\u00e5 kan du l\u00e6re hvordan kapteinens b\u00e5t p\u00e5 HMS Endeavour var takket v\u00e6re denne 1:50 skala treskipsmodellen fra Artesania Latina, en ekte juvel av skipsmodellbygging.<\/p>\n<p>Start p\u00e5 denne fantastiske hobbyen med denne lav vanskelighetsgrads modellen. Ikke vent lenger, begynn modellbyggingen n\u00e5 og oppdag sj\u00f8fartens historie med HMS Endeavour&#8217;s Longboat 2022!<\/p>","protected":false},"excerpt":{"rendered":"<p>HMS Endeavour&#8217;s Longboat 2022 er et h\u00f8yt detaljert byggesett i tre i 1:50-skala. Ideelt for nybegynnere og erfarne entusiaster som er interessert i modellbygging og historiske sj\u00f8fart\u00f8y.<\/p>","protected":false},"featured_media":7960,"comment_status":"open","ping_status":"closed","template":"","meta":[],"product_brand":[97],"product_cat":[54],"product_tag":[],"class_list":{"0":"post-7961","1":"product","2":"type-product","3":"status-publish","4":"has-post-thumbnail","6":"product_brand-artesania","7":"product_cat-bater-artesania","9":"first","10":"instock","11":"taxable","12":"shipping-taxable","13":"purchasable","14":"product-type-simple"},"_links":{"self":[{"href":"https:\/\/bigfunhobby.com\/sv\/wp-json\/wp\/v2\/product\/7961","targetHints":{"allow":["GET"]}}],"collection":[{"href":"https:\/\/bigfunhobby.com\/sv\/wp-json\/wp\/v2\/product"}],"about":[{"href":"https:\/\/bigfunhobby.com\/sv\/wp-json\/wp\/v2\/types\/product"}],"replies":[{"embeddable":true,"href":"https:\/\/bigfunhobby.com\/sv\/wp-json\/wp\/v2\/comments?post=7961"}],"wp:featuredmedia":[{"embeddable":true,"href":"https:\/\/bigfunhobby.com\/sv\/wp-json\/wp\/v2\/media\/7960"}],"wp:attachment":[{"href":"https:\/\/bigfunhobby.com\/sv\/wp-json\/wp\/v2\/media?parent=7961"}],"wp:term":[{"taxonomy":"product_brand","embeddable":true,"href":"https:\/\/bigfunhobby.com\/sv\/wp-json\/wp\/v2\/product_brand?post=7961"},{"taxonomy":"product_cat","embeddable":true,"href":"https:\/\/bigfunhobby.com\/sv\/wp-json\/wp\/v2\/product_cat?post=7961"},{"taxonomy":"product_tag","embeddable":true,"href":"https:\/\/bigfunhobby.com\/sv\/wp-json\/wp\/v2\/product_tag?post=7961"}],"curies":[{"name":"wp","href":"https:\/\/api.w.org\/{rel}","templated":true}]}}