{"id":7967,"date":"2025-03-08T17:14:00","date_gmt":"2025-03-08T17:14:00","guid":{"rendered":"https:\/\/bigfunhobby.com\/butikk\/1-35-providence-new-englands-whale-boat\/"},"modified":"2025-12-04T10:59:21","modified_gmt":"2025-12-04T08:59:21","slug":"1-35-providence-new-englands-whale-boat","status":"publish","type":"product","link":"https:\/\/bigfunhobby.com\/sv\/butikk\/1-35-providence-new-englands-whale-boat\/","title":{"rendered":"1\/35 PROVIDENCE-NEW ENGLANDS VALB\u00c5T"},"content":{"rendered":"<h2>Bygg din egen treskipsmodell: Providence &#8211; en hvalb\u00e5t fra 1800-tallet<\/h2>\n<p>Oppdag hvalb\u00e5ten Providence, en detaljert skalamodell av et fart\u00f8y designet for hvalfangst p\u00e5 1800-tallet. Hvordan kunne seks menn trosse havets raseri og jage en stor hval i en liten rob\u00e5t? Denne modellen vil ta deg tilbake til en tid da hvalfangst var en viktig industri, og gir deg en unik innsikt i sj\u00f8livet p\u00e5 1800-tallet.<\/p>\n<h2>Byggsatsens inneh\u00e5ll<\/h2>\n<p>Med dette byggesettet kan du bygge din egen 1:35 skalamodell av Providence, en hvalb\u00e5t fra 1800-tallet. Konstruksjonssystemet med falsk kj\u00f8l og rammer gj\u00f8r at monteringen av modellen likner p\u00e5 konstruksjonen av det virkelige skipet. <\/p>\n<p>Byggesettet inneholder alle deler du trenger for \u00e5 fullf\u00f8re modellen: h\u00f8y presisjons laser-kuttede brettdeler, edeltre, messing, st\u00f8pejern og stoff. For montering, f\u00f8lg v\u00e5r komplette trinnvis veiledning p\u00e5 syv spr\u00e5k i fullfarge p\u00e5 DVD for datamaskin -PC &#038; MAC-. Settet inkluderer ikke trykte instruksjoner, men du kan ogs\u00e5 laste ned de digitale instruksjonene gratis.<\/p>\n<p>Providence er en treskipsmodell for nybegynnere, men p\u00e5 grunn av dens h\u00f8ye kvalitet og flotte detaljer, vil den ogs\u00e5 appellere til erfarne modellbyggere. Dette byggesettet inneholder deler av amerikansk kirseb\u00e6rtre.<\/p>\n<h2>Specifikationer<\/h2>\n<ul>\n<li>Lengde: 310 mm<\/li>\n<li>H\u00f8yde: 240 mm<\/li>\n<li>Bredde: 78 mm<\/li>\n<\/ul>\n<p>Bygg din egen modell av hvalb\u00e5ten Providence, og la deg fortrylle av historien og h\u00e5ndverket bak hvalfangst p\u00e5 1800-tallet. Perfekt for alle som elsker modellbygging og sj\u00f8fartshistorie.<\/p>\n<p><strong>Bestill ditt Providence byggesett i dag og start din modellbyggingsreise!<\/strong><\/p>","protected":false},"excerpt":{"rendered":"<p>Byggesett i tre av hvalb\u00e5ten Providence, en 1\/35 skalamodell full av detaljer og historie. Passer for b\u00e5de nybegynnere og erfarne modellbyggere.<\/p>","protected":false},"featured_media":7966,"comment_status":"open","ping_status":"closed","template":"","meta":[],"product_brand":[97],"product_cat":[54],"product_tag":[],"class_list":{"0":"post-7967","1":"product","2":"type-product","3":"status-publish","4":"has-post-thumbnail","6":"product_brand-artesania","7":"product_cat-bater-artesania","9":"first","10":"outofstock","11":"taxable","12":"shipping-taxable","13":"purchasable","14":"product-type-simple"},"_links":{"self":[{"href":"https:\/\/bigfunhobby.com\/sv\/wp-json\/wp\/v2\/product\/7967","targetHints":{"allow":["GET"]}}],"collection":[{"href":"https:\/\/bigfunhobby.com\/sv\/wp-json\/wp\/v2\/product"}],"about":[{"href":"https:\/\/bigfunhobby.com\/sv\/wp-json\/wp\/v2\/types\/product"}],"replies":[{"embeddable":true,"href":"https:\/\/bigfunhobby.com\/sv\/wp-json\/wp\/v2\/comments?post=7967"}],"wp:featuredmedia":[{"embeddable":true,"href":"https:\/\/bigfunhobby.com\/sv\/wp-json\/wp\/v2\/media\/7966"}],"wp:attachment":[{"href":"https:\/\/bigfunhobby.com\/sv\/wp-json\/wp\/v2\/media?parent=7967"}],"wp:term":[{"taxonomy":"product_brand","embeddable":true,"href":"https:\/\/bigfunhobby.com\/sv\/wp-json\/wp\/v2\/product_brand?post=7967"},{"taxonomy":"product_cat","embeddable":true,"href":"https:\/\/bigfunhobby.com\/sv\/wp-json\/wp\/v2\/product_cat?post=7967"},{"taxonomy":"product_tag","embeddable":true,"href":"https:\/\/bigfunhobby.com\/sv\/wp-json\/wp\/v2\/product_tag?post=7967"}],"curies":[{"name":"wp","href":"https:\/\/api.w.org\/{rel}","templated":true}]}}