{"id":7969,"date":"2025-03-08T17:14:01","date_gmt":"2025-03-08T17:14:01","guid":{"rendered":"https:\/\/bigfunhobby.com\/butikk\/1-35-j-s-elcano-lifeboat\/"},"modified":"2025-12-04T10:59:21","modified_gmt":"2025-12-04T08:59:21","slug":"1-35-j-s-elcano-lifeboat","status":"publish","type":"product","link":"https:\/\/bigfunhobby.com\/sv\/butikk\/1-35-j-s-elcano-lifeboat\/","title":{"rendered":"1\/35 J.S.ELCANO - LIVB\u00c5T"},"content":{"rendered":"<h2>Historien om det spanske skipet Juan Sebastian Elcano<\/h2>\n<p>Du kan n\u00e5 bygge din egen treskipsmodell av <span>Juan Sebastian Elcanos livb\u00e5t<\/span>, en representativ modell av den spanske brigantinen skonnert. Dette skipet er oppkalt etter den spanske oppdageren Juan Sebastian Elcano, kapteinen som fullf\u00f8rte <span>verdens f\u00f8rste jordomseiling i 1522<\/span> etter Fernando de Magallanes&#8217; d\u00f8d.<\/p>\n<p>Juan Sebastian Elcano ble sj\u00f8satt i 1927 i Cadiz og fungerer som et treningsfart\u00f8y for marinen. I l\u00f8pet av andre semester i det fjerde \u00e5ret ved den milit\u00e6re marine skolen, gjennomf\u00f8rer kadettene en instruksjonscruise, en seks m\u00e5neders reise til Amerika og en distanse p\u00e5 tjue tusen miles.<\/p>\n<h2>Innholdet i modellbyggingssettet Juan Sebastian Elcano<\/h2>\n<p>Du kan n\u00e5 bygge din egen skalamodell i 1:35 av Juan Sebastian Elcanos livb\u00e5t. Dette byggesettet er designet for nybegynnere og kommer med alle delene du trenger for \u00e5 montere det: laser-kuttede deler i brett, hardtre, messing og st\u00f8pejern.<\/p>\n<p>For montering kan du f\u00f8lge v\u00e5r komplette trinn-for-trinn guide p\u00e5 DVD for datamaskin &#8211; PC &#038; Mac. Settet inkluderer ikke trykte instruksjoner, men du kan ogs\u00e5 laste ned digitale instruksjoner gratis fra knappen p\u00e5 dette produktsiden kalt &#8216;Instruksjoner og nedlastbart innhold&#8217;.<\/p>\n<p>Dette er den perfekte skalamodellen for de som \u00f8nsker \u00e5 begynne med skipsmodellbygging. Du kan ogs\u00e5 supplere den med <a href=\"https:\/\/artesanialatina.net\/en\/ships-initiation\/62367-wooden-plastic-model-ship-kit-training-ship-juan-sebastian-elcano-1-250-8421426222555.html\" target=\"_blank\" rel=\"noopener\">modellen av det spanske treningsfart\u00f8yet<\/a> (22260), som selges separat.<\/p>\n<p>Uansett om du er nybegynner eller erfaren entusiast, er dette byggesettet en fantastisk mulighet til \u00e5 dykke inn i historien og modellbyggingens verden. Ikke vent lenger, start modellbyggingsreisen din n\u00e5.<\/p>","protected":false},"excerpt":{"rendered":"<p>Bygg din egen treskipsmodell med 1\/35 J.S.Elcano &#8211; livb\u00e5t. Dette er et byggesett i tre som tar deg med tilbake til den historiske spanske brigantinen skonnert og dens verdensomseiling i 1522.<\/p>","protected":false},"featured_media":7968,"comment_status":"open","ping_status":"closed","template":"","meta":[],"product_brand":[97],"product_cat":[54],"product_tag":[],"class_list":{"0":"post-7969","1":"product","2":"type-product","3":"status-publish","4":"has-post-thumbnail","6":"product_brand-artesania","7":"product_cat-bater-artesania","9":"first","10":"instock","11":"taxable","12":"shipping-taxable","13":"purchasable","14":"product-type-simple"},"_links":{"self":[{"href":"https:\/\/bigfunhobby.com\/sv\/wp-json\/wp\/v2\/product\/7969","targetHints":{"allow":["GET"]}}],"collection":[{"href":"https:\/\/bigfunhobby.com\/sv\/wp-json\/wp\/v2\/product"}],"about":[{"href":"https:\/\/bigfunhobby.com\/sv\/wp-json\/wp\/v2\/types\/product"}],"replies":[{"embeddable":true,"href":"https:\/\/bigfunhobby.com\/sv\/wp-json\/wp\/v2\/comments?post=7969"}],"wp:featuredmedia":[{"embeddable":true,"href":"https:\/\/bigfunhobby.com\/sv\/wp-json\/wp\/v2\/media\/7968"}],"wp:attachment":[{"href":"https:\/\/bigfunhobby.com\/sv\/wp-json\/wp\/v2\/media?parent=7969"}],"wp:term":[{"taxonomy":"product_brand","embeddable":true,"href":"https:\/\/bigfunhobby.com\/sv\/wp-json\/wp\/v2\/product_brand?post=7969"},{"taxonomy":"product_cat","embeddable":true,"href":"https:\/\/bigfunhobby.com\/sv\/wp-json\/wp\/v2\/product_cat?post=7969"},{"taxonomy":"product_tag","embeddable":true,"href":"https:\/\/bigfunhobby.com\/sv\/wp-json\/wp\/v2\/product_tag?post=7969"}],"curies":[{"name":"wp","href":"https:\/\/api.w.org\/{rel}","templated":true}]}}