{"id":7971,"date":"2025-03-08T17:14:02","date_gmt":"2025-03-08T17:14:02","guid":{"rendered":"https:\/\/bigfunhobby.com\/butikk\/1-35-mare-nostrum\/"},"modified":"2025-12-04T10:59:21","modified_gmt":"2025-12-04T08:59:21","slug":"1-35-mare-nostrum","status":"publish","type":"product","link":"https:\/\/bigfunhobby.com\/sv\/butikk\/1-35-mare-nostrum\/","title":{"rendered":"1\/35 MARE NOSTRUM"},"content":{"rendered":"<p>Gjenopplev sjarmen og tradisjonen til Middelhavet med dette byggesettet av en klassisk fiskerb\u00e5t &#8211; MARE NOSTRUM. Dette er en autentisk treskipsmodell i 1\/35 skala, perfekt for b\u00e5de nybegynnere og erfarne modellbyggere.<\/p>\n<p>MARE NOSTRUM er et ikonisk fiskefart\u00f8y fra Middelhavet, opprinnelig bygget i den spanske havnen Arenys de Mar. Med en total lengde p\u00e5 15 meter, en bredde p\u00e5 3,5 meter og en vekt p\u00e5 10 tonn, er dette et imponerende fart\u00f8y som n\u00e5 kan bli en del av din modellsamling.<\/p>\n<p>Dette byggesettet i tre er designet med tanke p\u00e5 detaljer. Det inneholder alt du trenger for \u00e5 sette sammen modellen, inkludert bokser for fisk, sm\u00e5 hytter, en detaljert motor, en vinsj og alt tr\u00e5lerutstyret. For \u00e5 hjelpe deg gjennom monteringsprosessen, f\u00f8lger det med en DVD med trinnvis instruksjoner, som ogs\u00e5 kan lastes ned digitalt.<\/p>\n<p>Specifikationer:<\/p>\n<ul>\n<li>Skala: 1\/35<\/li>\n<li>Total lengde: 410mm<\/li>\n<li>H\u00f8yde: 270mm<\/li>\n<li>Bredde: 105mm<\/li>\n<\/ul>\n<p>Som en bonus inkluderer settet ogs\u00e5 en treutstillingsbase og et b\u00e5tnavnsskilt. N\u00e5r den er bygget, m\u00e5ler fiskeb\u00e5tmodellen 410mm i lengde, 270mm i h\u00f8yde og 105mm i bredde.<\/p>\n<p>Vi anbefaler \u00e5 male modellen med Basic Paints Set for Fishing Boat Models, som er tilgjengelig for kj\u00f8p separat.<\/p>\n<p>Start ditt modellbyggingsprosjekt i dag med denne autentiske treskipsmodellen. Enten du er en erfaren modellbygger eller bare begynner, er MARE NOSTRUM et flott byggesett \u00e5 utforske. Kj\u00f8p her og la eventyret begynne!<\/p>","protected":false},"excerpt":{"rendered":"<p>Dette 1\/35 skala byggesettet av MARE NOSTRUM, gir deg en autentisk opplevelse av modellbygging. Det er et klassisk fiskerfart\u00f8y fra Middelhavet, perfekt for b\u00e5de nybegynnere og erfarne modellbyggere.<\/p>","protected":false},"featured_media":7970,"comment_status":"open","ping_status":"closed","template":"","meta":[],"product_brand":[97],"product_cat":[54],"product_tag":[],"class_list":{"0":"post-7971","1":"product","2":"type-product","3":"status-publish","4":"has-post-thumbnail","6":"product_brand-artesania","7":"product_cat-bater-artesania","9":"first","10":"outofstock","11":"taxable","12":"shipping-taxable","13":"purchasable","14":"product-type-simple"},"_links":{"self":[{"href":"https:\/\/bigfunhobby.com\/sv\/wp-json\/wp\/v2\/product\/7971","targetHints":{"allow":["GET"]}}],"collection":[{"href":"https:\/\/bigfunhobby.com\/sv\/wp-json\/wp\/v2\/product"}],"about":[{"href":"https:\/\/bigfunhobby.com\/sv\/wp-json\/wp\/v2\/types\/product"}],"replies":[{"embeddable":true,"href":"https:\/\/bigfunhobby.com\/sv\/wp-json\/wp\/v2\/comments?post=7971"}],"wp:featuredmedia":[{"embeddable":true,"href":"https:\/\/bigfunhobby.com\/sv\/wp-json\/wp\/v2\/media\/7970"}],"wp:attachment":[{"href":"https:\/\/bigfunhobby.com\/sv\/wp-json\/wp\/v2\/media?parent=7971"}],"wp:term":[{"taxonomy":"product_brand","embeddable":true,"href":"https:\/\/bigfunhobby.com\/sv\/wp-json\/wp\/v2\/product_brand?post=7971"},{"taxonomy":"product_cat","embeddable":true,"href":"https:\/\/bigfunhobby.com\/sv\/wp-json\/wp\/v2\/product_cat?post=7971"},{"taxonomy":"product_tag","embeddable":true,"href":"https:\/\/bigfunhobby.com\/sv\/wp-json\/wp\/v2\/product_tag?post=7971"}],"curies":[{"name":"wp","href":"https:\/\/api.w.org\/{rel}","templated":true}]}}