{"id":7973,"date":"2025-03-08T17:14:03","date_gmt":"2025-03-08T17:14:03","guid":{"rendered":"https:\/\/bigfunhobby.com\/butikk\/1-50-swift\/"},"modified":"2025-12-04T10:59:21","modified_gmt":"2025-12-04T08:59:21","slug":"1-50-snabbvaxlare","status":"publish","type":"product","link":"https:\/\/bigfunhobby.com\/sv\/butikk\/1-50-swift\/","title":{"rendered":"1\/50 SWIFT"},"content":{"rendered":"<p>Det h\u00e4r \u00e4r en fantastisk m\u00f6jlighet att skapa din egen modell av det mytomspunna fartyget Swift, en lotsb\u00e5t fr\u00e5n Virginia fr\u00e5n b\u00f6rjan av 1800-talet. Denna byggsats \u00e4r perfekt f\u00f6r b\u00e5de nyb\u00f6rjare och erfarna modellbyggare.<\/p>\n<h2>Ber\u00e4ttelsen om Swift<\/h2>\n<p>Skeppet Swift var ett l\u00e4tt och kraftfullt segelfartyg som kunde guida de st\u00f6rsta inkommande fartygen s\u00e4kert in i hamnen. Den h\u00e4r typen av b\u00e5tar anv\u00e4ndes f\u00f6r att guida stora fartyg in och ut ur hamnar, s\u00e4rskilt p\u00e5 Nordamerikas \u00f6stkust, tack vare sin l\u00e4tthet, snabbhet och man\u00f6vrerbarhet.<\/p>\n<h2>Inneh\u00e5ll i Swift Pilot Boat Wooden Model Ship Kit<\/h2>\n<p>Den h\u00e4r satsen inneh\u00e5ller allt du beh\u00f6ver f\u00f6r att bygga din egen tr\u00e4skeppsmodell av Swift. Det inneh\u00e5ller laserskurna tr\u00e4delar, f\u00f6rskurna m\u00e4ssingsdelar, handsydda segel som \u00e4r redo att placeras ut och en fantastisk displaybas i tr\u00e4 med en namnskylt d\u00e4r du kan visa upp din f\u00e4rdiga modell.<\/p>\n<h2>Installation<\/h2>\n<p>F\u00f6r att montera denna vackra modell i skala 1:50 medf\u00f6ljer en DVD f\u00f6r din dator - b\u00e5de PC och MAC - med mycket detaljerade steg-f\u00f6r-steg monteringsanvisningar och en 1:1 ritning av modellen. DVD:n inneh\u00e5ller ocks\u00e5 tips och tricks-videor om hur man monterar Swift. Du kan ocks\u00e5 ladda ner de digitala instruktionerna gratis.<\/p>\n<h2>Specifikationer<\/h2>\n<p>N\u00e4r den h\u00e4r trogna miniatyrkopian \u00e4r byggd m\u00e4ter den 24,48\" (622 mm) i l\u00e4ngd, 4,72\" (120 mm) i bredd och 17,24\" (438 mm) i h\u00f6jd. Du kan m\u00e5la din fartygsmodell med Paints Set for American Schooners Models (s\u00e4ljs separat).<\/p>\n<p>L\u00e5t dig fascineras av historien och detaljerna i denna byggsats. Best\u00e4ll Swift Pilot Boat Wooden Model Ship Kit nu och b\u00f6rja din resa in i modellbyggandets v\u00e4rld.<\/p>","protected":false},"excerpt":{"rendered":"<p>Byggsats f\u00f6r en modell av det mytomspunna fartyget Swift, en lotsb\u00e5t fr\u00e5n Virginia fr\u00e5n 1800-talet. H\u00f6gkvalitativ skeppsmodell i tr\u00e4 med detaljerade instruktioner och material ing\u00e5r.<\/p>","protected":false},"featured_media":7972,"comment_status":"open","ping_status":"closed","template":"","meta":[],"product_brand":[97],"product_cat":[54],"product_tag":[],"class_list":{"0":"post-7973","1":"product","2":"type-product","3":"status-publish","4":"has-post-thumbnail","6":"product_brand-artesania","7":"product_cat-bater-artesania","9":"first","10":"instock","11":"taxable","12":"shipping-taxable","13":"purchasable","14":"product-type-simple"},"_links":{"self":[{"href":"https:\/\/bigfunhobby.com\/sv\/wp-json\/wp\/v2\/product\/7973","targetHints":{"allow":["GET"]}}],"collection":[{"href":"https:\/\/bigfunhobby.com\/sv\/wp-json\/wp\/v2\/product"}],"about":[{"href":"https:\/\/bigfunhobby.com\/sv\/wp-json\/wp\/v2\/types\/product"}],"replies":[{"embeddable":true,"href":"https:\/\/bigfunhobby.com\/sv\/wp-json\/wp\/v2\/comments?post=7973"}],"wp:featuredmedia":[{"embeddable":true,"href":"https:\/\/bigfunhobby.com\/sv\/wp-json\/wp\/v2\/media\/7972"}],"wp:attachment":[{"href":"https:\/\/bigfunhobby.com\/sv\/wp-json\/wp\/v2\/media?parent=7973"}],"wp:term":[{"taxonomy":"product_brand","embeddable":true,"href":"https:\/\/bigfunhobby.com\/sv\/wp-json\/wp\/v2\/product_brand?post=7973"},{"taxonomy":"product_cat","embeddable":true,"href":"https:\/\/bigfunhobby.com\/sv\/wp-json\/wp\/v2\/product_cat?post=7973"},{"taxonomy":"product_tag","embeddable":true,"href":"https:\/\/bigfunhobby.com\/sv\/wp-json\/wp\/v2\/product_tag?post=7973"}],"curies":[{"name":"wp","href":"https:\/\/api.w.org\/{rel}","templated":true}]}}