{"id":7975,"date":"2025-03-08T17:14:04","date_gmt":"2025-03-08T17:14:04","guid":{"rendered":"https:\/\/bigfunhobby.com\/butikk\/1-35-botter-2021\/"},"modified":"2025-12-04T10:59:21","modified_gmt":"2025-12-04T08:59:21","slug":"1-35-botter-2021","status":"publish","type":"product","link":"https:\/\/bigfunhobby.com\/sv\/butikk\/1-35-botter-2021\/","title":{"rendered":"1\/35 BOTTER 2021"},"content":{"rendered":"<p>Oppdag gleden ved modellbygging med v\u00e5rt byggesett for den tradisjonelle fiskeb\u00e5ten &#8216;Botter&#8217; i skala 1:35. Dette er en fantastisk mulighet til \u00e5 dykke ned i en verden av detaljer, presisjon og historie, mens du skaper en trofast miniatyrreplika av denne nederlandske fiskeb\u00e5ten. Passer perfekt for modellbyggere med middels erfaring.<\/p>\n<p><strong>Specifikationer:<\/strong><br \/>\nN\u00e5r den er ferdigstilt, m\u00e5ler denne trofaste miniatyrreplikaen av fiskeb\u00e5ten Botter 475mm i lengde, 115mm i bredde og 375mm i h\u00f8yde. Byggesettet gir deg en autentisk modellbyggingsopplevelse, da konstruksjonen med falsk kj\u00f8l og rammer speiler byggingen av det virkelige skipet.<\/p>\n<p><strong>Material:<\/strong><br \/>\nByggesettet inneholder deler av h\u00f8y presisjon sk\u00e5ret med laser, edeltre, messing, st\u00f8pejern og h\u00e5ndsydde bomullsseil klare til \u00e5 bli plassert. Som en bonus, f\u00f8lger det ogs\u00e5 med en vakker utstillingsbase i tre, komplett med et navneskilt for fiskeb\u00e5ten Botter.<\/p>\n<p><strong>Montering:<\/strong><br \/>\nFor \u00e5 gj\u00f8re monteringen s\u00e5 enkel og underholdende som mulig, f\u00f8lger det med en n\u00f8yaktig veiledning trinn-for-trinn p\u00e5 video og DVD for datamaskiner -PC &#038; MAC-. V\u00e5re modellbyggere har dokumentert monteringen av hver eneste del, noe som gj\u00f8r det enklere for deg. <a href=\"https:\/\/www.youtube.com\/watch?v=Ah3bCFJIHGs&amp;list=PLSWjc49gHdjk5_Ducxf7LiAIzFCCW_c10&amp;index=1\" target=\"_blank\" rel=\"noopener\">Du kan se alle videoinstruksjonene gratis ved \u00e5 klikke her<\/a> p\u00e5 v\u00e5r YouTube-kanal.<\/p>\n<p>Sett i gang med modellbyggingen og opplev gleden ved \u00e5 skape din egen treskipsmodell. Kj\u00f8p Botter byggesettet her og begynn ditt neste prosjekt i dag!<\/p>","protected":false},"excerpt":{"rendered":"<p>Bygg din egen treskipsmodell av den tradisjonelle fiskeb\u00e5ten &#8216;Botter&#8217; med dette detaljerte og h\u00f8ykvalitets byggesettet i skala 1:35. Perfekt for modellbyggere med middels erfaring.<\/p>","protected":false},"featured_media":7974,"comment_status":"open","ping_status":"closed","template":"","meta":[],"product_brand":[97],"product_cat":[54],"product_tag":[],"class_list":{"0":"post-7975","1":"product","2":"type-product","3":"status-publish","4":"has-post-thumbnail","6":"product_brand-artesania","7":"product_cat-bater-artesania","9":"first","10":"instock","11":"taxable","12":"shipping-taxable","13":"purchasable","14":"product-type-simple"},"_links":{"self":[{"href":"https:\/\/bigfunhobby.com\/sv\/wp-json\/wp\/v2\/product\/7975","targetHints":{"allow":["GET"]}}],"collection":[{"href":"https:\/\/bigfunhobby.com\/sv\/wp-json\/wp\/v2\/product"}],"about":[{"href":"https:\/\/bigfunhobby.com\/sv\/wp-json\/wp\/v2\/types\/product"}],"replies":[{"embeddable":true,"href":"https:\/\/bigfunhobby.com\/sv\/wp-json\/wp\/v2\/comments?post=7975"}],"wp:featuredmedia":[{"embeddable":true,"href":"https:\/\/bigfunhobby.com\/sv\/wp-json\/wp\/v2\/media\/7974"}],"wp:attachment":[{"href":"https:\/\/bigfunhobby.com\/sv\/wp-json\/wp\/v2\/media?parent=7975"}],"wp:term":[{"taxonomy":"product_brand","embeddable":true,"href":"https:\/\/bigfunhobby.com\/sv\/wp-json\/wp\/v2\/product_brand?post=7975"},{"taxonomy":"product_cat","embeddable":true,"href":"https:\/\/bigfunhobby.com\/sv\/wp-json\/wp\/v2\/product_cat?post=7975"},{"taxonomy":"product_tag","embeddable":true,"href":"https:\/\/bigfunhobby.com\/sv\/wp-json\/wp\/v2\/product_tag?post=7975"}],"curies":[{"name":"wp","href":"https:\/\/api.w.org\/{rel}","templated":true}]}}