{"id":7979,"date":"2025-03-08T17:14:06","date_gmt":"2025-03-08T17:14:06","guid":{"rendered":"https:\/\/bigfunhobby.com\/butikk\/1-85-arab-sultan-dhow\/"},"modified":"2025-12-04T10:59:21","modified_gmt":"2025-12-04T08:59:21","slug":"1-85-arab-sultan-dhow","status":"publish","type":"product","link":"https:\/\/bigfunhobby.com\/sv\/butikk\/1-85-arab-sultan-dhow\/","title":{"rendered":"1\/85 ARAB SULTAN DHOW"},"content":{"rendered":"<h2><span><span>Historien om den arabiska Sultan Dhow: L\u00e4r dig mer om modellen du h\u00e5ller p\u00e5 att bygga<\/span><\/span><\/h2>\n<p>Bekanta dig med Sultan, en modell med tre fartyg av den traditionella arabiska dhow som \u00e4r k\u00e4nd fr\u00e5n Arabiska halv\u00f6ns, Indiens och \u00d6stafrikas kuster. Denna b\u00e5t var det viktigaste instrumentet f\u00f6r handel och spridningen av den islamiska tron. Dessutom anv\u00e4ndes dhowen fr\u00e4mst som lastfartyg med varor som spannm\u00e5l, fisk, mineraler och till och med slavar.<\/p>\n<p>Dhowens exakta ursprung \u00e4r ok\u00e4nt, \u00e4ven om dess utseende verkar vara kopplat till islam. Den \u00e4r revolutionerande i sj\u00f6fartshistorien med sina triangul\u00e4ra segel och praktiskt taget of\u00f6r\u00e4ndrad sedan den ursprungliga konstruktionen. Det antas att dhowen l\u00e5g till grund f\u00f6r byggandet av venetianska gal\u00e4rer och karaveller, vilket gynnade skapandet av st\u00f6rre fartyg med blandade segel. Dhowen seglar fortfarande l\u00e4ngs kusterna i Indiska oceanen.<\/p>\n<h2><span><span>Inneh\u00e5ll i byggsatsen f\u00f6r tr\u00e4b\u00e5ten Sultan <\/span><\/span><\/h2>\n<p>Detta Sultan dhow-kit i tr\u00e4 inneh\u00e5ller alla delar du beh\u00f6ver f\u00f6r att bygga modellen, en trogen kopia av originalb\u00e5ten tack vare dess falska k\u00f6l och ramkonstruktion. Det \u00e4r en modell i skala 1:85, en elegant dubbelsidig b\u00e5t som \u00e4r viktig vid fartygsmodellering. N\u00e4r den \u00e4r f\u00e4rdigbyggd m\u00e4ter denna trogna miniatyrreplika 390 mm i l\u00e4ngd, 125 mm i bredd och 440 mm i h\u00f6jd.<\/p>\n<p>Sultan modellbyggsats inneh\u00e5ller en upps\u00e4ttning bordsdelar, laserskurna med h\u00f6g precision; tr\u00e4-, m\u00e4ssings- och listdelar; tr\u00e4- och bj\u00f6rkfaner; h\u00f6gkvalitativ m\u00e4ssing och fotoetsade delar; handsydda segel redo att placeras; bomullstr\u00e5d och en displaybas f\u00f6r att visa upp modellfartyget n\u00e4r det \u00e4r f\u00e4rdigt.<\/p>\n<p>F\u00f6r montering kan du f\u00f6lja v\u00e5r superdetaljerade steg-f\u00f6r-steg-guide p\u00e5 DVD f\u00f6r dator -PC &amp; MAC-. Satsen inneh\u00e5ller inte tryckta instruktioner. Du kan ocks\u00e5 ladda ner de digitala instruktionerna gratis genom att klicka p\u00e5 knappen \"Instruktioner och nedladdningsbart inneh\u00e5ll\" p\u00e5 den h\u00e4r produktsidan.<\/p>\n<p>Oavsett om du \u00e4r en erfaren modellbyggare eller nyb\u00f6rjare kommer du att finna gl\u00e4dje i att bygga denna historiska tr\u00e4fartygsmodell. Varje detalj har utformats f\u00f6r att skapa en autentisk och trogen representation av den ursprungliga dhowen. K\u00f6p ditt kit idag och starta ett sp\u00e4nnande modellprojekt!<\/p>\n<p>&#8216;<\/p>","protected":false},"excerpt":{"rendered":"<p>Arab Sultan Dhow 1\/85 \u00e4r en detaljerad byggsats i tr\u00e4 f\u00f6r att skapa en autentisk modell av en traditionell arabisk dhow. Perfekt f\u00f6r modellbyggare och historieintresserade.<\/p>","protected":false},"featured_media":7978,"comment_status":"open","ping_status":"closed","template":"","meta":[],"product_brand":[97],"product_cat":[54],"product_tag":[],"class_list":{"0":"post-7979","1":"product","2":"type-product","3":"status-publish","4":"has-post-thumbnail","6":"product_brand-artesania","7":"product_cat-bater-artesania","9":"first","10":"instock","11":"taxable","12":"shipping-taxable","13":"purchasable","14":"product-type-simple"},"_links":{"self":[{"href":"https:\/\/bigfunhobby.com\/sv\/wp-json\/wp\/v2\/product\/7979","targetHints":{"allow":["GET"]}}],"collection":[{"href":"https:\/\/bigfunhobby.com\/sv\/wp-json\/wp\/v2\/product"}],"about":[{"href":"https:\/\/bigfunhobby.com\/sv\/wp-json\/wp\/v2\/types\/product"}],"replies":[{"embeddable":true,"href":"https:\/\/bigfunhobby.com\/sv\/wp-json\/wp\/v2\/comments?post=7979"}],"wp:featuredmedia":[{"embeddable":true,"href":"https:\/\/bigfunhobby.com\/sv\/wp-json\/wp\/v2\/media\/7978"}],"wp:attachment":[{"href":"https:\/\/bigfunhobby.com\/sv\/wp-json\/wp\/v2\/media?parent=7979"}],"wp:term":[{"taxonomy":"product_brand","embeddable":true,"href":"https:\/\/bigfunhobby.com\/sv\/wp-json\/wp\/v2\/product_brand?post=7979"},{"taxonomy":"product_cat","embeddable":true,"href":"https:\/\/bigfunhobby.com\/sv\/wp-json\/wp\/v2\/product_cat?post=7979"},{"taxonomy":"product_tag","embeddable":true,"href":"https:\/\/bigfunhobby.com\/sv\/wp-json\/wp\/v2\/product_tag?post=7979"}],"curies":[{"name":"wp","href":"https:\/\/api.w.org\/{rel}","templated":true}]}}