{"id":7981,"date":"2025-03-08T17:14:07","date_gmt":"2025-03-08T17:14:07","guid":{"rendered":"https:\/\/bigfunhobby.com\/butikk\/1-50-marie-jeanne-2022-with-stand\/"},"modified":"2025-12-04T10:59:21","modified_gmt":"2025-12-04T08:59:21","slug":"1-50-marie-jeanne-2022-med-stativ","status":"publish","type":"product","link":"https:\/\/bigfunhobby.com\/sv\/butikk\/1-50-marie-jeanne-2022-with-stand\/","title":{"rendered":"1\/50 MARIE-JEANNE 2022 med monter"},"content":{"rendered":"<p>Uppt\u00e4ck gl\u00e4djen i att modellera med v\u00e5r tr\u00e4fartygsmodell av den traditionella franska tonfiskb\u00e5ten Marie-Jeanne. Denna tr\u00e4byggsats \u00e4r utformad f\u00f6r b\u00e5de erfarna modellbyggare och de som vill ta steget in i riggens v\u00e4rld f\u00f6r f\u00f6rsta g\u00e5ngen.<\/p>\n<h3>Specifikationer<\/h3>\n<p>Modellen \u00e4r i skala 1:50 och byggsatsen inneh\u00e5ller precisionsskurna tr\u00e4delar, fotoinstruktioner p\u00e5 DVD och handsydda bomullssegel. Marie-Jeanne m\u00e4ter 565 mm i l\u00e4ngd, 115 mm i bredd och 495 mm i h\u00f6jd n\u00e4r den \u00e4r f\u00e4rdigmonterad. Till byggsatsen h\u00f6r ocks\u00e5 en displaybas i tr\u00e4 med en namnskylt i metall, s\u00e5 att den f\u00e4rdiga modellen kan visas upp p\u00e5 b\u00e4sta m\u00f6jliga s\u00e4tt.<\/p>\n<h3>Material<\/h3>\n<p>Byggsatsen \u00e4r av h\u00f6g kvalitet och inneh\u00e5ller f\u00e4rdigskurna tr\u00e4bitar, l\u00f6vtr\u00e4, fotoetsade delar, m\u00e4ssing och gjutna delar samt handsydda bomullssegel. Du kan ocks\u00e5 ladda ner digitala instruktioner gratis.<\/p>\n<h3>Ber\u00e4ttelsen om Marie-Jeanne<\/h3>\n<p>Marie-Jeanne var en fransk tonfiskb\u00e5t som seglade mellan 1900 och 1950. Den l\u00e4mnade den franska hamnen Concarneau och seglade till Mauretaniens kust p\u00e5 resor som varade i upp till tv\u00e5 m\u00e5nader. Tonfiskfiske kr\u00e4ver starka och relativt snabba b\u00e5tar, och Marie-Jeanne var en av dem. Den h\u00e4r eleganta fiskeb\u00e5ten \u00e4r k\u00e4nd f\u00f6r sina f\u00e4rgglada segel.<\/p>\n<p>Bygg din egen tr\u00e4fartygsmodell av Marie-Jeanne och f\u00f6rdjupa dig i historien om denna anm\u00e4rkningsv\u00e4rda b\u00e5t. K\u00f6p byggsatsen h\u00e4r och b\u00f6rja din modellresa redan idag.<\/p>","protected":false},"excerpt":{"rendered":"<p>Bygg din egen Marie-Jeanne, en detaljerad och h\u00f6gkvalitativ tr\u00e4fartygsmodell av den traditionella franska tonfiskb\u00e5ten.<\/p>","protected":false},"featured_media":7980,"comment_status":"open","ping_status":"closed","template":"","meta":[],"product_brand":[97],"product_cat":[54],"product_tag":[],"class_list":{"0":"post-7981","1":"product","2":"type-product","3":"status-publish","4":"has-post-thumbnail","6":"product_brand-artesania","7":"product_cat-bater-artesania","9":"first","10":"outofstock","11":"taxable","12":"shipping-taxable","13":"purchasable","14":"product-type-simple"},"_links":{"self":[{"href":"https:\/\/bigfunhobby.com\/sv\/wp-json\/wp\/v2\/product\/7981","targetHints":{"allow":["GET"]}}],"collection":[{"href":"https:\/\/bigfunhobby.com\/sv\/wp-json\/wp\/v2\/product"}],"about":[{"href":"https:\/\/bigfunhobby.com\/sv\/wp-json\/wp\/v2\/types\/product"}],"replies":[{"embeddable":true,"href":"https:\/\/bigfunhobby.com\/sv\/wp-json\/wp\/v2\/comments?post=7981"}],"wp:featuredmedia":[{"embeddable":true,"href":"https:\/\/bigfunhobby.com\/sv\/wp-json\/wp\/v2\/media\/7980"}],"wp:attachment":[{"href":"https:\/\/bigfunhobby.com\/sv\/wp-json\/wp\/v2\/media?parent=7981"}],"wp:term":[{"taxonomy":"product_brand","embeddable":true,"href":"https:\/\/bigfunhobby.com\/sv\/wp-json\/wp\/v2\/product_brand?post=7981"},{"taxonomy":"product_cat","embeddable":true,"href":"https:\/\/bigfunhobby.com\/sv\/wp-json\/wp\/v2\/product_cat?post=7981"},{"taxonomy":"product_tag","embeddable":true,"href":"https:\/\/bigfunhobby.com\/sv\/wp-json\/wp\/v2\/product_tag?post=7981"}],"curies":[{"name":"wp","href":"https:\/\/api.w.org\/{rel}","templated":true}]}}