{"id":7985,"date":"2025-03-08T17:14:09","date_gmt":"2025-03-08T17:14:09","guid":{"rendered":"https:\/\/bigfunhobby.com\/butikk\/1-50-san-francisco-cross-section-model-kit\/"},"modified":"2025-12-04T10:59:23","modified_gmt":"2025-12-04T08:59:23","slug":"1-50-san-francisco-tvarsnitt-modellsats","status":"publish","type":"product","link":"https:\/\/bigfunhobby.com\/sv\/butikk\/1-50-san-francisco-cross-section-model-kit\/","title":{"rendered":"1\/50 SAN FRANCISCO TV\u00c4RSNITT MODELLSATS"},"content":{"rendered":"<h2>Byggsats av Galeonen San Francisco II<\/h2>\n<p>Med denna h\u00f6gkvalitativa byggsats kan du skapa din egen modell i skala 1:50 av galeonen San Francisco II, ett ikoniskt spanskt fartyg fr\u00e5n 1500-talet. Galleoner var n\u00e5gra av de mest kraftfulla fartygen p\u00e5 sin tid och utgjorde ryggraden i den spanska marinmakten under 1500- och 1600-talen.<\/p>\n<h2>Historia<\/h2>\n<p>Galleonerna d\u00f6k upp i mitten av 1500-talet och utgjorde huvudstommen i den spanska armadan. Dessa fartyg utm\u00e4rkte sig tack vare sin kombination av stor transportkapacitet och eldkraft, vilket gjorde dem idealiska f\u00f6r de l\u00e5nga oceanresorna mellan Spanien och Indien.<\/p>\n<h2>Specifikationer<\/h2>\n<p>N\u00e4r modellen San Francisco II \u00e4r byggd m\u00e4ter den 120 mm p\u00e5 l\u00e4ngden, 664 mm p\u00e5 h\u00f6jden och 312 mm p\u00e5 bredden. Detta ger dig en detaljerad och autentisk modell som \u00e5terspeglar den verkliga konstruktionen och strukturen hos ett galeongskepp.<\/p>\n<h2>Material<\/h2>\n<p>Byggsatsen inneh\u00e5ller exakt laserskurna tr\u00e4komponenter, l\u00f6vtr\u00e4, m\u00e4ssing, gjutj\u00e4rn och en liten utst\u00e4llningsbas med en metallplatta. En komplett steg-f\u00f6r-steg-guide p\u00e5 flera spr\u00e5k finns p\u00e5 DVD:n, och digitala instruktioner kan ocks\u00e5 laddas ner kostnadsfritt.<\/p>\n<h2>Uppt\u00e4ck modellering<\/h2>\n<p>Denna byggsats ger en unik m\u00f6jlighet att djupdyka i ett galjonsskepps konstruktion och struktur samt detaljerna p\u00e5 dess tr\u00e4d\u00e4ck. Perfekt f\u00f6r b\u00e5de erfarna modellbyggare och de som \u00e4r nya inom hobbyn.<\/p>\n<p>Utforska v\u00e5r samling av fartygsmodeller och byggsatser i tr\u00e4 idag - och b\u00f6rja din modellresa med byggsatsen San Francisco II Galeon. K\u00f6p h\u00e4r!<\/p>","protected":false},"excerpt":{"rendered":"<p>Bygg din egen skeppsmodell i tr\u00e4 med den h\u00e4r detaljerade byggsatsen av 1500-talsgaleasen San Francisco II. Du kommer att kunna utforska fartygets struktur och design med hj\u00e4lp av den h\u00e4r exakta modellen.<\/p>","protected":false},"featured_media":7984,"comment_status":"open","ping_status":"closed","template":"","meta":[],"product_brand":[97],"product_cat":[54],"product_tag":[],"class_list":{"0":"post-7985","1":"product","2":"type-product","3":"status-publish","4":"has-post-thumbnail","6":"product_brand-artesania","7":"product_cat-bater-artesania","9":"first","10":"outofstock","11":"taxable","12":"shipping-taxable","13":"purchasable","14":"product-type-simple"},"_links":{"self":[{"href":"https:\/\/bigfunhobby.com\/sv\/wp-json\/wp\/v2\/product\/7985","targetHints":{"allow":["GET"]}}],"collection":[{"href":"https:\/\/bigfunhobby.com\/sv\/wp-json\/wp\/v2\/product"}],"about":[{"href":"https:\/\/bigfunhobby.com\/sv\/wp-json\/wp\/v2\/types\/product"}],"replies":[{"embeddable":true,"href":"https:\/\/bigfunhobby.com\/sv\/wp-json\/wp\/v2\/comments?post=7985"}],"wp:featuredmedia":[{"embeddable":true,"href":"https:\/\/bigfunhobby.com\/sv\/wp-json\/wp\/v2\/media\/7984"}],"wp:attachment":[{"href":"https:\/\/bigfunhobby.com\/sv\/wp-json\/wp\/v2\/media?parent=7985"}],"wp:term":[{"taxonomy":"product_brand","embeddable":true,"href":"https:\/\/bigfunhobby.com\/sv\/wp-json\/wp\/v2\/product_brand?post=7985"},{"taxonomy":"product_cat","embeddable":true,"href":"https:\/\/bigfunhobby.com\/sv\/wp-json\/wp\/v2\/product_cat?post=7985"},{"taxonomy":"product_tag","embeddable":true,"href":"https:\/\/bigfunhobby.com\/sv\/wp-json\/wp\/v2\/product_tag?post=7985"}],"curies":[{"name":"wp","href":"https:\/\/api.w.org\/{rel}","templated":true}]}}