{"id":7989,"date":"2025-03-08T17:14:10","date_gmt":"2025-03-08T17:14:10","guid":{"rendered":"https:\/\/bigfunhobby.com\/butikk\/set-of-18-metal-figurines-and-animals-for-mississippi\/"},"modified":"2025-12-04T10:59:23","modified_gmt":"2025-12-04T08:59:23","slug":"uppsattning-av-18-metallfigurer-och-djur-for-mississippi","status":"publish","type":"product","link":"https:\/\/bigfunhobby.com\/sv\/butikk\/set-of-18-metal-figurines-and-animals-for-mississippi\/","title":{"rendered":"UPPS\u00c4TTNING AV 18 METALLFIGURER OCH DJUR F\u00d6R MISSISSIPPI"},"content":{"rendered":"<p>Ge din skeppsmodell i tr\u00e4 ett autentiskt utseende med denna upps\u00e4ttning med 18 metallfigurer och djur till modellb\u00e5ten King of the Mississippi. Setet \u00e4r perfekt f\u00f6r byggsatser i tr\u00e4 och ger en extra dimension av realism till ditt modellprojekt.<\/p>\n<p>Upps\u00e4ttningen inneh\u00e5ller:<\/p>\n<ul>\n<li>14 figurer: bes\u00e4ttning och passagerare.<\/li>\n<li>4 djur: 2 h\u00e4star och 2 kor.<\/li>\n<\/ul>\n<p>Figurerna \u00e4r mellan 25 och 30 mm stora och \u00e4r f\u00e4rdiga att monteras och m\u00e5las. Vi rekommenderar att du m\u00e5lar figurerna med Basic Paints Set for Figurines eller Advanced Paints Set for Figurines och anv\u00e4nder Specific Set of 4 Synthetic Brushes for Figurines f\u00f6r b\u00e4sta resultat. Alla finns att k\u00f6pa separat.<\/p>\n<p>Dessa miniatyrfigurer ber\u00e4ttar historien om de ber\u00f6mda hjul\u00e5ngarna som seglade p\u00e5 Mississippi och Missouri p\u00e5 1800-talet. I b\u00f6rjan av 1900-talet ersattes hjul\u00e5ngarna av propellerdrivna fartyg, men n\u00e5gra \u00f6verlevde som historiska symboler i Nordamerika. Nu kan du \u00e5terskapa den h\u00e4r perioden med den h\u00e4r byggsatsen f\u00f6r vuxna.<\/p>\n<p>Missa inte chansen att berika din skeppsmodell i tr\u00e4 med denna unika upps\u00e4ttning metallfigurer. Perfekt f\u00f6r b\u00e5de nyb\u00f6rjare och erfarna modellentusiaster. Best\u00e4ll nu f\u00f6r att ge liv \u00e5t din modell!<\/p>","protected":false},"excerpt":{"rendered":"<p>Detta \u00e4r en upps\u00e4ttning med 18 metallfigurer och djur till modellflottan King of the Mississippi. Perfekt f\u00f6r att ge en realistisk touch till din skeppsmodell i tr\u00e4.<\/p>","protected":false},"featured_media":7988,"comment_status":"open","ping_status":"closed","template":"","meta":[],"product_brand":[97],"product_cat":[54],"product_tag":[],"class_list":{"0":"post-7989","1":"product","2":"type-product","3":"status-publish","4":"has-post-thumbnail","6":"product_brand-artesania","7":"product_cat-bater-artesania","9":"first","10":"instock","11":"taxable","12":"shipping-taxable","13":"purchasable","14":"product-type-simple"},"_links":{"self":[{"href":"https:\/\/bigfunhobby.com\/sv\/wp-json\/wp\/v2\/product\/7989","targetHints":{"allow":["GET"]}}],"collection":[{"href":"https:\/\/bigfunhobby.com\/sv\/wp-json\/wp\/v2\/product"}],"about":[{"href":"https:\/\/bigfunhobby.com\/sv\/wp-json\/wp\/v2\/types\/product"}],"replies":[{"embeddable":true,"href":"https:\/\/bigfunhobby.com\/sv\/wp-json\/wp\/v2\/comments?post=7989"}],"wp:featuredmedia":[{"embeddable":true,"href":"https:\/\/bigfunhobby.com\/sv\/wp-json\/wp\/v2\/media\/7988"}],"wp:attachment":[{"href":"https:\/\/bigfunhobby.com\/sv\/wp-json\/wp\/v2\/media?parent=7989"}],"wp:term":[{"taxonomy":"product_brand","embeddable":true,"href":"https:\/\/bigfunhobby.com\/sv\/wp-json\/wp\/v2\/product_brand?post=7989"},{"taxonomy":"product_cat","embeddable":true,"href":"https:\/\/bigfunhobby.com\/sv\/wp-json\/wp\/v2\/product_cat?post=7989"},{"taxonomy":"product_tag","embeddable":true,"href":"https:\/\/bigfunhobby.com\/sv\/wp-json\/wp\/v2\/product_tag?post=7989"}],"curies":[{"name":"wp","href":"https:\/\/api.w.org\/{rel}","templated":true}]}}