{"id":7991,"date":"2025-03-08T17:14:11","date_gmt":"2025-03-08T17:14:11","guid":{"rendered":"https:\/\/bigfunhobby.com\/butikk\/1-50-marina-ii-diesel-boat\/"},"modified":"2025-12-04T10:59:23","modified_gmt":"2025-12-04T08:59:23","slug":"1-50-marina-ii-dieselbat","status":"publish","type":"product","link":"https:\/\/bigfunhobby.com\/sv\/butikk\/1-50-marina-ii-diesel-boat\/","title":{"rendered":"1\/50 MARINA II DIESELB\u00c5T"},"content":{"rendered":"<p>Denna modellsats f\u00f6r tr\u00e4fartyg \u00e5terupplivar den traditionella spanska fiskeb\u00e5ten Marina II i skala 1:50. Perfekt f\u00f6r avancerade modellbyggare, detta kit \u00e4r en trogen miniatyrreplika full av detaljer som kommer att imponera och utmana \u00e4ven den mest erfarna entusiasten.<\/p>\n<h2>Ber\u00e4ttelsen om fiskeb\u00e5ten Marina II<\/h2>\n<p>Marina II \u00e4r en typisk tonfiskb\u00e5t fr\u00e5n Kantabriasj\u00f6n. Under sommaren \u00e4gnar den sig \u00e5t tonfiskfiske, medan den resten av \u00e5ret jagar andra arter eller fiskar i andra omr\u00e5den f\u00f6r att f\u00f6lja de olika tonfiskarternas s\u00e4songsm\u00e4ssiga vandringar. Den h\u00e4r b\u00e5ten \u00e4r k\u00e4nd f\u00f6r sina traditionella fiskemetoder, som inkluderar trolling och levande bete.<\/p>\n<h2>Inneh\u00e5ll i modellbyggsatsen f\u00f6r tonfiskb\u00e5ten Marina II<\/h2>\n<p>Denna modellbyggsats f\u00f6r tr\u00e4fartyg inneh\u00e5ller allt du beh\u00f6ver f\u00f6r att bygga din egen Marina II-b\u00e5t. Satsen inneh\u00e5ller laserskurna br\u00e4ddelar med h\u00f6g precision, l\u00f6vtr\u00e4, m\u00e4ssing, gjutj\u00e4rn och tyg. N\u00e4r den h\u00e4r p\u00e5litliga miniatyrreplikan \u00e4r f\u00e4rdigbyggd m\u00e4ter den 610 mm i l\u00e4ngd, 157 mm i bredd och 450 mm i h\u00f6jd.<\/p>\n<p>F\u00f6r montering kan du f\u00f6lja v\u00e5r kompletta steg-f\u00f6r-steg-guide i fullf\u00e4rg, tillsammans med ritningarna av b\u00e5ten, b\u00e5da i DVD-format. Du kan ocks\u00e5 ladda ner de digitala instruktionerna gratis genom att klicka p\u00e5 knappen \"Instruktioner och nedladdningsbart inneh\u00e5ll\" p\u00e5 den h\u00e4r produktsidan.<\/p>\n<p>Vi rekommenderar v\u00e5ra <a href=\"https:\/\/artesanialatina.net\/en\/paints-and-finishing-sets\/62315-paints-set-ship-models-fishing-boats.html\" target=\"_blank\" rel=\"noopener\">M\u00e5lningssatser f\u00f6r fiskeb\u00e5tmodeller<\/a> (s\u00e4ljs separat) f\u00f6r att ge din modell en perfekt finish.<\/p>\n<p>Bygg din egen del av sj\u00f6fartshistorien med denna detaljerade byggsats i tr\u00e4. Perfekt f\u00f6r h\u00e4ngivna modellbyggare och entusiaster. Ta ett djupdyk i modellv\u00e4rlden med setet Marina II Diesel Boat. Best\u00e4ll din byggsats nu.<\/p>","protected":false},"excerpt":{"rendered":"<p>Marina II Diesel Boat i skala 1\/50 \u00e4r en detaljerad tr\u00e4byggsats f\u00f6r erfarna modellbyggare som \u00e5terskapar en traditionell spansk fiskeb\u00e5t.<\/p>","protected":false},"featured_media":7990,"comment_status":"open","ping_status":"closed","template":"","meta":[],"product_brand":[97],"product_cat":[54],"product_tag":[],"class_list":{"0":"post-7991","1":"product","2":"type-product","3":"status-publish","4":"has-post-thumbnail","6":"product_brand-artesania","7":"product_cat-bater-artesania","9":"first","10":"instock","11":"taxable","12":"shipping-taxable","13":"purchasable","14":"product-type-simple"},"_links":{"self":[{"href":"https:\/\/bigfunhobby.com\/sv\/wp-json\/wp\/v2\/product\/7991","targetHints":{"allow":["GET"]}}],"collection":[{"href":"https:\/\/bigfunhobby.com\/sv\/wp-json\/wp\/v2\/product"}],"about":[{"href":"https:\/\/bigfunhobby.com\/sv\/wp-json\/wp\/v2\/types\/product"}],"replies":[{"embeddable":true,"href":"https:\/\/bigfunhobby.com\/sv\/wp-json\/wp\/v2\/comments?post=7991"}],"wp:featuredmedia":[{"embeddable":true,"href":"https:\/\/bigfunhobby.com\/sv\/wp-json\/wp\/v2\/media\/7990"}],"wp:attachment":[{"href":"https:\/\/bigfunhobby.com\/sv\/wp-json\/wp\/v2\/media?parent=7991"}],"wp:term":[{"taxonomy":"product_brand","embeddable":true,"href":"https:\/\/bigfunhobby.com\/sv\/wp-json\/wp\/v2\/product_brand?post=7991"},{"taxonomy":"product_cat","embeddable":true,"href":"https:\/\/bigfunhobby.com\/sv\/wp-json\/wp\/v2\/product_cat?post=7991"},{"taxonomy":"product_tag","embeddable":true,"href":"https:\/\/bigfunhobby.com\/sv\/wp-json\/wp\/v2\/product_tag?post=7991"}],"curies":[{"name":"wp","href":"https:\/\/api.w.org\/{rel}","templated":true}]}}