{"id":7997,"date":"2025-03-08T17:14:15","date_gmt":"2025-03-08T17:14:15","guid":{"rendered":"https:\/\/bigfunhobby.com\/butikk\/set-of-10-metal-figurines-for-caravels-and-gallions\/"},"modified":"2025-12-04T10:59:23","modified_gmt":"2025-12-04T08:59:23","slug":"set-om-10-metallfigurer-for-karaveller-och-galjonsfigurer","status":"publish","type":"product","link":"https:\/\/bigfunhobby.com\/sv\/butikk\/set-of-10-metal-figurines-for-caravels-and-gallions\/","title":{"rendered":"SET OM 10 METALLFIGURER F\u00d6R KARAVELLER OCH GALJONSFIGURER"},"content":{"rendered":"<p> Ge liv \u00e5t dina fartygsmodeller av tr\u00e4 med denna detaljerade upps\u00e4ttning med 10 metallfigurer f\u00f6r karaveller och galoner. Setet ger en realistisk touch till din byggsats och \u00e4r speciellt utformat f\u00f6r modellentusiaster. Figurerna \u00e4r i skala 1\/65 och \u00e4r f\u00e4rdiga att montera och m\u00e5la. <\/p>\n<p> Varje figur i setet m\u00e4ter mellan 25 mm och 30 mm och inneh\u00e5ller f\u00f6ljande karakt\u00e4rer: <\/p>\n<ul>\n<li> Christofer Columbus, Juan de la Cosa och Mart\u00edn Alonso Pinz\u00f3n.<\/li>\n<li> Vicente Y\u00e1\u00f1ez Pinz\u00f3n och Rodrigo de Triana.<\/li>\n<li> Matroserna 1, 2, 3, 4 och 5.<\/li>\n<\/ul>\n<p> F\u00f6r att ge figurerna ett professionellt utseende rekommenderar vi att du m\u00e5lar dem med en av tv\u00e5 upps\u00e4ttningar akryl- och vattenbaserade f\u00e4rger fr\u00e5n Artesania Latina. Dessa finns redan till f\u00f6rs\u00e4ljning separat: Basic Paints Set for Figurines eller Advanced Paints Set for Figurines. F\u00f6r att s\u00e4kerst\u00e4lla m\u00e5lningsprecision rekommenderar vi att du anv\u00e4nder en upps\u00e4ttning med 4 syntetiska borstar f\u00f6r figurer och sm\u00e5 delar, som ocks\u00e5 finns separat. <\/p>\n<p> Denna upps\u00e4ttning \u00e4r en unik m\u00f6jlighet att l\u00e4gga till historisk autenticitet till dina modellfartyg, oavsett om du \u00e4r en erfaren modellbyggare eller en nyb\u00f6rjare. L\u00e5t kreativiteten fl\u00f6da och l\u00e4gg till en extra dimension till dina byggsatser med denna upps\u00e4ttning metallfigurer. <\/p>\n<p> Uppt\u00e4ck gl\u00e4djen med att modellera och best\u00e4ll ditt kit idag! <\/p>","protected":false},"excerpt":{"rendered":"<p>Ge dina modellfartyg en realistisk touch med denna upps\u00e4ttning med 10 metallfigurer. Skala 1\/65, f\u00e4rdiga att montera och m\u00e5la.<\/p>","protected":false},"featured_media":7996,"comment_status":"open","ping_status":"closed","template":"","meta":[],"product_brand":[97],"product_cat":[54],"product_tag":[],"class_list":{"0":"post-7997","1":"product","2":"type-product","3":"status-publish","4":"has-post-thumbnail","6":"product_brand-artesania","7":"product_cat-bater-artesania","9":"first","10":"outofstock","11":"taxable","12":"shipping-taxable","13":"purchasable","14":"product-type-simple"},"_links":{"self":[{"href":"https:\/\/bigfunhobby.com\/sv\/wp-json\/wp\/v2\/product\/7997","targetHints":{"allow":["GET"]}}],"collection":[{"href":"https:\/\/bigfunhobby.com\/sv\/wp-json\/wp\/v2\/product"}],"about":[{"href":"https:\/\/bigfunhobby.com\/sv\/wp-json\/wp\/v2\/types\/product"}],"replies":[{"embeddable":true,"href":"https:\/\/bigfunhobby.com\/sv\/wp-json\/wp\/v2\/comments?post=7997"}],"wp:featuredmedia":[{"embeddable":true,"href":"https:\/\/bigfunhobby.com\/sv\/wp-json\/wp\/v2\/media\/7996"}],"wp:attachment":[{"href":"https:\/\/bigfunhobby.com\/sv\/wp-json\/wp\/v2\/media?parent=7997"}],"wp:term":[{"taxonomy":"product_brand","embeddable":true,"href":"https:\/\/bigfunhobby.com\/sv\/wp-json\/wp\/v2\/product_brand?post=7997"},{"taxonomy":"product_cat","embeddable":true,"href":"https:\/\/bigfunhobby.com\/sv\/wp-json\/wp\/v2\/product_cat?post=7997"},{"taxonomy":"product_tag","embeddable":true,"href":"https:\/\/bigfunhobby.com\/sv\/wp-json\/wp\/v2\/product_tag?post=7997"}],"curies":[{"name":"wp","href":"https:\/\/api.w.org\/{rel}","templated":true}]}}