{"id":8009,"date":"2025-03-08T17:14:20","date_gmt":"2025-03-08T17:14:20","guid":{"rendered":"https:\/\/bigfunhobby.com\/butikk\/set-14-die-cast-figurines-hermione-lafayette\/"},"modified":"2025-12-04T10:59:23","modified_gmt":"2025-12-04T08:59:23","slug":"set-14-die-cast-figurines-hermione-lafayette","status":"publish","type":"product","link":"https:\/\/bigfunhobby.com\/sv\/butikk\/set-14-die-cast-figurines-hermione-lafayette\/","title":{"rendered":"UPPS\u00c4TTNING AV 14 GJUTNA FIGURINER - HERMIONE LAFAYETTE"},"content":{"rendered":"<p>\u00d8k realismen og detaljrikheten til din Hermione La Fayette modellb\u00e5t med dette 14-dels settet av st\u00f8pte metallfigurer. Dette byggesettet gir deg muligheten til \u00e5 personliggj\u00f8re din treskipsmodell med autentiske figurer av mannskapet, klare til \u00e5 bli montert og malt.<\/p>\n<p>Upps\u00e4ttningen inneh\u00e5ller:<\/p>\n<ul>\n<li>7 Sj\u00f8menn<\/li>\n<li>7 Offiserer<\/li>\n<\/ul>\n<p>Figurene m\u00e5ler fra 25mm til 30mm, og gir en skala som passer perfekt med Hermione La Fayette treskipsmodell. Ta din modellbygging til et nytt niv\u00e5 ved \u00e5 legge til disse detaljerte figurene.<\/p>\n<p>For best resultat anbefaler vi \u00e5 male figurene med ett av de to settene av akryl- og vannbaserte maling laget av Artesania Latina. Bruk ogs\u00e5 det spesifikke settet med 4 syntetiske pensler for figurer og sm\u00e5 deler. Begge disse produktene er solgt separat.<\/p>\n<p>Dette byggesettet er perfekt for b\u00e5de nybegynnere og erfarne entusiaster innen modellbygging. Det gir en ekstra dimensjon til din treskipsmodell, og skaper en mer autentisk og levende fremstilling av livet om bord p\u00e5 Hermione La Fayette.<\/p>\n<p>Ikke vent, bestill ditt sett med 14 st\u00f8pte metallfigurer for Hermione La Fayette treskipsmodell n\u00e5, og ta din modellbygging til nye h\u00f8yder.<\/p>","protected":false},"excerpt":{"rendered":"<p>Forbedre din Hermione La Fayette treskipsmodell med dette settet av 14 st\u00f8pte metallfigurer, klare for montering og maling. Inkluderer b\u00e5de sj\u00f8menn og offiserer for en autentisk finish.<\/p>","protected":false},"featured_media":8008,"comment_status":"open","ping_status":"closed","template":"","meta":[],"product_brand":[97],"product_cat":[54],"product_tag":[],"class_list":{"0":"post-8009","1":"product","2":"type-product","3":"status-publish","4":"has-post-thumbnail","6":"product_brand-artesania","7":"product_cat-bater-artesania","9":"first","10":"instock","11":"taxable","12":"shipping-taxable","13":"purchasable","14":"product-type-simple"},"_links":{"self":[{"href":"https:\/\/bigfunhobby.com\/sv\/wp-json\/wp\/v2\/product\/8009","targetHints":{"allow":["GET"]}}],"collection":[{"href":"https:\/\/bigfunhobby.com\/sv\/wp-json\/wp\/v2\/product"}],"about":[{"href":"https:\/\/bigfunhobby.com\/sv\/wp-json\/wp\/v2\/types\/product"}],"replies":[{"embeddable":true,"href":"https:\/\/bigfunhobby.com\/sv\/wp-json\/wp\/v2\/comments?post=8009"}],"wp:featuredmedia":[{"embeddable":true,"href":"https:\/\/bigfunhobby.com\/sv\/wp-json\/wp\/v2\/media\/8008"}],"wp:attachment":[{"href":"https:\/\/bigfunhobby.com\/sv\/wp-json\/wp\/v2\/media?parent=8009"}],"wp:term":[{"taxonomy":"product_brand","embeddable":true,"href":"https:\/\/bigfunhobby.com\/sv\/wp-json\/wp\/v2\/product_brand?post=8009"},{"taxonomy":"product_cat","embeddable":true,"href":"https:\/\/bigfunhobby.com\/sv\/wp-json\/wp\/v2\/product_cat?post=8009"},{"taxonomy":"product_tag","embeddable":true,"href":"https:\/\/bigfunhobby.com\/sv\/wp-json\/wp\/v2\/product_tag?post=8009"}],"curies":[{"name":"wp","href":"https:\/\/api.w.org\/{rel}","templated":true}]}}