{"id":8017,"date":"2025-03-08T17:14:24","date_gmt":"2025-03-08T17:14:24","guid":{"rendered":"https:\/\/bigfunhobby.com\/butikk\/paints-set-for-ship-models-caravels-and-galleons\/"},"modified":"2025-12-04T10:59:23","modified_gmt":"2025-12-04T08:59:23","slug":"fargset-for-fartygsmodeller-karaveller-och-galoner","status":"publish","type":"product","link":"https:\/\/bigfunhobby.com\/sv\/butikk\/paints-set-for-ship-models-caravels-and-galleons\/","title":{"rendered":"F\u00e4rgset f\u00f6r fartygsmodeller: Karaveller och galleoner"},"content":{"rendered":"<p>F\u00f6rbered dig p\u00e5 att v\u00e4cka liv i dina fartygsmodeller av tr\u00e4 med v\u00e5rt f\u00e4rgkit som \u00e4r speciellt utformat f\u00f6r modeller av karaveller och gal\u00e4rer. Det h\u00e4r \u00e4r den perfekta produkten f\u00f6r att se till att dina miniatyrrepliker f\u00e5r perfekta och autentiska ytor. Med hj\u00e4lp av detta kit kan du f\u00e5 dina karavellmodeller i skala 1\/65 och gal\u00e4rmodeller i skala 1\/90 att gl\u00e4nsa efter att de har byggts.<\/p>\n<p><strong>Specifikationer:<\/strong><\/p>\n<ul>\n<li>Vattenbaserade f\u00e4rger och akrylf\u00e4rger<\/li>\n<li>Speciellt utformad f\u00f6r fartygsmodeller av tr\u00e4 av karaveller och gal\u00e4rer<\/li>\n<li>Kan anv\u00e4ndas p\u00e5 b\u00e5de modeller i skala 1\/65 och skala 1\/90<\/li>\n<\/ul>\n<p>Detta f\u00e4rgkit \u00e4r en kostnadseffektiv l\u00f6sning j\u00e4mf\u00f6rt med att k\u00f6pa f\u00e4rgerna var f\u00f6r sig. Med detta kit tillg\u00e4ngligt i din modellverkstad kan du ge dina skeppsmodeller av tr\u00e4 ett professionellt och autentiskt utseende.<\/p>\n<p><strong>Historia:<\/strong><\/p>\n<p>Karaveller och gal\u00e4rer \u00e4r historiska fartygstyper som har spelat en viktig roll i sj\u00f6fartens historia. Med det h\u00e4r f\u00e4rgsetet kan du l\u00e4gga till en extra niv\u00e5 av realism i dina modelleringssatser och skapa en trov\u00e4rdig miniatyrreplika av dessa ber\u00f6mda fartyg.<\/p>\n<p>Oavsett om du \u00e4r en erfaren modellbyggare eller nyb\u00f6rjare f\u00e5r du med den h\u00e4r f\u00e4rgkitet de verktyg du beh\u00f6ver f\u00f6r att uppn\u00e5 imponerande resultat. Ta chansen att f\u00f6rdjupa dig i modellhobbyn och uppt\u00e4ck gl\u00e4djen i att skapa dina egna handm\u00e5lade skeppsmodeller i tr\u00e4.<\/p>\n<p>V\u00e4nta inte, ta n\u00e4sta steg i din modellresa genom att best\u00e4lla detta f\u00e4rgkit nu.<\/p>","protected":false},"excerpt":{"rendered":"<p>F\u00e4rgkit speciellt framtaget f\u00f6r modeller av karaveller och gal\u00e4rer. Perfekt f\u00f6r att ge dina modeller trov\u00e4rdiga och livfulla ytor.<\/p>","protected":false},"featured_media":8016,"comment_status":"open","ping_status":"closed","template":"","meta":[],"product_brand":[97],"product_cat":[70],"product_tag":[],"class_list":{"0":"post-8017","1":"product","2":"type-product","3":"status-publish","4":"has-post-thumbnail","6":"product_brand-artesania","7":"product_cat-artesania-maling","9":"first","10":"instock","11":"taxable","12":"shipping-taxable","13":"purchasable","14":"product-type-simple"},"_links":{"self":[{"href":"https:\/\/bigfunhobby.com\/sv\/wp-json\/wp\/v2\/product\/8017","targetHints":{"allow":["GET"]}}],"collection":[{"href":"https:\/\/bigfunhobby.com\/sv\/wp-json\/wp\/v2\/product"}],"about":[{"href":"https:\/\/bigfunhobby.com\/sv\/wp-json\/wp\/v2\/types\/product"}],"replies":[{"embeddable":true,"href":"https:\/\/bigfunhobby.com\/sv\/wp-json\/wp\/v2\/comments?post=8017"}],"wp:featuredmedia":[{"embeddable":true,"href":"https:\/\/bigfunhobby.com\/sv\/wp-json\/wp\/v2\/media\/8016"}],"wp:attachment":[{"href":"https:\/\/bigfunhobby.com\/sv\/wp-json\/wp\/v2\/media?parent=8017"}],"wp:term":[{"taxonomy":"product_brand","embeddable":true,"href":"https:\/\/bigfunhobby.com\/sv\/wp-json\/wp\/v2\/product_brand?post=8017"},{"taxonomy":"product_cat","embeddable":true,"href":"https:\/\/bigfunhobby.com\/sv\/wp-json\/wp\/v2\/product_cat?post=8017"},{"taxonomy":"product_tag","embeddable":true,"href":"https:\/\/bigfunhobby.com\/sv\/wp-json\/wp\/v2\/product_tag?post=8017"}],"curies":[{"name":"wp","href":"https:\/\/api.w.org\/{rel}","templated":true}]}}