{"id":8019,"date":"2025-03-08T17:14:25","date_gmt":"2025-03-08T17:14:25","guid":{"rendered":"https:\/\/bigfunhobby.com\/butikk\/paints-set-for-ship-model-british-boat-hms-endeavour\/"},"modified":"2025-12-04T10:59:23","modified_gmt":"2025-12-04T08:59:23","slug":"paints-set-for-ship-model-british-boat-hms-endeavour","status":"publish","type":"product","link":"https:\/\/bigfunhobby.com\/sv\/butikk\/paints-set-for-ship-model-british-boat-hms-endeavour\/","title":{"rendered":"F\u00e4rgset f\u00f6r fartygsmodell: Brittisk b\u00e5t HMS Endeavour"},"content":{"rendered":"<p>Utforsk den detaljerte verdenen av modellbygging med dette malingsettet til treskipsmodellen HMS Endeavour. Settet inkluderer ni ulike farger: Off-White, Off-Black, Bright Red, Royal Blue, Deep Yellow, Buff, Cocoa Brown, Gold og Burnt Umber. Hver farge kommer i en 20 ml krukke med vannbasert akrylmaling.<\/p>\n<p>Denne malingen er spesielt designet for \u00e5 v\u00e6re egnet til airbrush-applikasjon, en teknikk som er mye brukt av erfarne modellbyggere. Vannbasert akrylmaling er mindre korrosiv, mindre giftig og krever mindre omr\u00f8ring for \u00e5 oppn\u00e5 en ensartet tekstur enn andre typer maling. Denne malingen er derfor et utmerket valg for b\u00e5de nybegynnere og erfarne modellbyggere.<\/p>\n<p>Malingen t\u00f8rker raskt, vanligvis i l\u00f8pet av 20 minutter til ber\u00f8ring og fullstendig p\u00e5 en time. Hvis du trenger \u00e5 p\u00e5f\u00f8re et nytt str\u00f8k, trenger du bare \u00e5 vente omtrent 6 timer. Det anbefales \u00e5 p\u00e5f\u00f8re et lag med primer f\u00f8r du bruker malingen for \u00e5 sikre det beste resultatet.<\/p>\n<p>HMS Endeavour er et historisk skip kjent for \u00e5 ha blitt brukt av James Cook p\u00e5 hans f\u00f8rste reise til Stillehavet. Med dette malingsettet kan du bringe din skalamodell av dette ber\u00f8mte skipet til liv med autentiske og levende farger.<\/p>\n<p>Utforsk det store utvalget av byggesett og modellhobbyprodukter i v\u00e5r nettbutikk og start ditt neste prosjekt i dag. Enten du er en nybegynner eller en erfaren modellbygger, har vi alt du trenger for \u00e5 skape fantastiske modeller. Kj\u00f8p malingsettet for HMS Endeavour treskipsmodell her!<\/p>","protected":false},"excerpt":{"rendered":"<p>Denne malingsettet for skalamodell av det britiske skipet HMS Endeavour inkluderer ni forskjellige vannbaserte akrylmaling p\u00e5 20 ml hver. Malingen er ideell for airbrush-applikasjon og gir et profesjonelt resultat.<\/p>","protected":false},"featured_media":8018,"comment_status":"open","ping_status":"closed","template":"","meta":[],"product_brand":[97],"product_cat":[70],"product_tag":[],"class_list":{"0":"post-8019","1":"product","2":"type-product","3":"status-publish","4":"has-post-thumbnail","6":"product_brand-artesania","7":"product_cat-artesania-maling","9":"first","10":"instock","11":"taxable","12":"shipping-taxable","13":"purchasable","14":"product-type-simple"},"_links":{"self":[{"href":"https:\/\/bigfunhobby.com\/sv\/wp-json\/wp\/v2\/product\/8019","targetHints":{"allow":["GET"]}}],"collection":[{"href":"https:\/\/bigfunhobby.com\/sv\/wp-json\/wp\/v2\/product"}],"about":[{"href":"https:\/\/bigfunhobby.com\/sv\/wp-json\/wp\/v2\/types\/product"}],"replies":[{"embeddable":true,"href":"https:\/\/bigfunhobby.com\/sv\/wp-json\/wp\/v2\/comments?post=8019"}],"wp:featuredmedia":[{"embeddable":true,"href":"https:\/\/bigfunhobby.com\/sv\/wp-json\/wp\/v2\/media\/8018"}],"wp:attachment":[{"href":"https:\/\/bigfunhobby.com\/sv\/wp-json\/wp\/v2\/media?parent=8019"}],"wp:term":[{"taxonomy":"product_brand","embeddable":true,"href":"https:\/\/bigfunhobby.com\/sv\/wp-json\/wp\/v2\/product_brand?post=8019"},{"taxonomy":"product_cat","embeddable":true,"href":"https:\/\/bigfunhobby.com\/sv\/wp-json\/wp\/v2\/product_cat?post=8019"},{"taxonomy":"product_tag","embeddable":true,"href":"https:\/\/bigfunhobby.com\/sv\/wp-json\/wp\/v2\/product_tag?post=8019"}],"curies":[{"name":"wp","href":"https:\/\/api.w.org\/{rel}","templated":true}]}}