{"id":8023,"date":"2025-03-08T17:14:26","date_gmt":"2025-03-08T17:14:26","guid":{"rendered":"https:\/\/bigfunhobby.com\/butikk\/gauge-h0-article-no-20997-marklin-start-up-uncoupler-track\/"},"modified":"2025-12-04T10:59:23","modified_gmt":"2025-12-04T08:59:23","slug":"gauge-h0-article-no-20997-marklin-start-up-uncoupler-track","status":"publish","type":"product","link":"https:\/\/bigfunhobby.com\/sv\/butikk\/gauge-h0-article-no-20997-marklin-start-up-uncoupler-track\/","title":{"rendered":"Gauge H0 &#8211; Article No. 20997 M\u00e4rklin Start up \u2013 Uncoupler Track"},"content":{"rendered":"<p>Forbedre din modelljernbane med M\u00e4rklin Start up &#8211; Uncoupler Track i skala H0. Dette er et essensielt element for de som \u00f8nsker \u00e5 gi jernbanen sin et ekstra niv\u00e5 av realisme. Med b\u00e5de funksjonalitet for manuell og elektrisk frakobling, gir denne skilleveien deg full kontroll over dine tog.<\/p>\n<ul>\n<li>Lengde: 94.2 mm \/ 3-11\/16&#8242;<\/li>\n<li>Innhold: 1 stk<\/li>\n<li>Funksjonalitet for b\u00e5de manuell og elektrisk frakobling<\/li>\n<li>Elektrisk frakobling krever 72752 kontrollboks og inkludert kabel<\/li>\n<\/ul>\n<p>M\u00e4rklin Start up &#8211; Uncoupler Track er produsert med stor oppmerksomhet p\u00e5 detaljer, noe som bidrar til en realistisk modelljernbaneopplevelse. Den egner seg ypperlig til b\u00e5de erfarne modelljernbaneentusiaster og nybegynnere som nylig har funnet glede i denne spennende hobbyen.<\/p>\n<p>Modelljernbane har en lang historie, med de f\u00f8rste modellene som ble produsert allerede p\u00e5 1800-tallet. M\u00e4rklin har v\u00e6rt en ledende produsent siden begynnelsen, og er kjent for sin h\u00f8ye kvalitet og detaljrikdom. Med dette produktet fortsetter de tradisjonen og leverer det du trenger for \u00e5 bygge en troverdig og fascinerende modelljernbane.<\/p>\n<p>Ikke vent lenger med \u00e5 bringe din modelljernbane til det neste niv\u00e5et. Bestill M\u00e4rklin Start up &#8211; Uncoupler Track i dag og nyt f\u00f8lelsen av \u00e5 ha full kontroll over dine tog p\u00e5 sporet.<\/p>","protected":false},"excerpt":{"rendered":"<p>\u00d8k realitetsf\u00f8lelsen p\u00e5 din modelljernbane med M\u00e4rklin Start up &#8211; Uncoupler Track, en skillevei som passer til b\u00e5de manuell og elektrisk frakobling.<\/p>","protected":false},"featured_media":8022,"comment_status":"open","ping_status":"closed","template":"","meta":[],"product_brand":[107],"product_cat":[72],"product_tag":[],"class_list":{"0":"post-8023","1":"product","2":"type-product","3":"status-publish","4":"has-post-thumbnail","6":"product_brand-marklin","7":"product_cat-marklin-h0-originalen","9":"first","10":"instock","11":"taxable","12":"shipping-taxable","13":"purchasable","14":"product-type-simple"},"_links":{"self":[{"href":"https:\/\/bigfunhobby.com\/sv\/wp-json\/wp\/v2\/product\/8023","targetHints":{"allow":["GET"]}}],"collection":[{"href":"https:\/\/bigfunhobby.com\/sv\/wp-json\/wp\/v2\/product"}],"about":[{"href":"https:\/\/bigfunhobby.com\/sv\/wp-json\/wp\/v2\/types\/product"}],"replies":[{"embeddable":true,"href":"https:\/\/bigfunhobby.com\/sv\/wp-json\/wp\/v2\/comments?post=8023"}],"wp:featuredmedia":[{"embeddable":true,"href":"https:\/\/bigfunhobby.com\/sv\/wp-json\/wp\/v2\/media\/8022"}],"wp:attachment":[{"href":"https:\/\/bigfunhobby.com\/sv\/wp-json\/wp\/v2\/media?parent=8023"}],"wp:term":[{"taxonomy":"product_brand","embeddable":true,"href":"https:\/\/bigfunhobby.com\/sv\/wp-json\/wp\/v2\/product_brand?post=8023"},{"taxonomy":"product_cat","embeddable":true,"href":"https:\/\/bigfunhobby.com\/sv\/wp-json\/wp\/v2\/product_cat?post=8023"},{"taxonomy":"product_tag","embeddable":true,"href":"https:\/\/bigfunhobby.com\/sv\/wp-json\/wp\/v2\/product_tag?post=8023"}],"curies":[{"name":"wp","href":"https:\/\/api.w.org\/{rel}","templated":true}]}}