{"id":8027,"date":"2025-03-08T17:14:27","date_gmt":"2025-03-08T17:14:27","guid":{"rendered":"https:\/\/bigfunhobby.com\/butikk\/gauge-h0-article-no-20330-curved-c-track-r3\/"},"modified":"2025-12-04T10:59:23","modified_gmt":"2025-12-04T08:59:23","slug":"gauge-h0-article-no-20330-curved-c-track-r3","status":"publish","type":"product","link":"https:\/\/bigfunhobby.com\/sv\/butikk\/gauge-h0-article-no-20330-curved-c-track-r3\/","title":{"rendered":"Gauge H0 &#8211; Article No. 20330 Curved C Track (R3)"},"content":{"rendered":"<p>Utforsk det fascinerende universet av modelljernbaner med Gauge H0 &#8211; Artikkel Nr. 20330 R3 buet C-spor. Denne delen er essensiell for \u00e5 skape en unik og realistisk modelljernbane, og passer perfekt til b\u00e5de nybegynnere og erfarne modellbyggere.<\/p>\n<p>Sporet er laget for \u00e5 passe perfekt med andre deler i H0-skala, og lar deg bygge en komplett modelljernbane med intrikate detaljer og realistisk utseende. Om du skal bygge en liten landsbybane eller en stor byjernbane, vil dette sporet gi deg muligheten til \u00e5 skape n\u00f8yaktig den banen du har sett for deg.<\/p>\n<ul>\n<li>Skala: H0<\/li>\n<li>Artikkelnummer: 20330<\/li>\n<li>Type: R3 buet C-spor<\/li>\n<\/ul>\n<p>Modelljernbane har en lang historikk og er en hobby som har fascinert entusiaster i mange \u00e5r. Til tross for den digitale tidsalderen vi lever i, holder denne hobbyen fortsatt stand og fortsetter \u00e5 engasjere b\u00e5de unge og gamle. Det er noe spesielt med \u00e5 skape sin egen lille verden, og med dette buede C-sporet kan du ta hobbyen din til neste niv\u00e5.<\/p>\n<p>Enten du er en erfaren modellbygger eller bare begynner p\u00e5 denne fascinerende hobbyen, vil Gauge H0 &#8211; Artikkel Nr. 20330 R3 buet C-spor gi deg mange timer med kreativ underholdning. Ikke vent, ta steget og begynn \u00e5 bygge din dr\u00f8mmejernbane i dag. Bestill n\u00e5!<\/p>","protected":false},"excerpt":{"rendered":"<p>Utforsk hobbyen din med Gauge H0 &#8211; Artikkel Nr. 20330 R3 buet C-spor for modelljernbane. Perfekt for b\u00e5de nybegynnere og erfarne modellbyggere.<\/p>","protected":false},"featured_media":8026,"comment_status":"open","ping_status":"closed","template":"","meta":[],"product_brand":[107],"product_cat":[72],"product_tag":[],"class_list":{"0":"post-8027","1":"product","2":"type-product","3":"status-publish","4":"has-post-thumbnail","6":"product_brand-marklin","7":"product_cat-marklin-h0-originalen","9":"first","10":"instock","11":"taxable","12":"shipping-taxable","13":"purchasable","14":"product-type-simple"},"_links":{"self":[{"href":"https:\/\/bigfunhobby.com\/sv\/wp-json\/wp\/v2\/product\/8027","targetHints":{"allow":["GET"]}}],"collection":[{"href":"https:\/\/bigfunhobby.com\/sv\/wp-json\/wp\/v2\/product"}],"about":[{"href":"https:\/\/bigfunhobby.com\/sv\/wp-json\/wp\/v2\/types\/product"}],"replies":[{"embeddable":true,"href":"https:\/\/bigfunhobby.com\/sv\/wp-json\/wp\/v2\/comments?post=8027"}],"wp:featuredmedia":[{"embeddable":true,"href":"https:\/\/bigfunhobby.com\/sv\/wp-json\/wp\/v2\/media\/8026"}],"wp:attachment":[{"href":"https:\/\/bigfunhobby.com\/sv\/wp-json\/wp\/v2\/media?parent=8027"}],"wp:term":[{"taxonomy":"product_brand","embeddable":true,"href":"https:\/\/bigfunhobby.com\/sv\/wp-json\/wp\/v2\/product_brand?post=8027"},{"taxonomy":"product_cat","embeddable":true,"href":"https:\/\/bigfunhobby.com\/sv\/wp-json\/wp\/v2\/product_cat?post=8027"},{"taxonomy":"product_tag","embeddable":true,"href":"https:\/\/bigfunhobby.com\/sv\/wp-json\/wp\/v2\/product_tag?post=8027"}],"curies":[{"name":"wp","href":"https:\/\/api.w.org\/{rel}","templated":true}]}}