{"id":8037,"date":"2025-03-08T17:14:30","date_gmt":"2025-03-08T17:14:30","guid":{"rendered":"https:\/\/bigfunhobby.com\/butikk\/gauge-h0-article-no-20611-left-turnout\/"},"modified":"2025-12-04T10:59:23","modified_gmt":"2025-12-04T08:59:23","slug":"sparvidd-h0-artikelnr-20611-vanster-vaxel","status":"publish","type":"product","link":"https:\/\/bigfunhobby.com\/sv\/butikk\/gauge-h0-article-no-20611-left-turnout\/","title":{"rendered":"Sp\u00e5rvidd H0 - artikel nr 20611 V\u00e4nster v\u00e4xel"},"content":{"rendered":"<p>Detta \u00e4r sp\u00e5rvidd H0 - art.nr 20611 V\u00e4nster v\u00e4xel. Ett m\u00e5ste f\u00f6r alla som \u00e4r intresserade av modellj\u00e4rnv\u00e4gar och vill f\u00f6rl\u00e4nga sina sp\u00e5r eller skapa mer komplexa layouter. Denna v\u00e4nstra v\u00e4xel levereras med en manuell handspak f\u00f6r v\u00e4xling mellan sp\u00e5r. <\/p>\n<p>V\u00e4xeln \u00e4r 188,3 mm l\u00e5ng, vilket motsvarar 7-13\/32\u2032, och har en radie p\u00e5 R2 = 437,5 mm, eller 17-1\/4\u2032. Vinkeln p\u00e5 v\u00e4xeln \u00e4r 24,3\u00b0. Dessa specifikationer g\u00f6r att den \u00e4r l\u00e4tt att passa in i de flesta modellj\u00e4rnv\u00e4gslayouter.<\/p>\n<p>Den \u00e4r konstruerad f\u00f6r att kunna uppgraderas med den elektriska v\u00e4xelmekanismen 74492, vilket ger \u00e4nnu mer realism och kontroll \u00f6ver din modellj\u00e4rnv\u00e4g. Detta ger dig m\u00f6jlighet att ut\u00f6ka och f\u00f6rb\u00e4ttra din modellj\u00e4rnv\u00e4g i takt med att du utvecklas som modellbyggare.<\/p>\n<p>Modellj\u00e4rnv\u00e4g \u00e4r en hobby med l\u00e5nga traditioner och med en s\u00e5dan h\u00e4r v\u00e4nsterriktad v\u00e4xel f\u00e5r du m\u00f6jlighet att skapa mer komplexa och realistiska t\u00e5glayouter. Det h\u00e4r \u00e4r en kvalitetsprodukt som kommer att underl\u00e4tta m\u00e5nga timmars kreativt och givande modellbygge.<\/p>\n<p>L\u00e4gg till Sp\u00e5rvidd H0 - Art.nr. 20611 V\u00e4nster v\u00e4xel till din samling idag f\u00f6r att ut\u00f6ka din modellj\u00e4rnv\u00e4g. Se v\u00e5rt breda sortiment av modellj\u00e4rnv\u00e4gsutrustning och byggsatser f\u00f6r vuxna. Best\u00e4ll nu!<\/p>","protected":false},"excerpt":{"rendered":"<p>Sp\u00e5rvidd H0 - Art.nr 20611 V\u00e4nster v\u00e4xel, en perfekt ut\u00f6kning av ditt modellj\u00e4rnv\u00e4gsprojekt. Kan uppgraderas med en elektrisk v\u00e4xelmekanism.<\/p>","protected":false},"featured_media":8036,"comment_status":"open","ping_status":"closed","template":"","meta":[],"product_brand":[107],"product_cat":[72],"product_tag":[],"class_list":{"0":"post-8037","1":"product","2":"type-product","3":"status-publish","4":"has-post-thumbnail","6":"product_brand-marklin","7":"product_cat-marklin-h0-originalen","9":"first","10":"outofstock","11":"taxable","12":"shipping-taxable","13":"purchasable","14":"product-type-simple"},"_links":{"self":[{"href":"https:\/\/bigfunhobby.com\/sv\/wp-json\/wp\/v2\/product\/8037","targetHints":{"allow":["GET"]}}],"collection":[{"href":"https:\/\/bigfunhobby.com\/sv\/wp-json\/wp\/v2\/product"}],"about":[{"href":"https:\/\/bigfunhobby.com\/sv\/wp-json\/wp\/v2\/types\/product"}],"replies":[{"embeddable":true,"href":"https:\/\/bigfunhobby.com\/sv\/wp-json\/wp\/v2\/comments?post=8037"}],"wp:featuredmedia":[{"embeddable":true,"href":"https:\/\/bigfunhobby.com\/sv\/wp-json\/wp\/v2\/media\/8036"}],"wp:attachment":[{"href":"https:\/\/bigfunhobby.com\/sv\/wp-json\/wp\/v2\/media?parent=8037"}],"wp:term":[{"taxonomy":"product_brand","embeddable":true,"href":"https:\/\/bigfunhobby.com\/sv\/wp-json\/wp\/v2\/product_brand?post=8037"},{"taxonomy":"product_cat","embeddable":true,"href":"https:\/\/bigfunhobby.com\/sv\/wp-json\/wp\/v2\/product_cat?post=8037"},{"taxonomy":"product_tag","embeddable":true,"href":"https:\/\/bigfunhobby.com\/sv\/wp-json\/wp\/v2\/product_tag?post=8037"}],"curies":[{"name":"wp","href":"https:\/\/api.w.org\/{rel}","templated":true}]}}