{"id":8039,"date":"2025-03-08T17:14:30","date_gmt":"2025-03-08T17:14:30","guid":{"rendered":"https:\/\/bigfunhobby.com\/butikk\/gauge-h0-article-no-20360-straight-c-track\/"},"modified":"2025-12-04T10:59:23","modified_gmt":"2025-12-04T08:59:23","slug":"gauge-h0-article-no-20360-straight-c-track","status":"publish","type":"product","link":"https:\/\/bigfunhobby.com\/sv\/butikk\/gauge-h0-article-no-20360-straight-c-track\/","title":{"rendered":"Gauge H0 &#8211; Article No. 20360 Straight C Track"},"content":{"rendered":"<p>Gauge H0 &#8211; Artikkel nr. 20360 Straight C Track er et n\u00f8kkelkomponent i enhver modelljernbaneoppbygging. Dette tilbeh\u00f8ret, med sin lengde p\u00e5 360 mm, er en ideell l\u00f8sning for de som \u00f8nsker \u00e5 utvide sitt eksisterende jernbanesett eller for de som starter sin reise med modelljernbanebygging.<\/p>\n<p>Dette er et sett som best\u00e5r av to sporstykker, og gir deg muligheten til \u00e5 lage jernbanestrekninger som er unike for din modelljernbane.<\/p>\n<ul>\n<li>Lengde: 360 mm<\/li>\n<li>Innhold: 2 sporstykker<\/li>\n<\/ul>\n<p>Historisk sett har modelljernbane v\u00e6rt en popul\u00e6r hobby for b\u00e5de unge og eldre. Den gir en unik mulighet til \u00e5 skape en egen verden i miniatyr, med tog som kj\u00f8rer p\u00e5 realistiske spor. Gauge H0 &#8211; Artikkel nr. 20360 Straight C Track tar denne opplevelsen til et nytt niv\u00e5, ved \u00e5 tilby spesialdesignede spor i h\u00f8y kvalitet.<\/p>\n<p>S\u00e5 uansett om du er en erfaren modelljernbaneentusiast, eller en nybegynner som akkurat har startet med hobbyen, er dette produktet et flott tillegg til samlingen din. Ikke vent, utvid din modelljernbane med Gauge H0 &#8211; Artikkel nr. 20360 Straight C Track i dag! Se v\u00e5rt utvalg og bestill n\u00e5.<\/p>","protected":false},"excerpt":{"rendered":"<p>Gauge H0 &#8211; Artikkel nr. 20360 Straight C Track er et essensielt tilbeh\u00f8r til modelljernbane. Med sin lengde p\u00e5 360 mm, er den ideell for utvidelse av ditt eksisterende jernbanesett.<\/p>","protected":false},"featured_media":8038,"comment_status":"open","ping_status":"closed","template":"","meta":[],"product_brand":[107],"product_cat":[72],"product_tag":[],"class_list":{"0":"post-8039","1":"product","2":"type-product","3":"status-publish","4":"has-post-thumbnail","6":"product_brand-marklin","7":"product_cat-marklin-h0-originalen","9":"first","10":"instock","11":"taxable","12":"shipping-taxable","13":"purchasable","14":"product-type-simple"},"_links":{"self":[{"href":"https:\/\/bigfunhobby.com\/sv\/wp-json\/wp\/v2\/product\/8039","targetHints":{"allow":["GET"]}}],"collection":[{"href":"https:\/\/bigfunhobby.com\/sv\/wp-json\/wp\/v2\/product"}],"about":[{"href":"https:\/\/bigfunhobby.com\/sv\/wp-json\/wp\/v2\/types\/product"}],"replies":[{"embeddable":true,"href":"https:\/\/bigfunhobby.com\/sv\/wp-json\/wp\/v2\/comments?post=8039"}],"wp:featuredmedia":[{"embeddable":true,"href":"https:\/\/bigfunhobby.com\/sv\/wp-json\/wp\/v2\/media\/8038"}],"wp:attachment":[{"href":"https:\/\/bigfunhobby.com\/sv\/wp-json\/wp\/v2\/media?parent=8039"}],"wp:term":[{"taxonomy":"product_brand","embeddable":true,"href":"https:\/\/bigfunhobby.com\/sv\/wp-json\/wp\/v2\/product_brand?post=8039"},{"taxonomy":"product_cat","embeddable":true,"href":"https:\/\/bigfunhobby.com\/sv\/wp-json\/wp\/v2\/product_cat?post=8039"},{"taxonomy":"product_tag","embeddable":true,"href":"https:\/\/bigfunhobby.com\/sv\/wp-json\/wp\/v2\/product_tag?post=8039"}],"curies":[{"name":"wp","href":"https:\/\/api.w.org\/{rel}","templated":true}]}}