{"id":8045,"date":"2025-03-08T17:14:32","date_gmt":"2025-03-08T17:14:32","guid":{"rendered":"https:\/\/bigfunhobby.com\/butikk\/gauge-h0-article-no-20672-right-curved-turnout\/"},"modified":"2025-12-04T10:59:25","modified_gmt":"2025-12-04T08:59:25","slug":"sparvidd-h0-artikelnr-20672-hogerbojd-vaxel","status":"publish","type":"product","link":"https:\/\/bigfunhobby.com\/sv\/butikk\/gauge-h0-article-no-20672-right-curved-turnout\/","title":{"rendered":"Sp\u00e5rvidd H0 - artikel nr 20672 H\u00f6gerb\u00f6jd v\u00e4xel"},"content":{"rendered":"<p>Sp\u00e5rvidd H0 - artikelnr 20672 H\u00f6gerb\u00f6jd v\u00e4xel \u00e4r ett utm\u00e4rkt val f\u00f6r alla som sysslar med modellj\u00e4rnv\u00e4gsbygge, oavsett om du \u00e4r nyb\u00f6rjare eller har mer erfarenhet. Den h\u00e4r h\u00f6gerb\u00f6jda v\u00e4xeln tar din modellj\u00e4rnv\u00e4g till n\u00e4sta niv\u00e5 och ger dig m\u00f6jlighet att skapa mer komplexa och intressanta sp\u00e5rlayouter.<\/p>\n<p><strong>Specifikationer:<\/strong><\/p>\n<ul>\n<li>Inre kurva: R1 = 360 mm \/ 14-3\/16\u2032 \/ 30\u00b0.<\/li>\n<li>Yttre kurva: 30\u00b0 med parallellt kurvavst\u00e5nd p\u00e5 77,5 mm \/ 3-1\/16\u2032.<\/li>\n<li>Kan eftermonteras med 74492 elektrisk sp\u00e5rv\u00e4xelmekanism<\/li>\n<\/ul>\n<p>Produkten levereras med en manuell handspak, vilket ger dig full kontroll \u00f6ver dina t\u00e5gr\u00f6relser. Om du vill ha \u00e4nnu mer bekv\u00e4mlighet har du ocks\u00e5 m\u00f6jlighet att eftermontera en 74492 elektrisk sp\u00e5rv\u00e4xel.<\/p>\n<p>Modellj\u00e4rnv\u00e4g \u00e4r en underbar hobby som kombinerar kreativitet, tekniska f\u00e4rdigheter och en k\u00e4rlek till t\u00e5g. Oavsett om du bygger en skalamodell av ett befintligt t\u00e5glandskap eller skapar din egen v\u00e4rld, kommer denna h\u00f6gerb\u00f6jda v\u00e4xel att ge dig fler alternativ f\u00f6r layout och design.<\/p>\n<p>S\u00e5 varf\u00f6r v\u00e4nta? Ta din modellj\u00e4rnv\u00e4g till n\u00e4sta niv\u00e5 med Gauge H0 - Art.nr. 20672 H\u00f6gerb\u00f6jd v\u00e4xel. Best\u00e4ll nu och b\u00f6rja expandera din modellj\u00e4rnv\u00e4gsv\u00e4rld redan idag!<\/p>","protected":false},"excerpt":{"rendered":"<p>Sp\u00e5rvidd H0 - artikelnr 20672 H\u00f6gerb\u00f6jd v\u00e4xel \u00e4r ett perfekt komplement till din modellj\u00e4rnv\u00e4g, med en manuell handspak och m\u00f6jlighet att eftermontera en elektrisk v\u00e4xelmekanism.<\/p>","protected":false},"featured_media":8044,"comment_status":"open","ping_status":"closed","template":"","meta":[],"product_brand":[107],"product_cat":[72],"product_tag":[],"class_list":{"0":"post-8045","1":"product","2":"type-product","3":"status-publish","4":"has-post-thumbnail","6":"product_brand-marklin","7":"product_cat-marklin-h0-originalen","9":"first","10":"instock","11":"taxable","12":"shipping-taxable","13":"purchasable","14":"product-type-simple"},"_links":{"self":[{"href":"https:\/\/bigfunhobby.com\/sv\/wp-json\/wp\/v2\/product\/8045","targetHints":{"allow":["GET"]}}],"collection":[{"href":"https:\/\/bigfunhobby.com\/sv\/wp-json\/wp\/v2\/product"}],"about":[{"href":"https:\/\/bigfunhobby.com\/sv\/wp-json\/wp\/v2\/types\/product"}],"replies":[{"embeddable":true,"href":"https:\/\/bigfunhobby.com\/sv\/wp-json\/wp\/v2\/comments?post=8045"}],"wp:featuredmedia":[{"embeddable":true,"href":"https:\/\/bigfunhobby.com\/sv\/wp-json\/wp\/v2\/media\/8044"}],"wp:attachment":[{"href":"https:\/\/bigfunhobby.com\/sv\/wp-json\/wp\/v2\/media?parent=8045"}],"wp:term":[{"taxonomy":"product_brand","embeddable":true,"href":"https:\/\/bigfunhobby.com\/sv\/wp-json\/wp\/v2\/product_brand?post=8045"},{"taxonomy":"product_cat","embeddable":true,"href":"https:\/\/bigfunhobby.com\/sv\/wp-json\/wp\/v2\/product_cat?post=8045"},{"taxonomy":"product_tag","embeddable":true,"href":"https:\/\/bigfunhobby.com\/sv\/wp-json\/wp\/v2\/product_tag?post=8045"}],"curies":[{"name":"wp","href":"https:\/\/api.w.org\/{rel}","templated":true}]}}